{"id":94,"date":"2024-03-30T07:11:36","date_gmt":"2024-03-30T07:11:36","guid":{"rendered":"https:\/\/bff.travelblox.eu\/?page_id=94"},"modified":"2026-04-01T19:13:14","modified_gmt":"2026-04-01T19:13:14","slug":"philosophie","status":"publish","type":"page","link":"https:\/\/bff.travelblox.eu\/fr\/philosophie\/","title":{"rendered":"\u00c0 propos de nous"},"content":{"rendered":"<div class=\"tb-header tb-block align-center background-dark pattern-none variant-none\" id=\"header\" data-fallback-background=\"https:\/\/bff.travelblox.eu\/wp-content\/uploads\/sites\/99\/2024\/04\/NAN23_Manon_HR-49-1024x683-1.jpg\" style=\"background-image: url('https:\/\/bff.travelblox.eu\/wp-content\/uploads\/sites\/99\/2024\/04\/NAN23_Manon_HR-49-1024x683-1.jpg'); background-position:;\">\n    <div class=\"tb-header-foreground\">\n        <div class=\"inner-block\">\n\n            <div class=\"main-part\">\n                <div class=\"text-part\">\n                                            <p>Notre philosophie<\/p>\n                                                                <h1 class=\"tb-title\">L'Effet Papillon<\/h1>\n                                                                <h2 class=\"tb-subtitle\">\t\t<div class=\"translation-block\"><p>Ce sont les petites modifications progressives au fil du temps...<\/p><\/div>\n\t<\/h2>\n                                                                                                                                <div class=\"tb-buttons-part\">\n                                                            \t\t<a href=\"#effet-papillon\"  target=\"\" class=\"tb-button\">\n\t\t\tLe pouvoir du 1% \ud83e\udd8b\t\t<\/a>\n\t\t                                                                                        \t\t<a href=\"#values\"  target=\"\" class=\"tb-buttonlink\">\n\t\t\tNos valeurs\t\t<\/a>\n\t\t                                                    <\/div>\n                                                        <\/div>\n            <\/div>\n            \t\t<a href=\"#\" class=\"scroll-down-button\">\n\t\t\t<i class=\"fa fa-arrow-down\"><\/i>\n\t\t<\/a>\n\t\n                    <\/div>\n    <\/div>\n\n    \n    \n<\/div>\n\n\n<div class=\"tb-leadtext tb-block align-center background-light pattern-none variant-none tb-collapsible-margins\" id=\"leadtext\">\n\t<div class=\"inner-block tb-fade-in tb-fade-in--subtle\">\n\t\t<div class=\"text-part\">\n\t\t\t\t\t<div class=\"translation-block\"><p>Notre mission est de <strong>maximiser l'impact positif des voyages<\/strong>.<br \/>Notre vision est d'embarquer <strong>l'ensemble de l'industrie du voyage<\/strong> dans notre histoire.<\/p><\/div>\n\t\t\t<\/div>\n\t<\/div>\n<\/div>\n\n\n\n<div class=\"tb-textimage2 tb-block align-center background-light pattern-custom variant-text_first tb-collapsible-margins\" id=\"butterfly-effect\" style=\"background-image: url(http:\/\/wa.travelblox.eu\/wp-content\/uploads\/sites\/75\/2024\/01\/Coming-Soon-1.png)\">\n\t<div class=\"inner-block tb-fade-in\">\n\n\t\t\n\t\t<div class=\"tb-columns\">\n\t\t\t<div class=\"tb-column\">\n\t\t\t\t<div class=\"tb-text-part\">\n\t\t\t\t\t<h2>Le pouvoir du 1%<\/h2>\n\t\t\t\t\t\t\t<div class=\"translation-block\"><p>Cr\u00e9er des exp\u00e9riences de voyage uniques et des souvenirs inoubliables se fait souvent au d\u00e9triment de la plan\u00e8te ou des communaut\u00e9s locales.<\/p>\n<p>La Butterfly Foundation veut montrer que le fait de \u00ab voyager \u00bb peut aussi \u00eatre utilis\u00e9 comme un outil contre la crise climatique et pour avoir un <strong>impact encore plus positif<\/strong> sur l'<strong>\u00eatre humain et l'environnement<\/strong>.<\/p>\n<p>Tout comme un papillon qui bat des ailes provoque un tourbillon de l'autre c\u00f4t\u00e9 du globe, de petits changements positifs - souvent invisibles - engendrent une \u00e9norme impact positif \u00e0 long terme. C'est la puissance de <em>The Butterfly Effect<\/em>.<\/p><\/div>\n\t\t\t\t\t\t\t\t\t\t\t<div class=\"tb-buttons-part\">\n\t\t\t\t\t\t\t\t<a href=\"#values\"  target=\"\" class=\"tb-button\">\n\t\t\tNos valeurs\t\t<\/a>\n\t\t\t\t\t\t\t\t\t\t\t\t\t<\/div>\n\t\t\t\t<\/div>\n\t\t\t<\/div>\n\t\t\t<div class=\"tb-column\">\n\t\t\t\t\t\t\t\t\t\t\t\t\t\t\t<div class=\"tb-image-part\">\n\t\t\t\t\t\t\t<img src='https:\/\/bff.travelblox.eu\/wp-content\/uploads\/sites\/99\/2024\/03\/PRT23_MaxKaandorp_LR-26-scaled-1-e1712409936262-768x615.jpg' width='768' height='615' loading='lazy' image_size='medium_large'>\t\t\t\t\t\t<\/div>\n\t\t\t\t\t\t\t\t\t\t\t\t<\/div>\n\t\t<\/div>\n\t<\/div>\n<\/div>\n\n\n<div class=\"tb-quoteparallax tb-block align-center background-dark pattern-none variant-text_on_image\" id=\"quoteparallax\" style=\"background-image: url('https:\/\/bff.travelblox.eu\/wp-content\/uploads\/sites\/99\/2024\/04\/TKT23_MICHIELANNAERT_HR-47-2048x1152-1.jpg');\">\n\t\t<div class=\"inner-block tb-fade-in tb-fade-in--subtle\">\n\t\t\t\t\t<div class=\"text-part\">\n\t\t\t\t<h2>Notre pouvoir de changement est immense. Des plus petits gestes naissent les plus grandes m\u00e9tamorphoses.<\/h2>\n\t\t\t\t\t\t<div class=\"translation-block\"><p>L'effet papillon<\/p><\/div>\n\t\t\t\t\t\t\t\t<\/div>\n\t\t\t\t\t<\/div>\n<\/div>\n\n\n\n<div class=\"tb-howtogetthere tb-block align-none background-light pattern-custom variant-none tb-collapsible-margins\" id=\"values\" style=\"background-image: url(http:\/\/wa.travelblox.eu\/wp-content\/uploads\/sites\/75\/2024\/01\/Blank-white.png)\">\n\t<div class=\"inner-block tb-fade-in tb-fade-in--subtle\">\n\t\t<div class=\"text-part\">\n\t\t\t<h2>Le Trio \u00e0 suivre !<\/h2>\n\t\t\t\t\t<div class=\"translation-block\"><p>La plan\u00e8te &#8211; les gens &#8211; le profit sont indissociablement li\u00e9s. Cr\u00e9er un impact positif sur l'<strong>environnement<\/strong> a automatiquement un effet positif sur les <strong>gens<\/strong> et l'<strong>\u00e9conomie<\/strong>.<\/p><\/div>\n\t\t\t\t\t\t<\/div>\n\t<\/div>\n\t\t\t<div class=\"inner-block tb-fade-in tb-fade-in--subtle\">\n\t\t\t\t\t\t\t<div class=\"tb-sections\">\n\t\t\t\t\t\t\t\t\t\t\t\t\t\t\t\t\t\t<div class=\"tb-section entries\" id=\"values-section-0\">\n\t\t\t\t\t\t\t\t\t\t\t\t\t\t\t\t\t<div class=\"entry\">\n\t\t\t\t\t\t\t\t\t\t\t\t\t\t<i class=\"icon fa-solid fa-earth-americas\" aria-hidden=\"true\"><\/i>\n\t\t\t\t\t\t\t\t\t\t\t\t\t<div class=\"text-part\">\n\t\t\t\t\t\t\t\t\t\t\t<h4>Plan\u00e8te<\/h4>\n\t\t\t\t\t\t\t\t\t\t\t\t\t<div class=\"translation-block\"><p>Aidons-nous \u00e0 prot\u00e9ger les \u00e9cosyst\u00e8mes locaux et \u00e0 \u00e9viter que la crise climatique ne s'aggrave ? <a href=\"https:\/\/bff.travelblox.eu\/fr\/responsibility\/#planet\" rel=\"noopener\">En savoir plus sur Planet<\/a><\/p><\/div>\n\t\t\t\t\t\t\t\t\t\t\t<\/div>\n\t\t\t\t\t\t\t\t\t<\/div>\n\t\t\t\t\t\t\t\t\t\t\t\t\t\t\t\t\t<div class=\"entry\">\n\t\t\t\t\t\t\t\t\t\t\t\t\t\t<i class=\"icon fa-solid fa-person-hiking\" aria-hidden=\"true\"><\/i>\n\t\t\t\t\t\t\t\t\t\t\t\t\t<div class=\"text-part\">\n\t\t\t\t\t\t\t\t\t\t\t<h4>Personnes<\/h4>\n\t\t\t\t\t\t\t\t\t\t\t\t\t<div class=\"translation-block\"><p>Avons-nous pens\u00e9 \u00e0 notre impact social, pas seulement sur les clients ou les partenaires, mais sur la soci\u00e9t\u00e9 en g\u00e9n\u00e9ral ? <a href=\"https:\/\/bff.travelblox.eu\/fr\/responsibility\/#people\" rel=\"noopener\">En savoir plus sur People<\/a><\/p><\/div>\n\t\t\t\t\t\t\t\t\t\t\t<\/div>\n\t\t\t\t\t\t\t\t\t<\/div>\n\t\t\t\t\t\t\t\t\t\t\t\t\t\t\t\t\t<div class=\"entry\">\n\t\t\t\t\t\t\t\t\t\t\t\t\t\t<i class=\"icon fa-solid fa-coins\" aria-hidden=\"true\"><\/i>\n\t\t\t\t\t\t\t\t\t\t\t\t\t<div class=\"text-part\">\n\t\t\t\t\t\t\t\t\t\t\t<h4>Prosp\u00e9rit\u00e9<\/h4>\n\t\t\t\t\t\t\t\t\t\t\t\t\t<div class=\"translation-block\"><p>Est-ce que \u00e7a rapporte? Tout ce que nous faisons est-il financi\u00e8rement avantageux avec la technologie et les ressources disponibles? <a href=\"https:\/\/bff.travelblox.eu\/fr\/#numbers\">En savoir plus sur le Profit<\/a><\/p><\/div>\n\t\t\t\t\t\t\t\t\t\t\t<\/div>\n\t\t\t\t\t\t\t\t\t<\/div>\n\t\t\t\t\t\t\t\t\t\t\t\t\t\t\t<\/div>\n\t\t\t\t\t\t\t\t\t\t\t\t\t\t\t<\/div>\n\t\t\t\t\t<\/div>\n\t<\/div>\n\n\n<div class=\"tb-textimage2 tb-block align-center background-light pattern-custom variant-text_first tb-collapsible-margins\" id=\"elephant\" style=\"background-image: url(http:\/\/wa.travelblox.eu\/wp-content\/uploads\/sites\/75\/2024\/01\/Blank.png)\">\n\t<div class=\"inner-block tb-fade-in\">\n\n\t\t\n\t\t<div class=\"tb-columns\">\n\t\t\t<div class=\"tb-column\">\n\t\t\t\t<div class=\"tb-text-part\">\n\t\t\t\t\t<h2>Parlons franchement !<\/h2>\n\t\t\t\t\t\t\t<div class=\"translation-block\"><p>En 2023, 1,3 milliard de personnes ont voyag\u00e9 vers tous les coins du monde, et la demande pour des voyages toujours plus \u00e9loign\u00e9s et profonds <em>hors des sentiers battus<\/em> augmente d'ann\u00e9e en ann\u00e9e. Voyager est in\u00e9vitablement li\u00e9 \u00e0 une forte \u00e9mission de CO\u2082 et \u00e0 un impact important sur les \u00e9cosyst\u00e8mes locaux et les communaut\u00e9s sociales.<\/p>\n<p>Avec la <strong>gigantesque empreinte de l'industrie du voyage<\/strong> en t\u00eate, il reste encore un long chemin \u00e0 parcourir. Rendre cette industrie 100% responsable est un d\u00e9fi titanesque, mais le voyage vers un changement positif est plus important que la destination.<\/p>\n<p>En tant que groupe de personnes qui aiment voyager, nous voulons montrer que nous \u2013 malgr\u00e9 toutes nos imperfections \u2013 reconnaissons notre impact n\u00e9gatif et nos responsabilit\u00e9s soci\u00e9tales et sociales. Et quand nous osons assumer ces responsabilit\u00e9s, on se rend vite compte que leur effet \u2013 \u00e0 n'importe quelle \u00e9chelle \u2013 est toujours positif et progressif. <strong>Des petites actions se cumulent.<\/strong><\/p><\/div>\n\t\t\t\t\t\t\t\t\t\t\t<div class=\"tb-buttons-part\">\n\t\t\t\t\t\t\t\t<a href=\"#rejoindre\"  target=\"\" class=\"tb-button\">\n\t\t\tComment participer ?\t\t<\/a>\n\t\t\t\t\t\t\t\t\t\t<a href=\"https:\/\/travelbase.fr\/blog\/voyage-durable-comment-voyager-plus-ecologique\/\"  target=\"_blank\" class=\"tb-buttonlink\">\n\t\t\tNos conseils pour voyager durablement\t\t<\/a>\n\t\t\t\t\t\t\t<\/div>\n\t\t\t\t<\/div>\n\t\t\t<\/div>\n\t\t\t<div class=\"tb-column\">\n\t\t\t\t\t\t\t\t\t\t\t\t\t\t\t<div class=\"tb-image-part\">\n\t\t\t\t\t\t\t<img src='https:\/\/bff.travelblox.eu\/wp-content\/uploads\/sites\/99\/2024\/04\/NAN23_MANON_LR-67-1-1024x684-1-768x513.jpg' width='768' height='513' loading='lazy' image_size='medium_large'>\t\t\t\t\t\t<\/div>\n\t\t\t\t\t\t\t\t\t\t\t\t<\/div>\n\t\t<\/div>\n\t<\/div>\n<\/div>\n\n\n<div class=\"tb-quoteparallax tb-block align-center background-dark pattern-none variant-text_in_box\" id=\"join\" style=\"background-image: url('https:\/\/bff.travelblox.eu\/wp-content\/uploads\/sites\/99\/2024\/04\/TKT23_MICHIELANNAERT_HR-4-768x1024-1.jpg');\">\n\t\t<div class=\"inner-block tb-fade-in tb-fade-in--subtle\">\n\t\t\t\t\t<div class=\"text-part\">\n\t\t\t\t<h2>Comment nous rejoindre ?<\/h2>\n\t\t\t\t\t\t<div class=\"translation-block\"><p>Es-tu un particulier, un influenceur ou une organisation qui se bat pour un avenir meilleur ? Fais un pacte avec nous en tant que <strong>BFF<\/strong>&nbsp;<em>(= ButterFly Friend)<\/em> en <strong>investissant dans le bien-\u00eatre de la plan\u00e8te<\/strong> et de toute sa vie gr\u00e2ce \u00e0 un don unique, mensuel ou annuel.<\/p>\n<p><em>C'est tout simplement le bon choix<\/em>&#8230;<\/p>\n<p>Ou bien, es-tu une organisation \u00e0 but non lucratif \u00e0 la recherche de soutien pour ton projet ou as-tu besoin d'aide en tant que groupe d'activistes pour atteindre ta mission ? Rejoins-nous en tant que partenaire.<\/p><\/div>\n\t\t\t\t\t\t\t\t\t\t<div class=\"tb-buttons-part\">\n\t\t\t\t\t\t\t\t<a href=\"https:\/\/bff.travelblox.eu\/fr\/action\/#bff\"  target=\"\" class=\"tb-button\">\n\t\t\tDevenez Best Friends de la Fondation (BFF).\t\t<\/a>\n\t\t\t\t\t\t\t\t\t\t<a href=\"https:\/\/bff.travelblox.eu\/fr\/action\/#partner\"  target=\"\" class=\"tb-buttonlink\">\n\t\t\tDevenir partenaire\t\t<\/a>\n\t\t\t\t\t\t\t<\/div>\n\t\t\t\t\t\t\t<\/div>\n\t\t\t\t\t<\/div>\n<\/div>\n\n\n\n<div class=\"tb-textimage2 tb-block align-center background-dark pattern-default variant-image_first tb-collapsible-margins\" id=\"history\">\n\t<div class=\"inner-block tb-fade-in\">\n\n\t\t\n\t\t<div class=\"tb-columns\">\n\t\t\t<div class=\"tb-column\">\n\t\t\t\t<div class=\"tb-text-part\">\n\t\t\t\t\t<h2>Histoire<\/h2>\n\t\t\t\t\t\t\t<div class=\"translation-block\"><p>La Butterfly Foundation a \u00e9t\u00e9 fond\u00e9e en 2024 par <a href=\"https:\/\/travelbase.eu\">Travelbase<\/a>, une organisation en pleine expansion avec plus de 20 marques de voyage et communaut\u00e9s uniques, sp\u00e9cialis\u00e9e dans les voyages nature et d'aventure. En tant qu'agence de voyage, limiter l'impact \u00e9cologique demande plus que de bonnes intentions \u2013 cela n\u00e9cessite <strong>des actions concr\u00e8tes<\/strong>.<\/p>\n<p>Actuellement, Travelbase est responsable de la majorit\u00e9 du financement de la Butterfly Foundation. Travelbase fait don de <strong>1% du chiffre d'affaires<\/strong> de ses unit\u00e9s commerciales financi\u00e8rement saines <strong>\u00e0 la Butterfly Foundation<\/strong>. Lorsque tu r\u00e9serves un voyage avec Travelbase, tu soutiens \u00e9galement la Butterfly Foundation, qui distribue ces fonds \u00e0 des organisations \u00e0 but non lucratif li\u00e9es \u00e0 ta destination de voyage. Ainsi, tout en explorant le monde, tu contribues aussi \u00e0 un secteur du voyage plus durable.<\/p>\n<p>En plus des contributions de Travelbase, la Butterfly Foundation compte \u00e9galement sur des dons ponctuels et des soutiens mensuels \u2013 nos BFFs (<em>Butterfly Friends<\/em>) \u2013 qui aident \u00e0 r\u00e9aliser des changements durables et significatifs.<\/p><\/div>\n\t\t\t\t\t\t\t\t\t\t\t<div class=\"tb-buttons-part\">\n\t\t\t\t\t\t\t\t<a href=\"https:\/\/travelbase.eu\/duurzaamheid\/\"  target=\"_blank\" class=\"tb-button\">\n\t\t\tComment participer ?\t\t<\/a>\n\t\t\t\t\t\t\t\t\t\t\t\t\t<\/div>\n\t\t\t\t<\/div>\n\t\t\t<\/div>\n\t\t\t<div class=\"tb-column\">\n\t\t\t\t\t\t\t\t\t\t\t\t\t\t\t<div class=\"tb-image-part\">\n\t\t\t\t\t\t\t<img src='https:\/\/bff.travelblox.eu\/wp-content\/uploads\/sites\/99\/2024\/06\/9035fac9-52e3-4556-8e4e-c67da489ebb6-768x575.jpeg' width='768' height='575' alt='Greentripper' loading='lazy' image_size='medium_large'>\t\t\t\t\t\t<\/div>\n\t\t\t\t\t\t\t\t\t\t\t\t<\/div>\n\t\t<\/div>\n\t<\/div>\n<\/div>\n\n\n<div class=\"tb-team tb-block align-center background-light pattern-custom variant-none tb-collapsible-margins\" id=\"team\" style=\"background-image: url(http:\/\/wa.travelblox.eu\/wp-content\/uploads\/sites\/75\/2024\/01\/Coming-Soon-1.png)\">\n\t<div class=\"inner-block tb-fade-in tb-fade-in--subtle\">\n\t\t<div class=\"text-part\">\n\t\t\t<h2>L'\u00e9quipe<\/h2>\n\t\t\t\t\t<div class=\"translation-block\"><p>Notre \u00e9quipe se compose de deux chefs de projet et de personnes d\u00e9termin\u00e9es, passionn\u00e9es par <em>l'engagement<\/em>. Ensemble, ils utilisent au mieux les euros qui arrivent \u00e0 la Butterfly Foundation pour cr\u00e9er un impact positif aussi grand que possible.<\/p><\/div>\n\t\t\t<\/div>\n\t<\/div>\n\t\t\t\t\t<div class=\"inner-block-full-width has-tb-carousel\" >\n\t\t\t<div class=\"tb-carousel-container\">\n\t\t\t\t<div class=\"entries tb-cards\" data-slider-first=\"1\">\n\t\t\t\t\t\t\t\t\t<div class=\"tb-card entry\" style=\"background-image: url('https:\/\/bff.travelblox.eu\/wp-content\/uploads\/sites\/99\/2024\/04\/harry-1-e1772790250937-1022x1024.jpg')\">\n\t\t\t\t<label for=\"tb-team-read-more-block_s99__p94__team-0\" class=\"tb-team__card-label\">\n\t\t\t\t\t<div class=\"overlay\"><\/div>\n\t\t\t\t\t<div class=\"overlay overlay--extra\"><\/div>\n\t\t\t\t\t<div class=\"content\">\n\t\t\t\t\t\t<div class=\"tb-team__card-titles\">\n\t\t\t\t\t\t\t<h3>Harry<\/h3>\n\t\t\t\t\t\t\t\t\t\t\t\t\t\t\t<p>Fondateur et PDG<\/p>\n\t\t\t\t\t\t\t\t\t\t\t\t\t<\/div>\n\t\t\t\t\t\t\t\t\t\t\t\t\t<div class=\"extra-content\">\n\t\t\t\t\t\t\t\t<p>Utilisons les voyages comme un outil pour aborder les probl\u00e8mes mondiaux et les in\u00e9galit\u00e9s actuelles. Anim\u00e9 par une ambition morale, j'aime contribuer \u00e0 faire la diff\u00e9rence, d'abord autour de moi, puis \u00e0 plus grande \u00e9chelle.<\/p>\n\t\t\t\t\t\t\t<\/div>\n\t\t\t\t\t\t\t\t\t\t\t<\/div>\n\t\t\t\t\t<input type=\"checkbox\" class=\"tb-team__card-checkbox\" id=\"tb-team-read-more-block_s99__p94__team-0\">\n\t\t\t\t<\/label>\n\t\t\t<\/div>\n\t\t\t\t\t<div class=\"tb-card entry\" style=\"background-image: url('https:\/\/bff.travelblox.eu\/wp-content\/uploads\/sites\/99\/2024\/04\/Untitled-design-5-576x1024.jpg')\">\n\t\t\t\t<label for=\"tb-team-read-more-block_s99__p94__team-1\" class=\"tb-team__card-label\">\n\t\t\t\t\t<div class=\"overlay\"><\/div>\n\t\t\t\t\t<div class=\"overlay overlay--extra\"><\/div>\n\t\t\t\t\t<div class=\"content\">\n\t\t\t\t\t\t<div class=\"tb-team__card-titles\">\n\t\t\t\t\t\t\t<h3>Pieter<\/h3>\n\t\t\t\t\t\t\t\t\t\t\t\t\t\t\t<p>Directeur financier<\/p>\n\t\t\t\t\t\t\t\t\t\t\t\t\t<\/div>\n\t\t\t\t\t\t\t\t\t\t\t<\/div>\n\t\t\t\t\t<input type=\"checkbox\" class=\"tb-team__card-checkbox\" id=\"tb-team-read-more-block_s99__p94__team-1\">\n\t\t\t\t<\/label>\n\t\t\t<\/div>\n\t\t\t\t\t\t\t\t<\/div>\n\t\t\t\t\t\t<div class=\"tb-carousel-nav\">\n\t\t\t<div class=\"dots\">\n\t\t\t\t<div class=\"dot active\"><\/div>\n\t\t\t\t<div class=\"dot\"><\/div>\n\t\t\t\t<div class=\"dot\"><\/div>\n\t\t\t<\/div>\n\t\t\t<div class=\"arrows\">\n\t\t\t\t<div class=\"prev disabled\">\n\t\t\t\t\t<span><i class=\"fa fa-chevron-left\"><\/i><\/span>\n\t\t\t\t<\/div>\n\t\t\t\t<div class=\"next\">\n\t\t\t\t\t<span><i class=\"fa fa-chevron-right\"><\/i><\/span>\n\t\t\t\t<\/div>\n\t\t\t<\/div>\n\t\t<\/div>\n\t\t\t\t<\/div>\n\t\t<\/div>\n\t\t\t\t\t<div class=\"tb-team__extra inner-block tb-fade-in tb-fade-in--subtle\">\n\t\t\t<div class=\"text-part\">\n\t\t\t\t<h3>Une question concernant la Butterfly Foundation ?<\/h3>\n\t\t\t\t\t\t<div class=\"translation-block\"><p>N'h\u00e9site pas \u00e0 nous envoyer un e-mail, nous serons ravis de t'aider !<\/p><\/div>\n\t\t\t\t\t<div class=\"tb-buttons-part\">\n\t\t\t\t\t\t\t<a href=\"mailto:info@butterfly-foundation.org\"  target=\"_blank\" class=\"tb-button\">\n\t\t\tNous poser une question\t\t<\/a>\n\t\t\t\t\t\t<\/div>\n\t\t\t<\/div>\n\t\t<\/div>\n\t<\/div>","protected":false},"excerpt":{"rendered":"","protected":false},"author":48,"featured_media":332,"parent":0,"menu_order":0,"comment_status":"closed","ping_status":"closed","template":"","meta":{"_acf_changed":false,"inline_featured_image":false,"footnotes":""},"class_list":["post-94","page","type-page","status-publish","has-post-thumbnail","hentry"],"acf":{"page_package_ids":"","is_main_package_page":false,"additional_linked_packages":[],"feed_page_to_atlas":true},"_links":{"self":[{"href":"https:\/\/bff.travelblox.eu\/fr\/wp-json\/wp\/v2\/pages\/94","targetHints":{"allow":["GET"]}}],"collection":[{"href":"https:\/\/bff.travelblox.eu\/fr\/wp-json\/wp\/v2\/pages"}],"about":[{"href":"https:\/\/bff.travelblox.eu\/fr\/wp-json\/wp\/v2\/types\/page"}],"author":[{"embeddable":true,"href":"https:\/\/bff.travelblox.eu\/fr\/wp-json\/wp\/v2\/users\/48"}],"replies":[{"embeddable":true,"href":"https:\/\/bff.travelblox.eu\/fr\/wp-json\/wp\/v2\/comments?post=94"}],"version-history":[{"count":50,"href":"https:\/\/bff.travelblox.eu\/fr\/wp-json\/wp\/v2\/pages\/94\/revisions"}],"predecessor-version":[{"id":2569,"href":"https:\/\/bff.travelblox.eu\/fr\/wp-json\/wp\/v2\/pages\/94\/revisions\/2569"}],"wp:featuredmedia":[{"embeddable":true,"href":"https:\/\/bff.travelblox.eu\/fr\/wp-json\/wp\/v2\/media\/332"}],"wp:attachment":[{"href":"https:\/\/bff.travelblox.eu\/fr\/wp-json\/wp\/v2\/media?parent=94"}],"curies":[{"name":"wp","href":"https:\/\/api.w.org\/{rel}","templated":true}]}}