{"id":326,"date":"2024-04-06T14:59:30","date_gmt":"2024-04-06T14:59:30","guid":{"rendered":"https:\/\/bff.travelblox.eu\/?page_id=326"},"modified":"2025-10-08T12:22:47","modified_gmt":"2025-10-08T12:22:47","slug":"action","status":"publish","type":"page","link":"https:\/\/bff.travelblox.eu\/fr\/action\/","title":{"rendered":"Agissons."},"content":{"rendered":"<div class=\"tb-header tb-block align-center background-dark pattern-none variant-none\" id=\"donate\" data-fallback-background=\"https:\/\/bff.travelblox.eu\/wp-content\/uploads\/sites\/99\/2024\/04\/MBT-photos-for-Travelbase-39-1463x2048-1.jpeg\" style=\"background-image: url('https:\/\/bff.travelblox.eu\/wp-content\/uploads\/sites\/99\/2024\/04\/MBT-photos-for-Travelbase-39-1463x2048-1.jpeg'); background-position:;\">\n    <div class=\"tb-header-foreground\">\n        <div class=\"inner-block\">\n\n            <div class=\"main-part\">\n                <div class=\"text-part\">\n                                            <p>Agissez d\u00e8s aujourd'hui.<\/p>\n                                                                <h1 class=\"tb-title\">De petits gestes, multipli\u00e9s par des millions de personnes, peuvent changer le monde<\/h1>\n                                                                                                                                                    <div class=\"tb-buttons-part\">\n                                                            \t\t<a href=\"#donate-now\"  target=\"\" class=\"tb-button\">\n\t\t\tFaites un don maintenant\t\t<\/a>\n\t\t                                                                                        \t\t<a href=\"#bff\"  target=\"\" class=\"tb-buttonlink\">\n\t\t\tProgramme d'adh\u00e9sion\t\t<\/a>\n\t\t                                                    <\/div>\n                                                        <\/div>\n            <\/div>\n            \t\t<a href=\"#\" class=\"scroll-down-button\">\n\t\t\t<i class=\"fa fa-arrow-down\"><\/i>\n\t\t<\/a>\n\t\n                    <\/div>\n    <\/div>\n\n    \n    \n<\/div>\n\n\n<div class=\"tb-numbers tb-block align-center background-light pattern-none variant-none tb-collapsible-margins\" id=\"donate-now\">\n\t\t\t<div class=\"inner-block tb-fade-in tb-fade-in--subtle\">\n\t\t\t<div class=\"text-part\">\n\t\t\t\t<h2 class=\"title\">L'action collective fait la diff\u00e9rence.<\/h2>\n\t\t\t\t\t\t<div class=\"translation-block\"><p>En faisant un don \u00e0 la Butterfly Foundation, vous investissez dans un avenir o\u00f9 le voyage responsable devient la norme. Votre contribution renforce notre r\u00e9seau et augmente notre impact \u00e0 travers le monde. Vous pouvez choisir le montant que vous souhaitez donner via les liens ci-dessous, ou effectuer une contribution libre.<\/p><\/div>\n\t\t\t\t<\/div>\n\t\t<\/div>\n\t\t<div class=\"inner-block\">\n\t\t<div class=\"tb-transparent tb-grid-container\">\n\t\t\t<div class=\"tb-cards\">\n\t\t\t\t\t\t\t\t\t<div class=\"tb-card\">\n\t\t\t\t\t\t<div class=\"tb-card-content\">\n\t\t\t\t\t\t\t\t\t\t\t<i class=\"icon fa-solid fa-euro-sign\" aria-hidden=\"true\"><\/i>\n\t\t\t\t\t\t\t\t\t\t\t\t\t\t\t\t\t\t<div class=\"number\" data-target=\"20\">20<\/div>\n\t\t\t\t\t\t\t\t\t\t\t\t\t\t<div class=\"content\">\n\t\t\t\t\t\t\t\t\t\t<div class=\"translation-block\"><p><a href=\"https:\/\/paymentlink.mollie.com\/payment\/rmLoPTyH6A59eWYHOF39N\/\" target=\"_blank\">Faire un don de 20 \u20ac maintenant<\/a><\/p><p>&nbsp;<\/p><\/div>\n\t\t\t\t\t\t\t\t<\/div>\n\t\t\t\t\t\t<\/div>\n\t\t\t\t\t<\/div>\n\t\t\t\t\t\t\t\t\t<div class=\"tb-card\">\n\t\t\t\t\t\t<div class=\"tb-card-content\">\n\t\t\t\t\t\t\t\t\t\t\t<i class=\"icon fa-solid fa-euro-sign\" aria-hidden=\"true\"><\/i>\n\t\t\t\t\t\t\t\t\t\t\t\t\t\t\t\t\t\t<div class=\"number\" data-target=\"50\">50<\/div>\n\t\t\t\t\t\t\t\t\t\t\t\t\t\t<div class=\"content\">\n\t\t\t\t\t\t\t\t\t\t<div class=\"translation-block\"><p><a href=\"https:\/\/paymentlink.mollie.com\/payment\/HiLnwrCGSwS63wdFledb2\/\" target=\"_blank\">Faire un don de 50 \u20ac maintenant<\/a><\/p><\/div>\n\t\t\t\t\t\t\t\t<\/div>\n\t\t\t\t\t\t<\/div>\n\t\t\t\t\t<\/div>\n\t\t\t\t\t\t\t\t\t<div class=\"tb-card\">\n\t\t\t\t\t\t<div class=\"tb-card-content\">\n\t\t\t\t\t\t\t\t\t\t\t<i class=\"icon fa-solid fa-euro-sign\" aria-hidden=\"true\"><\/i>\n\t\t\t\t\t\t\t\t\t\t\t\t\t\t\t\t\t\t<div class=\"number\" data-target=\"100\">100<\/div>\n\t\t\t\t\t\t\t\t\t\t\t\t\t\t<div class=\"content\">\n\t\t\t\t\t\t\t\t\t\t<div class=\"translation-block\"><p><a href=\"https:\/\/paymentlink.mollie.com\/payment\/UIqxPYHukfewcRctE5DTf\/\" target=\"_blank\">Faire un don de 100 \u20ac maintenant<\/a><\/p><\/div>\n\t\t\t\t\t\t\t\t<\/div>\n\t\t\t\t\t\t<\/div>\n\t\t\t\t\t<\/div>\n\t\t\t\t\t\t\t\t\t<div class=\"tb-card\">\n\t\t\t\t\t\t<div class=\"tb-card-content\">\n\t\t\t\t\t\t\t\t\t\t\t<i class=\"icon fa-solid fa-euro-sign\" aria-hidden=\"true\"><\/i>\n\t\t\t\t\t\t\t\t\t\t\t\t\t\t\t\t\t\t<div class=\"number\" data-target=\"000\">000<\/div>\n\t\t\t\t\t\t\t\t\t\t\t\t\t\t<div class=\"content\">\n\t\t\t\t\t\t\t\t\t\t<div class=\"translation-block\"><p><a href=\"https:\/\/payment-links.mollie.com\/payment\/x92PREFRAGPDCVQvxY4sp\" target=\"_blank\" rel=\"noopener\">Faites un don libre<\/a><\/p>\n<p>&nbsp;<\/p><\/div>\n\t\t\t\t\t\t\t\t<\/div>\n\t\t\t\t\t\t<\/div>\n\t\t\t\t\t<\/div>\n\t\t\t\t\t\t\t<\/div>\n\t\t<\/div>\n\t<\/div>\n\t\t\t<div class=\"inner-block tb-fade-in tb-fade-in--subtle\">\n\t\t\t<div class=\"text-part\">\n\t\t\t\t\t\t<div class=\"translation-block\"><\/div>\n\t\t\t\t\t<div class=\"tb-buttons-part\">\n\t\t\t\t\t\t\t<a href=\"#bff\"  target=\"\" class=\"tb-button\">\n\t\t\tFaire un don mensuel ou annuel.\t\t<\/a>\n\t\t\t\t\t\t<\/div>\n\t\t\t<\/div>\n\t\t<\/div>\n\t<\/div>\n\n\n<div class=\"tb-textimage2 tb-block align-center background-light pattern-custom variant-text_first tb-collapsible-margins\" id=\"bff\" style=\"background-image: url(http:\/\/wa.travelblox.eu\/wp-content\/uploads\/sites\/75\/2024\/01\/Coming-Soon-1.png)\">\n\t<div class=\"inner-block tb-fade-in\">\n\n\t\t\n\t\t<div class=\"tb-columns\">\n\t\t\t<div class=\"tb-column\">\n\t\t\t\t<div class=\"tb-text-part\">\n\t\t\t\t\t<h2>ButterFly Friend<\/h2>\n\t\t\t\t\t\t\t<div class=\"translation-block\"><p>Fais un pacte avec nous en tant que <strong>BFF<\/strong>&nbsp;<em>(= ButterFly Friend)<\/em>&nbsp;en&nbsp;<strong>investissant dans le bien-\u00eatre de&nbsp;la plan\u00e8te<\/strong> et de toute sa vie. En tant qu'employ\u00e9, employeur, parent, ami, ou simplement en tant qu'\u00eatre humain. <em>C'est tout simplement le bon choix<\/em>\u2026<\/p>\n<p>En tant que BFF, tu fais partie de notre <strong>communaut\u00e9 de donateurs mensuels.<\/strong> Gr\u00e2ce \u00e0 ton soutien et \u00e0 ton don r\u00e9current, tu permets notre travail.<\/p>\n<p>Es-tu \u00e9galement int\u00e9ress\u00e9 \u00e0 donner de ton temps en participant \u00e0 des nettoyages de rivi\u00e8res et \u00e0 d'autres <strong>travaux b\u00e9n\u00e9voles<\/strong>? <a href=\"#events\">Clique ici<\/a> et fais une diff\u00e9rence concr\u00e8te en aidant <em>sur le terrain<\/em>.<\/p><\/div>\n\t\t\t\t\t\t\t\t\t\t\t<div class=\"tb-buttons-part\">\n\t\t\t\t\t\t\t\t<a href=\"mailto:info@butterfly-foundation.org\"  target=\"_blank\" class=\"tb-button\">\n\t\t\tDeviens Best Friend de la Fondation (BFF) et faites un don mensuel\t\t<\/a>\n\t\t\t\t\t\t\t\t\t\t<a href=\"#partenaire\"  target=\"\" class=\"tb-buttonlink\">\n\t\t\tRejoindre en tant que partenaire non lucratif\t\t<\/a>\n\t\t\t\t\t\t\t<\/div>\n\t\t\t\t<\/div>\n\t\t\t<\/div>\n\t\t\t<div class=\"tb-column\">\n\t\t\t\t\t\t\t\t\t\t\t\t\t\t\t<div class=\"tb-image-part\">\n\t\t\t\t\t\t\t<img src='https:\/\/bff.travelblox.eu\/wp-content\/uploads\/sites\/99\/2024\/04\/namibia-locals-768x576.jpeg' width='768' height='576' loading='lazy' image_size='medium_large'>\t\t\t\t\t\t<\/div>\n\t\t\t\t\t\t\t\t\t\t\t\t<\/div>\n\t\t<\/div>\n\t<\/div>\n<\/div>\n\n\n<div class=\"tb-quoteparallax tb-block align-center background-dark pattern-none variant-text_on_image\" id=\"quoteparallax\" style=\"background-image: url('https:\/\/bff.travelblox.eu\/wp-content\/uploads\/sites\/99\/2024\/04\/Copy-of-DJI_0520_converted-1024x682-1.jpg');\">\n\t\t<div class=\"inner-block tb-fade-in tb-fade-in--subtle\">\n\t\t\t\t\t<div class=\"text-part\">\n\t\t\t\t<h2>\"Nous gagnons notre vie gr\u00e2ce \u00e0 ce que nous obtenons, mais nous construisons notre vie gr\u00e2ce \u00e0 ce que nous donnons.\"<\/h2>\n\t\t\t\t\t\t<div class=\"translation-block\"><p>&#8211; Winston Churchill<\/p><\/div>\n\t\t\t\t\t\t\t\t<\/div>\n\t\t\t\t\t<\/div>\n<\/div>\n\n\n\n<div class=\"tb-textimage2 tb-block align-center background-dark pattern-custom variant-image_first tb-collapsible-margins\" id=\"partner\" style=\"background-image: url()\">\n\t<div class=\"inner-block tb-fade-in\">\n\n\t\t\n\t\t<div class=\"tb-columns\">\n\t\t\t<div class=\"tb-column\">\n\t\t\t\t<div class=\"tb-text-part\">\n\t\t\t\t\t<h2>Rejoignez-nous en tant que partenaire.<\/h2>\n\t\t\t\t\t\t\t<div class=\"translation-block\"><p>Es-tu une organisation \u00e0 but non lucratif ou un groupe d'activistes \u00e0 la recherche de financements ? Inscris-toi via le bouton ci-dessous et envoie une demande de financement. Nous serons ravis de t'aider \u00e0 d\u00e9ployer tes ailes pour <strong>avoir le plus d'impact positif possible<\/strong>.<\/p>\n<p>Es-tu un influenceur, un journaliste, un politicien ou un leader d'opinion avec un c\u0153ur pour la philanthropie ? Nous serions heureux de voir comment nous pouvons faire la diff\u00e9rence ensemble, n'h\u00e9site pas \u00e0 nous contacter par email.<\/p><\/div>\n\t\t\t\t\t\t\t\t\t\t\t<div class=\"tb-buttons-part\">\n\t\t\t\t\t\t\t\t<a href=\"mailto:info@butterfly-foundation.org\"  target=\"_blank\" class=\"tb-button\">\n\t\t\tDemande de financement\t\t<\/a>\n\t\t\t\t\t\t\t\t\t\t<a href=\"#events\"  target=\"\" class=\"tb-buttonlink\">\n\t\t\tParticipez \u00e0 un \u00e9v\u00e9nement\t\t<\/a>\n\t\t\t\t\t\t\t<\/div>\n\t\t\t\t<\/div>\n\t\t\t<\/div>\n\t\t\t<div class=\"tb-column\">\n\t\t\t\t\t\t\t\t\t\t\t\t\t\t\t<div class=\"tb-image-part\">\n\t\t\t\t\t\t\t<img src='https:\/\/bff.travelblox.eu\/wp-content\/uploads\/sites\/99\/2024\/04\/Screenshot-2024-04-13-at-12.30.38-768x598.png' width='768' height='598' loading='lazy' image_size='medium_large'>\t\t\t\t\t\t<\/div>\n\t\t\t\t\t\t\t\t\t\t\t\t<\/div>\n\t\t<\/div>\n\t<\/div>\n<\/div>\n\n\n<div class=\"tb-destinations tb-block align-center background-light pattern-none variant-none tb-collapsible-margins\" id=\"events\">\n\t<div class=\"inner-block tb-fade-in tb-fade-in--subtle\">\n\t\t<div class=\"text-part\">\n\t\t\t<h2>Ensemble, mettons-nous au travail.<\/h2>\n\t\t\t\t\t<div class=\"translation-block\"><p>Ce calendrier pr\u00e9sente des \u00e9v\u00e9nements organis\u00e9s par la Butterfly Foundation et des organisations partenaires. Du b\u00e9n\u00e9volat pour des nettoyages de rivi\u00e8res, la plantation d'arbres, jusqu'aux actions de protestation et aux rassemblements, ici tu peux t'inscrire aux \u00e9v\u00e9nements pour vivre l'effet papillon&nbsp;<em>en direct<\/em>.<\/p>\n<p>Pour ne manquer aucun \u00e9v\u00e9nement, inscris-toi \u00e0 la newsletter et reste inform\u00e9.<\/p><\/div>\n\t\t\t\t\t\t<\/div>\n\t<\/div>\n\n\t<!-- sections -->\n\n\t\n<!-- end section -->\n\n\n\t<div class=\"inner-block tb-fade-in tb-fade-in--subtle\">\n\t\t<div class=\"text-part\">\n\t\t\t\t\t<div class=\"translation-block\"><\/div>\n\t\t\t\t<div class=\"tb-buttons-part\">\n\t\t\t\t\t\t<a href=\"https:\/\/form.typeform.com\/to\/mYnMU5wi\"  target=\"_blank\" data-mode=\"popup\" data-url=\"https:\/\/form.typeform.com\/to\/mYnMU5wi\" class=\"tb-button typeform-share\">\n\t\t\tInscrivez-vous \u00e0 notre newsletter\t\t<\/a>\n\t\t\t\t\t<script>\n\t\t\t\t(function() {\n\t\t\t\t\tvar qs, js, q, s, d = document,\n\t\t\t\t\t\tgi = d.getElementById,\n\t\t\t\t\t\tce = d.createElement,\n\t\t\t\t\t\tgt = d.getElementsByTagName,\n\t\t\t\t\t\tid = \"typef_orm_share\",\n\t\t\t\t\t\tb = \"https:\/\/embed.typeform.com\/\";\n\t\t\t\t\tif (!gi.call(d, id)) {\n\t\t\t\t\t\tjs = ce.call(d, \"script\");\n\t\t\t\t\t\tjs.id = id;\n\t\t\t\t\t\tjs.src = b + \"embed.js\";\n\t\t\t\t\t\tq = gt.call(d, \"script\")[0];\n\t\t\t\t\t\tq.parentNode.insertBefore(js, q);\n\t\t\t\t\t}\n\t\t\t\t})();\n\t\t\t<\/script>\n\t\t\t\t\t<\/div>\n\t\t<\/div>\n\t<\/div>\n<\/div>\n\n\n<div class=\"tb-quoteparallax tb-block align-center background-light pattern-none variant-text_in_box\" id=\"travelbase\" style=\"background-image: url('https:\/\/bff.travelblox.eu\/wp-content\/uploads\/sites\/99\/2024\/03\/9035fac9-52e3-4556-8e4e-c67da489ebb6.jpeg');\">\n\t\t<div class=\"inner-block tb-fade-in tb-fade-in--subtle\">\n\t\t\t\t\t<div class=\"text-part\">\n\t\t\t\t<h2>Voyagez en toute conscience.<\/h2>\n\t\t\t\t\t\t<div class=\"translation-block\"><p>La Butterfly Foundation a \u00e9t\u00e9 fond\u00e9e en 2024 par <a href=\"https:\/\/www.travelbase.eu\" target=\"_blank\" rel=\"noopener\">Travelbase<\/a>, une entreprise de voyage en pleine expansion avec plus de <strong>20 marques de voyage uniques et&nbsp;<\/strong><strong><a href=\"https:\/\/travelbase.eu\/nl\/trip\/\" target=\"_blank\" rel=\"noopener\">communaut\u00e9s<\/a><\/strong>. Depuis 2010, Travelbase con\u00e7oit des exp\u00e9riences de voyage actives <em>inoubliables<\/em>, principalement en Europe.<\/p>\n<p>Aimes-tu sortir de ta zone de confort pour te connecter avec la nature et les gens qui t'entourent ? Chez Travelbase, l'accent est mis sur <em>\"Le Voyage\"<\/em> plut\u00f4t que sur la destination.<\/p>\n<p>Lorsque tu r\u00e9serves un voyage avec Travelbase, <strong>1 % de ton montant total de voyage<\/strong> est revers\u00e9 \u00e0 la Butterfly Foundation, contribuant ainsi \u00e0 un monde meilleur. Cet argent est destin\u00e9 \u00e0 diverses organisations \u00e0 but non lucratif li\u00e9es \u00e0 ton voyage.<\/p><\/div>\n\t\t\t\t\t\t\t\t\t\t<div class=\"tb-buttons-part\">\n\t\t\t\t\t\t\t\t<a href=\"http:\/\/travelbase.fr\"  target=\"_blank\" class=\"tb-button\">\n\t\t\tPartez \u00e0 l'aventure avec Travelbase\t\t<\/a>\n\t\t\t\t\t\t\t\t\t\t\t\t\t<\/div>\n\t\t\t\t\t\t\t<\/div>\n\t\t\t\t\t<\/div>\n<\/div>","protected":false},"excerpt":{"rendered":"","protected":false},"author":48,"featured_media":2092,"parent":0,"menu_order":0,"comment_status":"closed","ping_status":"closed","template":"","meta":{"_acf_changed":false,"inline_featured_image":false,"footnotes":""},"class_list":["post-326","page","type-page","status-publish","has-post-thumbnail","hentry"],"acf":{"page_package_ids":"","is_main_package_page":false,"additional_linked_packages":[],"feed_page_to_atlas":true},"_links":{"self":[{"href":"https:\/\/bff.travelblox.eu\/fr\/wp-json\/wp\/v2\/pages\/326","targetHints":{"allow":["GET"]}}],"collection":[{"href":"https:\/\/bff.travelblox.eu\/fr\/wp-json\/wp\/v2\/pages"}],"about":[{"href":"https:\/\/bff.travelblox.eu\/fr\/wp-json\/wp\/v2\/types\/page"}],"author":[{"embeddable":true,"href":"https:\/\/bff.travelblox.eu\/fr\/wp-json\/wp\/v2\/users\/48"}],"replies":[{"embeddable":true,"href":"https:\/\/bff.travelblox.eu\/fr\/wp-json\/wp\/v2\/comments?post=326"}],"version-history":[{"count":50,"href":"https:\/\/bff.travelblox.eu\/fr\/wp-json\/wp\/v2\/pages\/326\/revisions"}],"predecessor-version":[{"id":2254,"href":"https:\/\/bff.travelblox.eu\/fr\/wp-json\/wp\/v2\/pages\/326\/revisions\/2254"}],"wp:featuredmedia":[{"embeddable":true,"href":"https:\/\/bff.travelblox.eu\/fr\/wp-json\/wp\/v2\/media\/2092"}],"wp:attachment":[{"href":"https:\/\/bff.travelblox.eu\/fr\/wp-json\/wp\/v2\/media?parent=326"}],"curies":[{"name":"wp","href":"https:\/\/api.w.org\/{rel}","templated":true}]}}