{"id":2430,"date":"2026-01-26T16:44:34","date_gmt":"2026-01-26T16:44:34","guid":{"rendered":"https:\/\/bff.travelblox.eu\/?page_id=2430"},"modified":"2026-05-07T09:14:10","modified_gmt":"2026-05-07T09:14:10","slug":"love-for-life","status":"publish","type":"page","link":"https:\/\/bff.travelblox.eu\/fr\/partners\/love-for-life\/","title":{"rendered":"Amour pour la vie"},"content":{"rendered":"<div class=\"tb-header tb-block align-center background-dark pattern-none variant-none\" id=\"header\" data-fallback-background=\"https:\/\/bff.travelblox.eu\/wp-content\/uploads\/sites\/99\/2026\/01\/Untitled-1350-x-1080-px-3-e1769447441480.jpg\" style=\"background-image: url('https:\/\/bff.travelblox.eu\/wp-content\/uploads\/sites\/99\/2026\/01\/Untitled-1350-x-1080-px-3-e1769447441480.jpg'); background-position:;\">\n    <div class=\"tb-header-foreground\">\n        <div class=\"inner-block\">\n\n            <div class=\"main-part\">\n                <div class=\"text-part\">\n                                                                <h1 class=\"tb-title\">Amour pour la vie<\/h1>\n                                                                <h2 class=\"tb-subtitle\">\t\t<div class=\"translation-block\"><p>Sagesse autochtone comme guide<\/p><\/div>\n\t<\/h2>\n                                                                                            <div class=\"tb-properties\">\n                                                                    <div class=\"tb-property\">\n                                                                                    <div class=\"tb-property__icon\">\n                                                \t\t\t\t<i class=\"icon fa-solid fa-calendar-days\" aria-hidden=\"true\"><\/i>\n\t\t\t                                            <\/div>\n                                                                                <div class=\"tb-property__label\">\n                                            2025                                        <\/div>\n                                    <\/div>\n                                    <div class=\"tb-properties__divider\"><\/div>\n                                                                                                    <div class=\"tb-property\">\n                                                                                    <div class=\"tb-property__icon\">\n                                                \t\t\t\t<i class=\"icon fa-solid fa-check\" aria-hidden=\"true\"><\/i>\n\t\t\t                                            <\/div>\n                                                                                <div class=\"tb-property__label\">\n                                            \u20ac2088                                        <\/div>\n                                    <\/div>\n                                    <div class=\"tb-properties__divider\"><\/div>\n                                                                                                    <div class=\"tb-property\">\n                                                                                    <div class=\"tb-property__icon\">\n                                                \t\t\t\t<i class=\"icon fa-solid fa-family\" aria-hidden=\"true\"><\/i>\n\t\t\t                                            <\/div>\n                                                                                <div class=\"tb-property__label\">\n                                            Personnes                                        <\/div>\n                                    <\/div>\n                                                            <\/div>\n                                                                                        <div class=\"tb-buttons-part\">\n                                                            \t\t<a href=\"#donate-now\"  target=\"\" class=\"tb-button\">\n\t\t\tFaites un don maintenant\t\t<\/a>\n\t\t                                                                                <\/div>\n                                                        <\/div>\n            <\/div>\n            \t\t<a href=\"#\" class=\"scroll-down-button\">\n\t\t\t<i class=\"fa fa-arrow-down\"><\/i>\n\t\t<\/a>\n\t\n                    <\/div>\n    <\/div>\n\n    \n    \n<\/div>\n\n\n<div class=\"align-center tb-logos tb-block align-none background-light pattern-none variant-partners tb-collapsible-margins\" id=\"logos\">\n\t<div class=\"\">\n\t\t<div class=\"inner-block tb-fade-in tb-fade-in--subtle\">\n\t\t\t\t\t\t\t<h5 class=\"title\">Soutenu par<\/h5>\n\t\t\t\t\t<\/div>\n\t\t\t\t\t\n\t\t\t\t<div class=\"tb-logos__logos tb-logos__logos--carousel\">\n\t\t\t\t\t\t\t\t\t\t\t\t\t<div class=\"inner-block-full-width has-tb-carousel\" >\n\t\t\t<div class=\"tb-carousel-container\">\n\t\t\t\t<div class=\"entries tb-cards\" data-slider-first=\"1\">\n\t\t\t\t\t\t\t\t\t\t\t\t\t\t\t\t\t\t\t\t<div class=\"entry\">\n\t\t\t\t\t\t\t\t<a class=\"tb-logo tb-logo--full-color\" href='https:\/\/weadventures.com\/costa-rica' target='_blank' title='WeAdventures' >\n\t\t<img src='https:\/\/bff.travelblox.eu\/wp-content\/uploads\/sites\/99\/2025\/02\/WA-brown-1024x1024.png' width='1024' height='1024' alt='' loading='lazy'>\n\t<\/a>\n\t\t\t\t\t\t<\/div>\n\t\t\t\t\t\t\t\t\t\t\t<div class=\"entry\">\n\t\t\t\t\t\t\t\t<a class=\"tb-logo tb-logo--full-color\" href='https:\/\/costaricanomads.com\/' target='_blank' title='Costa Rica Nomads' >\n\t\t<img src='https:\/\/bff.travelblox.eu\/wp-content\/uploads\/sites\/99\/2026\/01\/CRN_round-green.svg' width='1024' height='1024' alt='' loading='lazy'>\n\t<\/a>\n\t\t\t\t\t\t<\/div>\n\t\t\t\t\t\t\t\t\t\t\t\t\t\t\t\t\t\t\t\t<\/div>\n\t\t\t\t\t\t<div class=\"tb-carousel-nav\">\n\t\t\t<div class=\"dots\">\n\t\t\t\t<div class=\"dot active\"><\/div>\n\t\t\t\t<div class=\"dot\"><\/div>\n\t\t\t\t<div class=\"dot\"><\/div>\n\t\t\t<\/div>\n\t\t\t<div class=\"arrows\">\n\t\t\t\t<div class=\"prev disabled\">\n\t\t\t\t\t<span><i class=\"fa fa-chevron-left\"><\/i><\/span>\n\t\t\t\t<\/div>\n\t\t\t\t<div class=\"next\">\n\t\t\t\t\t<span><i class=\"fa fa-chevron-right\"><\/i><\/span>\n\t\t\t\t<\/div>\n\t\t\t<\/div>\n\t\t<\/div>\n\t\t\t\t<\/div>\n\t\t<\/div>\n\t\t\t\t\t\t\t\t\t\t<\/div>\n\t\t\t\t\t\t\t<\/div>\n<\/div>\n\n<div class=\"tb-magazine tb-block align-none background-light pattern-none variant-none tb-collapsible-margins\" id=\"magazine\">\n\t<div class=\"inner-block tb-image-orientation-portrait tb-fade-in tb-fade-in--subtle\">\n\t\t<div class=\"inner-inner-block tb-image-alignment--center\">\n\t\t\t<div class=\"tb-magazine-image\">\n\t\t\t\t<img src='https:\/\/bff.travelblox.eu\/wp-content\/uploads\/sites\/99\/2026\/01\/Untitled-design-23-e1778145235237.png' width='300' height='300' loading='lazy'>\t\t\t<\/div>\n\t\t\t<div class=\"text-part\">\n\t\t\t\t<h2>Vivre en connexion avec la terre<\/h2>\n\t\t\t\t\t\t<div class=\"translation-block\"><p>Love For Life est une fondation allemande qui collabore avec des communaut\u00e9s indig\u00e8nes en Am\u00e9rique Latine pour prot\u00e9ger les \u00e9cosyst\u00e8mes, renforcer les cultures et soutenir un changement mondial vers une vie r\u00e9g\u00e9n\u00e9rative. Avec un profond respect pour la terre et une sagesse ancestrale, ils \u00e9tablissent des ponts entre les connaissances traditionnelles et la durabilit\u00e9 contemporaine.<\/p><\/div>\n\t\t\t\t\t<div class=\"tb-buttons-part\">\n\t\t\t\t\t\t\t<a href=\"https:\/\/loveforlife.eco\/\"  target=\"_blank\" class=\"tb-button\">\n\t\t\tVisitez le site web\t\t<\/a>\n\t\t\t\t\t\t\t\t\t<a href=\"https:\/\/loveforlife.eco\/donate\/\"  target=\"_blank\" class=\"tb-buttonlink\">\n\t\t\tFaire un don\t\t<\/a>\n\t\t\t\t\t\t<\/div>\n\t\t\t<\/div>\n\t\t<\/div>\n\t<\/div>\n<\/div>\n\n\n\n<div class=\"tb-textimage2 tb-block align-left background-light pattern-none variant-text_first tb-collapsible-margins\" id=\"textimage2\">\n\t<div class=\"inner-block tb-fade-in\">\n\n\t\t\n\t\t<div class=\"tb-columns\">\n\t\t\t<div class=\"tb-column\">\n\t\t\t\t<div class=\"tb-text-part\">\n\t\t\t\t\t<h2>Pourquoi agir ?<\/h2>\n\t\t\t\t\t\t\t<div class=\"translation-block\"><p>Depuis 2004, Limitless Horizons Ixil travaille \u00e0 <strong>Chajul, Guatemala<\/strong>, une ville rurale autochtone qui a \u00e9t\u00e9 gravement touch\u00e9e par le g\u00e9nocide durant la guerre civile guat\u00e9malt\u00e8que.<\/p><p>Aujourd'hui, Chajul fait toujours partie des communaut\u00e9s les plus pauvres du Guatemala, o\u00f9 l'in\u00e9galit\u00e9 de genre et l'acc\u00e8s limit\u00e9 \u00e0 l'\u00e9ducation continuent d'affecter la jeunesse, en particulier les filles.<\/p><\/div>\n\t\t\t\t\t\t\t\t\t\t\t<div class=\"tb-buttons-part\">\n\t\t\t\t\t\t\t\t\t\t\t\t\t\t\t\t\t<\/div>\n\t\t\t\t<\/div>\n\t\t\t<\/div>\n\t\t\t<div class=\"tb-column\">\n\t\t\t\t\t\t\t\t\t\t\t\t\t\t\t<div class=\"tb-video-part\">\n\t\t\t\t\t\t\t<iframe loading=\"lazy\" title=\"GUID\u00c9 PAR LA LUNE\" src=\"https:\/\/player.vimeo.com\/video\/990877310?dnt=1&amp;app_id=122963&#038;preload=false&#038;autoplay=false&#038;muted=false&#038;playsinline=true&#038;controls=true&#038;responsive=true&#038;controlsList=nodownload&#038;oncontextmenu=return false;\" width=\"640\" height=\"360\" frameborder=\"0\" allow=\"autoplay; fullscreen; picture-in-picture; clipboard-write; encrypted-media; web-share\" referrerpolicy=\"strict-origin-when-cross-origin\"><\/iframe>\t\t\t\t\t\t<\/div>\n\t\t\t\t\t\t\t\t\t\t\t\t<\/div>\n\t\t<\/div>\n\t<\/div>\n<\/div>\n\n<div class=\"tb-practical tb-block align-none background-light pattern-custom variant-none tb-collapsible-margins\" id=\"practical\" style=\"background-image: url(http:\/\/wa.travelblox.eu\/wp-content\/uploads\/sites\/75\/2024\/01\/Blank.png)\">\n\t<div class=\"inner-block tb-fade-in\">\n\t\t<div class=\"text-part\">\n\t\t\t<h2>Notre impact<\/h2>\n\t\t\t\t\t<div class=\"translation-block\"><\/div>\n\t\t\t<\/div>\n\t<\/div>\n\t<div class=\"inner-block tb-fade-in\">\n\t\t\t\t\t<div class=\"practical-cols\">\n\t\t\t\t<div class=\"practical-nav-container\">\n\t\t\t\t\t<ul class=\"practical-nav tb-style-block\">\n\t\t\t\t\t\t\t\t\t\t\t\t\t<li><a href=\"#practical-block-0\">Mission &amp; objectifs<\/a><\/li>\n\t\t\t\t\t\t\t\t\t\t\t\t\t<li><a href=\"#practical-block-1\">Actions<\/a><\/li>\n\t\t\t\t\t\t\t\t\t\t\t<\/ul>\n\t\t\t\t<\/div>\n\t\t\t\t<div class=\"tb-accordion tb-accordion--animation tb-accordion-mobile-only text-part\">\n\t\t\t\t\t\t\t\t\t\t\t<div class=\"details\" id=\"practical-block-0\">\n\t\t\t\t\t\t\t<div class=\"summary\">\n\t\t\t\t\t\t\t\t\t\t\t\t<i class=\"icon fa-solid fa-location-crosshairs tb-style-block\" aria-hidden=\"true\"><\/i>\n\t\t\t Mission &amp; objectifs\t\t\t\t\t\t\t<\/div>\n\t\t\t\t\t\t\t<div class=\"content\">\n\t\t\t\t\t\t\t\t\t\t<div class=\"translation-block\"><ul>\n<li>Prot\u00e9ger les for\u00eats tropicales menac\u00e9es, les rivi\u00e8res et la biodiversit\u00e9.<\/li>\n<li>Renforcer les cultures autochtones, l'autonomie et les connaissances traditionnelles.<\/li>\n<li>Cr\u00e9er une prise de conscience mondiale autour de la vie r\u00e9g\u00e9n\u00e9rative et de la responsabilit\u00e9 collective.<\/li>\n<li>Connecter le Nord et le Sud, le moderne et le traditionnel, \u00e0 travers l'\u00e9ducation, des projets et des c\u00e9r\u00e9monies.<\/li>\n<\/ul><\/div>\n\t\t\t\t\t\t\t\t<\/div>\n\t\t\t\t\t\t<\/div>\n\t\t\t\t\t\t\t\t\t\t\t<div class=\"details\" id=\"practical-block-1\">\n\t\t\t\t\t\t\t<div class=\"summary\">\n\t\t\t\t\t\t\t\t\t\t\t\t<i class=\"icon fa-solid fa-hand-back-fist tb-style-block\" aria-hidden=\"true\"><\/i>\n\t\t\t Actions\t\t\t\t\t\t\t<\/div>\n\t\t\t\t\t\t\t<div class=\"content\">\n\t\t\t\t\t\t\t\t\t\t<div class=\"translation-block\"><ul>\n<li>Soutenir les leaders et communaut\u00e9s autochtones au P\u00e9rou, en \u00c9quateur et en Colombie.<\/li>\n<li>Co-cr\u00e9er des projets pour l'\u00e9nergie solaire, la souverainet\u00e9 alimentaire et le reboisement.<\/li>\n<li>Organiser des campagnes de sensibilisation internationales et des programmes \u00e9ducatifs.<\/li>\n<li>R\u00e9aliser des c\u00e9r\u00e9monies, des podcasts et des films qui font entendre la voix de la Terre.<\/li>\n<li>Cr\u00e9er la plateforme Indigenous Voices et le programme Forest Protectors.<\/li>\n<\/ul><\/div>\n\t\t\t\t\t\t\t\t<\/div>\n\t\t\t\t\t\t<\/div>\n\t\t\t\t\t\t\t\t\t<\/div>\n\t\t\t<\/div>\n\t\t\t<\/div>\n<\/div>\n\n\n\n<div class=\"tb-quoteparallax tb-block align-center background-dark pattern-none variant-text_on_image\" id=\"quoteparallax\" style=\"background-image: url('https:\/\/bff.travelblox.eu\/wp-content\/uploads\/sites\/99\/2026\/01\/DSC_2775-1-1-scaled.jpg');\">\n\t\t<div class=\"inner-block tb-fade-in tb-fade-in--subtle\">\n\t\t\t\t\t<div class=\"text-part\">\n\t\t\t\t<h2>\u00ab Nous construisons un avenir o\u00f9 la vie r\u00e9g\u00e9n\u00e9rative est la norme et o\u00f9 les voix autochtones sont au c\u0153ur de tout. \u00bb<\/h2>\n\t\t\t\t\t\t<div class=\"translation-block\"><p><strong>Anouk Ellen Susan<\/strong>&nbsp;&#8211; membre du conseil d'administration de Love For Life<\/p><\/div>\n\t\t\t\t\t\t\t\t<\/div>\n\t\t\t\t\t<\/div>\n<\/div>\n\n\n\n<div class=\"tb-textimage1 tb-block align-center background-dark pattern-default variant-none tb-collapsible-margins\" id=\"textimage1-1\">\n\t<div class=\"inner-block tb-fade-in tb-fade-in--subtle\">\n\n\t\t\n\t\t<div class=\"text-part\">\n\t\t\t<h2>Comment votre don contribue au projet<\/h2>\n\t\t\t\t\t<div class=\"translation-block\"><p><strong>2 000 \u20ac<\/strong> \u00e0 Limitless Horizons Ixil couvre <strong>30 jours de repas deux fois par jour<\/strong> pour <strong>une classe de 25 \u00e9tudiants<\/strong> \u2013 soit un total de <strong>1 500 repas<\/strong> \u2013 afin qu'ils re\u00e7oivent la nutrition dont ils ont besoin pour se concentrer et s'\u00e9panouir \u00e0 l'\u00e9cole.<\/p><\/div>\n\t\t\t<\/div>\n\t<\/div>\n\t<div class=\"inner-block\">\n\t\t\t\t\t\t\t\t<\/div>\n\t<div class=\"inner-block tb-fade-in tb-fade-in--subtle\">\n\t\t<div class=\"text-part\">\n\t\t\t\t\t<div class=\"translation-block\"><\/div>\n\t\t\t\t<div class=\"tb-buttons-part\">\n\t\t\t\t\t\t\t\t\t\t\t<\/div>\n\t\t<\/div>\n\t<\/div>\n<\/div>\n\n\n<div class=\"tb-numbers tb-block align-center background-light pattern-custom variant-none tb-collapsible-margins\" id=\"donate-now\" style=\"background-image: url(http:\/\/wa.travelblox.eu\/wp-content\/uploads\/sites\/75\/2024\/01\/Blank-white.png)\">\n\t\t\t<div class=\"inner-block tb-fade-in tb-fade-in--subtle\">\n\t\t\t<div class=\"text-part\">\n\t\t\t\t<h2 class=\"title\">L'action collective fait la diff\u00e9rence.<\/h2>\n\t\t\t\t\t\t<div class=\"translation-block\"><p>En faisant un don \u00e0 la Butterfly Foundation, vous investissez dans un avenir o\u00f9 le voyage responsable devient la norme. Votre contribution renforce notre r\u00e9seau et augmente notre impact \u00e0 travers le monde. Vous pouvez choisir le montant que vous souhaitez donner via les liens ci-dessous, ou effectuer une contribution libre.<\/p><\/div>\n\t\t\t\t<\/div>\n\t\t<\/div>\n\t\t<div class=\"inner-block\">\n\t\t<div class=\"tb-transparent tb-grid-container\">\n\t\t\t<div class=\"tb-cards\">\n\t\t\t\t\t\t\t\t\t<div class=\"tb-card\">\n\t\t\t\t\t\t<div class=\"tb-card-content\">\n\t\t\t\t\t\t\t\t\t\t\t<i class=\"icon fa-solid fa-euro-sign\" aria-hidden=\"true\"><\/i>\n\t\t\t\t\t\t\t\t\t\t\t\t\t\t\t\t\t\t<div class=\"number\" data-target=\"20\">20<\/div>\n\t\t\t\t\t\t\t\t\t\t\t\t\t\t<div class=\"content\">\n\t\t\t\t\t\t\t\t\t\t<div class=\"translation-block\"><p><a href=\"https:\/\/paymentlink.mollie.com\/payment\/rmLoPTyH6A59eWYHOF39N\/\" target=\"_blank\">Faire un don de 20 \u20ac maintenant<\/a><\/p><p>&nbsp;<\/p><\/div>\n\t\t\t\t\t\t\t\t<\/div>\n\t\t\t\t\t\t<\/div>\n\t\t\t\t\t<\/div>\n\t\t\t\t\t\t\t\t\t<div class=\"tb-card\">\n\t\t\t\t\t\t<div class=\"tb-card-content\">\n\t\t\t\t\t\t\t\t\t\t\t<i class=\"icon fa-solid fa-euro-sign\" aria-hidden=\"true\"><\/i>\n\t\t\t\t\t\t\t\t\t\t\t\t\t\t\t\t\t\t<div class=\"number\" data-target=\"50\">50<\/div>\n\t\t\t\t\t\t\t\t\t\t\t\t\t\t<div class=\"content\">\n\t\t\t\t\t\t\t\t\t\t<div class=\"translation-block\"><p><a href=\"https:\/\/paymentlink.mollie.com\/payment\/HiLnwrCGSwS63wdFledb2\/\" target=\"_blank\">Faire un don de 50 \u20ac maintenant<\/a><\/p><\/div>\n\t\t\t\t\t\t\t\t<\/div>\n\t\t\t\t\t\t<\/div>\n\t\t\t\t\t<\/div>\n\t\t\t\t\t\t\t\t\t<div class=\"tb-card\">\n\t\t\t\t\t\t<div class=\"tb-card-content\">\n\t\t\t\t\t\t\t\t\t\t\t<i class=\"icon fa-solid fa-euro-sign\" aria-hidden=\"true\"><\/i>\n\t\t\t\t\t\t\t\t\t\t\t\t\t\t\t\t\t\t<div class=\"number\" data-target=\"100\">100<\/div>\n\t\t\t\t\t\t\t\t\t\t\t\t\t\t<div class=\"content\">\n\t\t\t\t\t\t\t\t\t\t<div class=\"translation-block\"><p><a href=\"https:\/\/paymentlink.mollie.com\/payment\/UIqxPYHukfewcRctE5DTf\/\" target=\"_blank\">Faire un don de 100 \u20ac maintenant<\/a><\/p><\/div>\n\t\t\t\t\t\t\t\t<\/div>\n\t\t\t\t\t\t<\/div>\n\t\t\t\t\t<\/div>\n\t\t\t\t\t\t\t\t\t<div class=\"tb-card\">\n\t\t\t\t\t\t<div class=\"tb-card-content\">\n\t\t\t\t\t\t\t\t\t\t\t<i class=\"icon fa-solid fa-euro-sign\" aria-hidden=\"true\"><\/i>\n\t\t\t\t\t\t\t\t\t\t\t\t\t\t\t\t\t\t<div class=\"number\" data-target=\"000\">000<\/div>\n\t\t\t\t\t\t\t\t\t\t\t\t\t\t<div class=\"content\">\n\t\t\t\t\t\t\t\t\t\t<div class=\"translation-block\"><p><a href=\"https:\/\/payment-links.mollie.com\/payment\/x92PREFRAGPDCVQvxY4sp\" target=\"_blank\" rel=\"noopener\">Faites un don libre<\/a><\/p>\n<p>&nbsp;<\/p><\/div>\n\t\t\t\t\t\t\t\t<\/div>\n\t\t\t\t\t\t<\/div>\n\t\t\t\t\t<\/div>\n\t\t\t\t\t\t\t<\/div>\n\t\t<\/div>\n\t<\/div>\n\t\t\t<div class=\"inner-block tb-fade-in tb-fade-in--subtle\">\n\t\t\t<div class=\"text-part\">\n\t\t\t\t\t\t<div class=\"translation-block\"><\/div>\n\t\t\t\t\t<div class=\"tb-buttons-part\">\n\t\t\t\t\t\t\t<a href=\"https:\/\/bff.travelblox.eu\/fr\/action\/#bff\"  target=\"\" class=\"tb-button\">\n\t\t\tFaire un don mensuel ou annuel.\t\t<\/a>\n\t\t\t\t\t\t<\/div>\n\t\t\t<\/div>\n\t\t<\/div>\n\t<\/div>","protected":false},"excerpt":{"rendered":"","protected":false},"author":48,"featured_media":2437,"parent":1507,"menu_order":0,"comment_status":"closed","ping_status":"closed","template":"","meta":{"_acf_changed":false,"inline_featured_image":false,"footnotes":""},"class_list":["post-2430","page","type-page","status-publish","has-post-thumbnail","hentry"],"acf":{"page_package_ids":"","is_main_package_page":false,"additional_linked_packages":[],"feed_page_to_atlas":true},"_links":{"self":[{"href":"https:\/\/bff.travelblox.eu\/fr\/wp-json\/wp\/v2\/pages\/2430","targetHints":{"allow":["GET"]}}],"collection":[{"href":"https:\/\/bff.travelblox.eu\/fr\/wp-json\/wp\/v2\/pages"}],"about":[{"href":"https:\/\/bff.travelblox.eu\/fr\/wp-json\/wp\/v2\/types\/page"}],"author":[{"embeddable":true,"href":"https:\/\/bff.travelblox.eu\/fr\/wp-json\/wp\/v2\/users\/48"}],"replies":[{"embeddable":true,"href":"https:\/\/bff.travelblox.eu\/fr\/wp-json\/wp\/v2\/comments?post=2430"}],"version-history":[{"count":6,"href":"https:\/\/bff.travelblox.eu\/fr\/wp-json\/wp\/v2\/pages\/2430\/revisions"}],"predecessor-version":[{"id":2621,"href":"https:\/\/bff.travelblox.eu\/fr\/wp-json\/wp\/v2\/pages\/2430\/revisions\/2621"}],"up":[{"embeddable":true,"href":"https:\/\/bff.travelblox.eu\/fr\/wp-json\/wp\/v2\/pages\/1507"}],"wp:featuredmedia":[{"embeddable":true,"href":"https:\/\/bff.travelblox.eu\/fr\/wp-json\/wp\/v2\/media\/2437"}],"wp:attachment":[{"href":"https:\/\/bff.travelblox.eu\/fr\/wp-json\/wp\/v2\/media?parent=2430"}],"curies":[{"name":"wp","href":"https:\/\/api.w.org\/{rel}","templated":true}]}}