{"id":2422,"date":"2025-12-23T15:12:49","date_gmt":"2025-12-23T15:12:49","guid":{"rendered":"https:\/\/bff.travelblox.eu\/?page_id=2422"},"modified":"2025-12-23T15:12:50","modified_gmt":"2025-12-23T15:12:50","slug":"boeta-stichting","status":"publish","type":"page","link":"https:\/\/bff.travelblox.eu\/fr\/partners\/boeta-stichting\/","title":{"rendered":"Boeta Stichting"},"content":{"rendered":"<div class=\"tb-header tb-block align-center background-dark pattern-none variant-none\" id=\"header\" data-fallback-background=\"https:\/\/bff.travelblox.eu\/wp-content\/uploads\/sites\/99\/2025\/12\/16ad13_0e5fe512b7554bbfaca32fd16e79302cmv2-scaled-e1766501305700.avif\" style=\"background-image: url('https:\/\/bff.travelblox.eu\/wp-content\/uploads\/sites\/99\/2025\/12\/16ad13_0e5fe512b7554bbfaca32fd16e79302cmv2-scaled-e1766501305700.avif'); background-position:;\">\n    <div class=\"tb-header-foreground\">\n        <div class=\"inner-block\">\n\n            <div class=\"main-part\">\n                <div class=\"text-part\">\n                                                                <h1 class=\"tb-title\">Boeta Stichting<\/h1>\n                                                                <h2 class=\"tb-subtitle\">\t\t<div class=\"translation-block\"><p>Changez l'avenir<\/p><\/div>\n\t<\/h2>\n                                                                                            <div class=\"tb-properties\">\n                                                                    <div class=\"tb-property\">\n                                                                                    <div class=\"tb-property__icon\">\n                                                \t\t\t\t<i class=\"icon fa-solid fa-calendar-days\" aria-hidden=\"true\"><\/i>\n\t\t\t                                            <\/div>\n                                                                                <div class=\"tb-property__label\">\n                                            2025                                        <\/div>\n                                    <\/div>\n                                    <div class=\"tb-properties__divider\"><\/div>\n                                                                                                    <div class=\"tb-property\">\n                                                                                    <div class=\"tb-property__icon\">\n                                                \t\t\t\t<i class=\"icon fa-solid fa-check\" aria-hidden=\"true\"><\/i>\n\t\t\t                                            <\/div>\n                                                                                <div class=\"tb-property__label\">\n                                            \u20ac5000                                        <\/div>\n                                    <\/div>\n                                    <div class=\"tb-properties__divider\"><\/div>\n                                                                                                    <div class=\"tb-property\">\n                                                                                    <div class=\"tb-property__icon\">\n                                                \t\t\t\t<i class=\"icon fa-solid fa-people-group\" aria-hidden=\"true\"><\/i>\n\t\t\t                                            <\/div>\n                                                                                <div class=\"tb-property__label\">\n                                            Personnes                                        <\/div>\n                                    <\/div>\n                                                            <\/div>\n                                                                                        <div class=\"tb-buttons-part\">\n                                                            \t\t<a href=\"https:\/\/www.boeta.be\/evenementen\"  target=\"_blank\" class=\"tb-button\">\n\t\t\tDeviens b\u00e9n\u00e9vole\t\t<\/a>\n\t\t                                                                                        \t\t<a href=\"#donate-now\"  target=\"\" class=\"tb-buttonlink\">\n\t\t\tFaites un don maintenant\t\t<\/a>\n\t\t                                                    <\/div>\n                                                        <\/div>\n            <\/div>\n            \t\t<a href=\"#\" class=\"scroll-down-button\">\n\t\t\t<i class=\"fa fa-arrow-down\"><\/i>\n\t\t<\/a>\n\t\n                    <\/div>\n    <\/div>\n\n    \n    \n<\/div>\n\n\n<div class=\"align-center tb-logos tb-block align-none background-light pattern-none variant-partners tb-collapsible-margins\" id=\"logos\">\n\t<div class=\"\">\n\t\t<div class=\"inner-block tb-fade-in tb-fade-in--subtle\">\n\t\t\t\t\t\t\t<h5 class=\"title\">Soutenu par<\/h5>\n\t\t\t\t\t<\/div>\n\t\t\t\t\t\n\t\t\t\t<div class=\"tb-logos__logos tb-logos__logos--carousel\">\n\t\t\t\t\t\t\t\t\t\t\t\t\t<div class=\"inner-block-full-width has-tb-carousel\" >\n\t\t\t<div class=\"tb-carousel-container\">\n\t\t\t\t<div class=\"entries tb-cards\" data-slider-first=\"1\">\n\t\t\t\t\t\t\t\t\t\t\t\t\t\t\t\t\t\t\t\t<div class=\"entry\">\n\t\t\t\t\t\t\t\t<a class=\"tb-logo tb-logo--full-color\" href='https:\/\/weadventures.com\/zuid-afrika' target='_blank' title='WeAdventures' >\n\t\t<img src='https:\/\/bff.travelblox.eu\/wp-content\/uploads\/sites\/99\/2025\/02\/WA-brown-1024x1024.png' width='1024' height='1024' alt='' loading='lazy'>\n\t<\/a>\n\t\t\t\t\t\t<\/div>\n\t\t\t\t\t\t\t\t\t\t\t<div class=\"entry\">\n\t\t\t\t\t\t\t\t<a class=\"tb-logo tb-logo--full-color\" href='https:\/\/southafricanomads.com' target='_blank' title='South Africa Nomads' >\n\t\t<img src='https:\/\/bff.travelblox.eu\/wp-content\/uploads\/sites\/99\/2025\/03\/round-red.svg' width='1024' height='1024' alt='' loading='lazy'>\n\t<\/a>\n\t\t\t\t\t\t<\/div>\n\t\t\t\t\t\t\t\t\t\t\t\t\t\t\t\t\t\t\t\t<\/div>\n\t\t\t\t\t\t<div class=\"tb-carousel-nav\">\n\t\t\t<div class=\"dots\">\n\t\t\t\t<div class=\"dot active\"><\/div>\n\t\t\t\t<div class=\"dot\"><\/div>\n\t\t\t\t<div class=\"dot\"><\/div>\n\t\t\t<\/div>\n\t\t\t<div class=\"arrows\">\n\t\t\t\t<div class=\"prev disabled\">\n\t\t\t\t\t<span><i class=\"fa fa-chevron-left\"><\/i><\/span>\n\t\t\t\t<\/div>\n\t\t\t\t<div class=\"next\">\n\t\t\t\t\t<span><i class=\"fa fa-chevron-right\"><\/i><\/span>\n\t\t\t\t<\/div>\n\t\t\t<\/div>\n\t\t<\/div>\n\t\t\t\t<\/div>\n\t\t<\/div>\n\t\t\t\t\t\t\t\t\t\t<\/div>\n\t\t\t\t\t\t\t<\/div>\n<\/div>\n\n<div class=\"tb-magazine tb-block align-none background-light pattern-none variant-none tb-collapsible-margins\" id=\"magazine\">\n\t<div class=\"inner-block tb-image-orientation-landscape tb-fade-in tb-fade-in--subtle\">\n\t\t<div class=\"inner-inner-block tb-image-alignment--center\">\n\t\t\t<div class=\"tb-magazine-image\">\n\t\t\t\t<img src='https:\/\/bff.travelblox.eu\/wp-content\/uploads\/sites\/99\/2025\/12\/16ad13_889102ac8e01464cacd6eb9155107a82mv2.avif' width='154' height='78' loading='lazy'>\t\t\t<\/div>\n\t\t\t<div class=\"text-part\">\n\t\t\t\t<h2>Travaille avec dignit\u00e9 et opportunit\u00e9s.<\/h2>\n\t\t\t\t\t\t<div class=\"translation-block\"><p>BOETA est une entreprise sociale en Afrique du Sud qui cr\u00e9e des emplois durables pour les personnes ayant un acc\u00e8s difficile au march\u00e9 du travail. Gr\u00e2ce \u00e0 la formation, \u00e0 l'accompagnement et \u00e0 un travail \u00e9quitable, les employ\u00e9s obtiennent non seulement un revenu, mais aussi des perspectives, de la confiance en soi et de la stabilit\u00e9 dans leur vie.<\/p><\/div>\n\t\t\t\t\t<div class=\"tb-buttons-part\">\n\t\t\t\t\t\t\t<a href=\"https:\/\/www.boeta.be\"  target=\"_blank\" class=\"tb-button\">\n\t\t\tVisitez le site web\t\t<\/a>\n\t\t\t\t\t\t\t\t\t<a href=\"https:\/\/www.boeta.be\/donate\"  target=\"_blank\" class=\"tb-buttonlink\">\n\t\t\tFaire un don\t\t<\/a>\n\t\t\t\t\t\t<\/div>\n\t\t\t<\/div>\n\t\t<\/div>\n\t<\/div>\n<\/div>\n\n\n\n<div class=\"tb-textimage2 tb-block align-left background-light pattern-none variant-text_first tb-collapsible-margins\" id=\"textimage2\">\n\t<div class=\"inner-block tb-fade-in\">\n\n\t\t\n\t\t<div class=\"tb-columns\">\n\t\t\t<div class=\"tb-column\">\n\t\t\t\t<div class=\"tb-text-part\">\n\t\t\t\t\t<h2>Pourquoi agir ?<\/h2>\n\t\t\t\t\t\t\t<div class=\"translation-block\"><p>En Afrique du Sud, de nombreuses personnes vivent dans des conditions o\u00f9 le ch\u00f4mage structurel, la pauvret\u00e9 et l'in\u00e9galit\u00e9 sont une r\u00e9alit\u00e9 quotidienne. Sans acc\u00e8s \u00e0 un travail d\u00e9cent, des familles enti\u00e8res se retrouvent pi\u00e9g\u00e9es dans un cercle vicieux d'incertitude.<\/p>\n<p>BOETA existe pour briser ce cercle. Pas par une aide temporaire, mais en donnant aux gens la possibilit\u00e9 de construire leur propre avenir \u2014 avec un travail respectueux, stable et significatif.<\/p><\/div>\n\t\t\t\t\t\t\t\t\t\t\t<div class=\"tb-buttons-part\">\n\t\t\t\t\t\t\t\t<a href=\"https:\/\/www.boeta.be\/evenementen\"  target=\"_blank\" class=\"tb-button\">\n\t\t\tDeviens b\u00e9n\u00e9vole\t\t<\/a>\n\t\t\t\t\t\t\t\t\t\t<a href=\"mailto:info@butterfly-foundation.org\"  target=\"_blank\" class=\"tb-buttonlink\">\n\t\t\tInscris-toi par email.\t\t<\/a>\n\t\t\t\t\t\t\t<\/div>\n\t\t\t\t<\/div>\n\t\t\t<\/div>\n\t\t\t<div class=\"tb-column\">\n\t\t\t\t\t\t\t\t\t\t\t\t\t\t\t<div class=\"tb-video-part\">\n\t\t\t\t\t\t\t<iframe loading=\"lazy\" title=\"VZW BOETA - vid\u00e9o promotionnelle\" width=\"640\" height=\"360\" src=\"https:\/\/www.youtube.com\/embed\/uvdc8u9YScg?feature=oembed&#038;preload=false&#038;autoplay=false&#038;muted=false&#038;playsinline=true&#038;controls=true&#038;responsive=true&#038;controlsList=nodownload&#038;oncontextmenu=return false;\" frameborder=\"0\" allow=\"accelerometer; autoplay; clipboard-write; encrypted-media; gyroscope; picture-in-picture; web-share\" referrerpolicy=\"strict-origin-when-cross-origin\" allowfullscreen><\/iframe>\t\t\t\t\t\t<\/div>\n\t\t\t\t\t\t\t\t\t\t\t\t<\/div>\n\t\t<\/div>\n\t<\/div>\n<\/div>\n\n<div class=\"tb-practical tb-block align-none background-light pattern-custom variant-none tb-collapsible-margins\" id=\"practical\" style=\"background-image: url(http:\/\/wa.travelblox.eu\/wp-content\/uploads\/sites\/75\/2024\/01\/Blank.png)\">\n\t<div class=\"inner-block tb-fade-in\">\n\t\t<div class=\"text-part\">\n\t\t\t<h2>Notre impact<\/h2>\n\t\t\t\t\t<div class=\"translation-block\"><\/div>\n\t\t\t<\/div>\n\t<\/div>\n\t<div class=\"inner-block tb-fade-in\">\n\t\t\t\t\t<div class=\"practical-cols\">\n\t\t\t\t<div class=\"practical-nav-container\">\n\t\t\t\t\t<ul class=\"practical-nav tb-style-block\">\n\t\t\t\t\t\t\t\t\t\t\t\t\t<li><a href=\"#practical-block-0\">Mission &amp; objectifs<\/a><\/li>\n\t\t\t\t\t\t\t\t\t\t\t\t\t<li><a href=\"#practical-block-1\">Actions<\/a><\/li>\n\t\t\t\t\t\t\t\t\t\t\t<\/ul>\n\t\t\t\t<\/div>\n\t\t\t\t<div class=\"tb-accordion tb-accordion--animation tb-accordion-mobile-only text-part\">\n\t\t\t\t\t\t\t\t\t\t\t<div class=\"details\" id=\"practical-block-0\">\n\t\t\t\t\t\t\t<div class=\"summary\">\n\t\t\t\t\t\t\t\t\t\t\t\t<i class=\"icon fa-solid fa-location-crosshairs tb-style-block\" aria-hidden=\"true\"><\/i>\n\t\t\t Mission &amp; objectifs\t\t\t\t\t\t\t<\/div>\n\t\t\t\t\t\t\t<div class=\"content\">\n\t\t\t\t\t\t\t\t\t\t<div class=\"translation-block\"><p>Mission : Renforcer les personnes en pla\u00e7ant le travail digne, la formation et la croissance personnelle au centre.<\/p>\n<p><b>Objectifs :<\/b><\/p>\n<ul>\n<li>Cr\u00e9er des emplois stables avec des conditions de travail \u00e9quitables.<\/li>\n<li>Former et accompagner les employ\u00e9s, tant sur le plan professionnel que personnel.<\/li>\n<li>Contribuer au d\u00e9veloppement \u00e9conomique local de mani\u00e8re sociale et durable.<\/li>\n<li>Faire la preuve que l'entrepreneuriat et l'impact social peuvent aller de pair.<\/li>\n<\/ul><\/div>\n\t\t\t\t\t\t\t\t<\/div>\n\t\t\t\t\t\t<\/div>\n\t\t\t\t\t\t\t\t\t\t\t<div class=\"details\" id=\"practical-block-1\">\n\t\t\t\t\t\t\t<div class=\"summary\">\n\t\t\t\t\t\t\t\t\t\t\t\t<i class=\"icon fa-solid fa-hand-back-fist tb-style-block\" aria-hidden=\"true\"><\/i>\n\t\t\t Actions\t\t\t\t\t\t\t<\/div>\n\t\t\t\t\t\t\t<div class=\"content\">\n\t\t\t\t\t\t\t\t\t\t<div class=\"translation-block\"><ul>\n<li>BOETA sort les jeunes de la rue et les emploie dans diverses activit\u00e9s artisanales et de production, en mettant l'accent sur la qualit\u00e9 et la durabilit\u00e9.<\/li>\n<li>Les employ\u00e9s re\u00e7oivent une formation sur le tas et sont soutenus dans leur d\u00e9veloppement personnel.<\/li>\n<li>On travaille dans un environnement de travail s\u00fbr et respectueux o\u00f9 la croissance et la confiance sont au centre des pr\u00e9occupations.<\/li>\n<li>L'organisation combine l'entrepreneuriat avec un impact social : les revenus sont r\u00e9investis dans les personnes et leur avenir.<\/li>\n<\/ul><\/div>\n\t\t\t\t\t\t\t\t<\/div>\n\t\t\t\t\t\t<\/div>\n\t\t\t\t\t\t\t\t\t<\/div>\n\t\t\t<\/div>\n\t\t\t<\/div>\n<\/div>\n\n\n\n<div class=\"tb-quoteparallax tb-block align-center background-dark pattern-none variant-text_on_image\" id=\"quoteparallax\" style=\"background-image: url('https:\/\/bff.travelblox.eu\/wp-content\/uploads\/sites\/99\/2025\/12\/16ad13_ef6c1da46f9a4f0d8fe387fed8013083mv2-scaled.avif');\">\n\t\t<div class=\"inner-block tb-fade-in tb-fade-in--subtle\">\n\t\t\t\t\t<div class=\"text-part\">\n\t\t\t\t<h2>\u201cBoeta signifie \u2018grand fr\u00e8re\u2019 ; celui qui prend soin, prot\u00e8ge et aide \u00e0 avancer. C'est exactement le r\u00f4le que nous voulons jouer pour les personnes avec qui nous travaillons.\u201d<\/h2>\n\t\t\t\t\t\t<div class=\"translation-block\"><p><strong>Pieter<\/strong> <strong>Delanoy<\/strong> &#8211; fondateur de la Fondation Boeta<\/p><\/div>\n\t\t\t\t\t\t\t\t<\/div>\n\t\t\t\t\t<\/div>\n<\/div>\n\n\n\n<div class=\"tb-textimage1 tb-block align-center background-dark pattern-default variant-none tb-collapsible-margins\" id=\"textimage1-1\">\n\t<div class=\"inner-block tb-fade-in tb-fade-in--subtle\">\n\n\t\t\n\t\t<div class=\"text-part\">\n\t\t\t<h2>Comment votre don contribue au projet<\/h2>\n\t\t\t\t\t<div class=\"translation-block\"><p>Votre donatie permet d'accompagner durablement des personnes vers un emploi stable et une vie plus autonome. Elle soutient la formation, les postes de travail et l'accompagnement, afin que les employ\u00e9s aient non seulement des perspectives aujourd'hui, mais aussi \u00e0 long terme. Ainsi, vous aidez l'association BOETA \u00e0 r\u00e9aliser des changements structurels et \u00e0 cr\u00e9er des opportunit\u00e9s qui perdurent dans les familles et les communaut\u00e9s.<\/p><\/div>\n\t\t\t<\/div>\n\t<\/div>\n\t<div class=\"inner-block\">\n\t\t\t\t\t\t\t\t<\/div>\n\t<div class=\"inner-block tb-fade-in tb-fade-in--subtle\">\n\t\t<div class=\"text-part\">\n\t\t\t\t\t<div class=\"translation-block\"><\/div>\n\t\t\t\t<div class=\"tb-buttons-part\">\n\t\t\t\t\t\t<a href=\"https:\/\/www.boeta.be\/evenementen\"  target=\"_blank\" class=\"tb-button\">\n\t\t\tDeviens b\u00e9n\u00e9vole\t\t<\/a>\n\t\t\t\t\t\t\t\t<a href=\"mailto:info@butterfly-foundation.org\"  target=\"_blank\" class=\"tb-buttonlink\">\n\t\t\tInscris-toi par email.\t\t<\/a>\n\t\t\t\t\t<\/div>\n\t\t<\/div>\n\t<\/div>\n<\/div>\n\n\n<div class=\"tb-numbers tb-block align-center background-light pattern-custom variant-none tb-collapsible-margins\" id=\"donate-now\" style=\"background-image: url(http:\/\/wa.travelblox.eu\/wp-content\/uploads\/sites\/75\/2024\/01\/Blank-white.png)\">\n\t\t\t<div class=\"inner-block tb-fade-in tb-fade-in--subtle\">\n\t\t\t<div class=\"text-part\">\n\t\t\t\t<h2 class=\"title\">L'action collective fait la diff\u00e9rence.<\/h2>\n\t\t\t\t\t\t<div class=\"translation-block\"><p>En faisant un don \u00e0 la Butterfly Foundation, vous investissez dans un avenir o\u00f9 le voyage responsable devient la norme. Votre contribution renforce notre r\u00e9seau et augmente notre impact \u00e0 travers le monde. Vous pouvez choisir le montant que vous souhaitez donner via les liens ci-dessous, ou effectuer une contribution libre.<\/p><\/div>\n\t\t\t\t<\/div>\n\t\t<\/div>\n\t\t<div class=\"inner-block\">\n\t\t<div class=\"tb-transparent tb-grid-container\">\n\t\t\t<div class=\"tb-cards\">\n\t\t\t\t\t\t\t\t\t<div class=\"tb-card\">\n\t\t\t\t\t\t<div class=\"tb-card-content\">\n\t\t\t\t\t\t\t\t\t\t\t<i class=\"icon fa-solid fa-euro-sign\" aria-hidden=\"true\"><\/i>\n\t\t\t\t\t\t\t\t\t\t\t\t\t\t\t\t\t\t<div class=\"number\" data-target=\"20\">20<\/div>\n\t\t\t\t\t\t\t\t\t\t\t\t\t\t<div class=\"content\">\n\t\t\t\t\t\t\t\t\t\t<div class=\"translation-block\"><p><a href=\"https:\/\/paymentlink.mollie.com\/payment\/rmLoPTyH6A59eWYHOF39N\/\" target=\"_blank\">Faire un don de 20 \u20ac maintenant<\/a><\/p><p>&nbsp;<\/p><\/div>\n\t\t\t\t\t\t\t\t<\/div>\n\t\t\t\t\t\t<\/div>\n\t\t\t\t\t<\/div>\n\t\t\t\t\t\t\t\t\t<div class=\"tb-card\">\n\t\t\t\t\t\t<div class=\"tb-card-content\">\n\t\t\t\t\t\t\t\t\t\t\t<i class=\"icon fa-solid fa-euro-sign\" aria-hidden=\"true\"><\/i>\n\t\t\t\t\t\t\t\t\t\t\t\t\t\t\t\t\t\t<div class=\"number\" data-target=\"50\">50<\/div>\n\t\t\t\t\t\t\t\t\t\t\t\t\t\t<div class=\"content\">\n\t\t\t\t\t\t\t\t\t\t<div class=\"translation-block\"><p><a href=\"https:\/\/paymentlink.mollie.com\/payment\/HiLnwrCGSwS63wdFledb2\/\" target=\"_blank\">Faire un don de 50 \u20ac maintenant<\/a><\/p><\/div>\n\t\t\t\t\t\t\t\t<\/div>\n\t\t\t\t\t\t<\/div>\n\t\t\t\t\t<\/div>\n\t\t\t\t\t\t\t\t\t<div class=\"tb-card\">\n\t\t\t\t\t\t<div class=\"tb-card-content\">\n\t\t\t\t\t\t\t\t\t\t\t<i class=\"icon fa-solid fa-euro-sign\" aria-hidden=\"true\"><\/i>\n\t\t\t\t\t\t\t\t\t\t\t\t\t\t\t\t\t\t<div class=\"number\" data-target=\"100\">100<\/div>\n\t\t\t\t\t\t\t\t\t\t\t\t\t\t<div class=\"content\">\n\t\t\t\t\t\t\t\t\t\t<div class=\"translation-block\"><p><a href=\"https:\/\/paymentlink.mollie.com\/payment\/UIqxPYHukfewcRctE5DTf\/\" target=\"_blank\">Faire un don de 100 \u20ac maintenant<\/a><\/p><\/div>\n\t\t\t\t\t\t\t\t<\/div>\n\t\t\t\t\t\t<\/div>\n\t\t\t\t\t<\/div>\n\t\t\t\t\t\t\t\t\t<div class=\"tb-card\">\n\t\t\t\t\t\t<div class=\"tb-card-content\">\n\t\t\t\t\t\t\t\t\t\t\t<i class=\"icon fa-solid fa-euro-sign\" aria-hidden=\"true\"><\/i>\n\t\t\t\t\t\t\t\t\t\t\t\t\t\t\t\t\t\t<div class=\"number\" data-target=\"000\">000<\/div>\n\t\t\t\t\t\t\t\t\t\t\t\t\t\t<div class=\"content\">\n\t\t\t\t\t\t\t\t\t\t<div class=\"translation-block\"><p><a href=\"https:\/\/payment-links.mollie.com\/payment\/x92PREFRAGPDCVQvxY4sp\" target=\"_blank\" rel=\"noopener\">Faites un don libre<\/a><\/p>\n<p>&nbsp;<\/p><\/div>\n\t\t\t\t\t\t\t\t<\/div>\n\t\t\t\t\t\t<\/div>\n\t\t\t\t\t<\/div>\n\t\t\t\t\t\t\t<\/div>\n\t\t<\/div>\n\t<\/div>\n\t\t\t<div class=\"inner-block tb-fade-in tb-fade-in--subtle\">\n\t\t\t<div class=\"text-part\">\n\t\t\t\t\t\t<div class=\"translation-block\"><\/div>\n\t\t\t\t\t<div class=\"tb-buttons-part\">\n\t\t\t\t\t\t\t<a href=\"https:\/\/bff.travelblox.eu\/fr\/action\/#bff\"  target=\"\" class=\"tb-button\">\n\t\t\tFaire un don mensuel ou annuel.\t\t<\/a>\n\t\t\t\t\t\t<\/div>\n\t\t\t<\/div>\n\t\t<\/div>\n\t<\/div>","protected":false},"excerpt":{"rendered":"","protected":false},"author":48,"featured_media":2424,"parent":1507,"menu_order":0,"comment_status":"closed","ping_status":"closed","template":"","meta":{"_acf_changed":false,"inline_featured_image":false,"footnotes":""},"class_list":["post-2422","page","type-page","status-publish","has-post-thumbnail","hentry"],"acf":{"page_package_ids":"","is_main_package_page":false,"additional_linked_packages":[],"feed_page_to_atlas":true},"_links":{"self":[{"href":"https:\/\/bff.travelblox.eu\/fr\/wp-json\/wp\/v2\/pages\/2422","targetHints":{"allow":["GET"]}}],"collection":[{"href":"https:\/\/bff.travelblox.eu\/fr\/wp-json\/wp\/v2\/pages"}],"about":[{"href":"https:\/\/bff.travelblox.eu\/fr\/wp-json\/wp\/v2\/types\/page"}],"author":[{"embeddable":true,"href":"https:\/\/bff.travelblox.eu\/fr\/wp-json\/wp\/v2\/users\/48"}],"replies":[{"embeddable":true,"href":"https:\/\/bff.travelblox.eu\/fr\/wp-json\/wp\/v2\/comments?post=2422"}],"version-history":[{"count":1,"href":"https:\/\/bff.travelblox.eu\/fr\/wp-json\/wp\/v2\/pages\/2422\/revisions"}],"predecessor-version":[{"id":2426,"href":"https:\/\/bff.travelblox.eu\/fr\/wp-json\/wp\/v2\/pages\/2422\/revisions\/2426"}],"up":[{"embeddable":true,"href":"https:\/\/bff.travelblox.eu\/fr\/wp-json\/wp\/v2\/pages\/1507"}],"wp:featuredmedia":[{"embeddable":true,"href":"https:\/\/bff.travelblox.eu\/fr\/wp-json\/wp\/v2\/media\/2424"}],"wp:attachment":[{"href":"https:\/\/bff.travelblox.eu\/fr\/wp-json\/wp\/v2\/media?parent=2422"}],"curies":[{"name":"wp","href":"https:\/\/api.w.org\/{rel}","templated":true}]}}