{"id":1826,"date":"2025-03-18T21:04:51","date_gmt":"2025-03-18T21:04:51","guid":{"rendered":"https:\/\/bff.travelblox.eu\/?page_id=1826"},"modified":"2025-12-02T17:58:51","modified_gmt":"2025-12-02T17:58:51","slug":"dog-care-clinic","status":"publish","type":"page","link":"https:\/\/bff.travelblox.eu\/fr\/partners\/dog-care-clinic\/","title":{"rendered":"Clinique de soins pour chiens"},"content":{"rendered":"<div class=\"tb-header tb-block align-center background-dark pattern-none variant-none\" id=\"header\" data-fallback-background=\"https:\/\/bff.travelblox.eu\/wp-content\/uploads\/sites\/99\/2025\/03\/csm_Eyda__King_Arthur__Slucky_2023-03_DCC_-_Kopie_8ec73762dd.jpg\" style=\"background-image: url('https:\/\/bff.travelblox.eu\/wp-content\/uploads\/sites\/99\/2025\/03\/csm_Eyda__King_Arthur__Slucky_2023-03_DCC_-_Kopie_8ec73762dd.jpg'); background-position:;\">\n    <div class=\"tb-header-foreground\">\n        <div class=\"inner-block\">\n\n            <div class=\"main-part\">\n                <div class=\"text-part\">\n                                                                <h1 class=\"tb-title\">Clinique de soins pour chiens<\/h1>\n                                                                <h2 class=\"tb-subtitle\">\t\t<div class=\"translation-block\"><p>Pour le soin des animaux au Sri Lanka<\/p><\/div>\n\t<\/h2>\n                                                                                            <div class=\"tb-properties\">\n                                                                    <div class=\"tb-property\">\n                                                                                    <div class=\"tb-property__icon\">\n                                                \t\t\t\t<i class=\"icon fa-solid fa-calendar-days\" aria-hidden=\"true\"><\/i>\n\t\t\t                                            <\/div>\n                                                                                <div class=\"tb-property__label\">\n                                            2024                                        <\/div>\n                                    <\/div>\n                                    <div class=\"tb-properties__divider\"><\/div>\n                                                                                                    <div class=\"tb-property\">\n                                                                                    <div class=\"tb-property__icon\">\n                                                \t\t\t\t<i class=\"icon fa-solid fa-check\" aria-hidden=\"true\"><\/i>\n\t\t\t                                            <\/div>\n                                                                                <div class=\"tb-property__label\">\n                                            \u20ac1000                                        <\/div>\n                                    <\/div>\n                                    <div class=\"tb-properties__divider\"><\/div>\n                                                                                                    <div class=\"tb-property\">\n                                                                                    <div class=\"tb-property__icon\">\n                                                \t\t\t\t<i class=\"icon fa-solid fa-leaf\" aria-hidden=\"true\"><\/i>\n\t\t\t                                            <\/div>\n                                                                                <div class=\"tb-property__label\">\n                                            Plan\u00e8te                                        <\/div>\n                                    <\/div>\n                                                            <\/div>\n                                                                                        <div class=\"tb-buttons-part\">\n                                                            \t\t<a href=\"#donate-now\"  target=\"\" class=\"tb-button\">\n\t\t\tFaites un don maintenant\t\t<\/a>\n\t\t                                                                                <\/div>\n                                                        <\/div>\n            <\/div>\n            \t\t<a href=\"#\" class=\"scroll-down-button\">\n\t\t\t<i class=\"fa fa-arrow-down\"><\/i>\n\t\t<\/a>\n\t\n                    <\/div>\n    <\/div>\n\n    \n    \n<\/div>\n\n\n<div class=\"align-center tb-logos tb-block align-none background-light pattern-none variant-partners tb-collapsible-margins\" id=\"logos\">\n\t<div class=\"\">\n\t\t<div class=\"inner-block tb-fade-in tb-fade-in--subtle\">\n\t\t\t\t\t\t\t<h5 class=\"title\">Soutenu par<\/h5>\n\t\t\t\t\t<\/div>\n\t\t\t\t\t\n\t\t\t\t<div class=\"tb-logos__logos tb-logos__logos--carousel\">\n\t\t\t\t\t\t\t\t\t\t\t\t\t<div class=\"inner-block-full-width has-tb-carousel\" >\n\t\t\t<div class=\"tb-carousel-container\">\n\t\t\t\t<div class=\"entries tb-cards\" data-slider-first=\"1\">\n\t\t\t\t\t\t\t\t\t\t\t\t\t\t\t\t\t\t\t\t<div class=\"entry\">\n\t\t\t\t\t\t\t\t<a class=\"tb-logo tb-logo--full-color\" href='https:\/\/weadventures.com\/srilanka\/' title='WeAdventures' >\n\t\t<img src='https:\/\/bff.travelblox.eu\/wp-content\/uploads\/sites\/99\/2025\/02\/WA-brown-1024x1024.png' width='1024' height='1024' alt='' loading='lazy'>\n\t<\/a>\n\t\t\t\t\t\t<\/div>\n\t\t\t\t\t\t\t\t\t\t\t\t\t\t\t\t\t\t\t\t<\/div>\n\t\t\t\t\t\t<div class=\"tb-carousel-nav\">\n\t\t\t<div class=\"dots\">\n\t\t\t\t<div class=\"dot active\"><\/div>\n\t\t\t\t<div class=\"dot\"><\/div>\n\t\t\t\t<div class=\"dot\"><\/div>\n\t\t\t<\/div>\n\t\t\t<div class=\"arrows\">\n\t\t\t\t<div class=\"prev disabled\">\n\t\t\t\t\t<span><i class=\"fa fa-chevron-left\"><\/i><\/span>\n\t\t\t\t<\/div>\n\t\t\t\t<div class=\"next\">\n\t\t\t\t\t<span><i class=\"fa fa-chevron-right\"><\/i><\/span>\n\t\t\t\t<\/div>\n\t\t\t<\/div>\n\t\t<\/div>\n\t\t\t\t<\/div>\n\t\t<\/div>\n\t\t\t\t\t\t\t\t\t\t<\/div>\n\t\t\t\t\t\t\t<\/div>\n<\/div>\n\n<div class=\"tb-magazine tb-block align-none background-light pattern-none variant-none tb-collapsible-margins\" id=\"magazine\">\n\t<div class=\"inner-block tb-image-orientation-portrait tb-fade-in tb-fade-in--subtle\">\n\t\t<div class=\"inner-inner-block tb-image-alignment--center\">\n\t\t\t<div class=\"tb-magazine-image\">\n\t\t\t\t<img src='https:\/\/bff.travelblox.eu\/wp-content\/uploads\/sites\/99\/2025\/03\/WA_logo-3.png' width='540' height='540' loading='lazy'>\t\t\t<\/div>\n\t\t\t<div class=\"text-part\">\n\t\t\t\t<h2>Nous aidons les chiens en difficult\u00e9.<\/h2>\n\t\t\t\t\t\t<div class=\"translation-block\"><p>Dog Care Clinic (DCC) est une clinique v\u00e9t\u00e9rinaire au Sri Lanka, cr\u00e9\u00e9e pour am\u00e9liorer les soins des chiens bless\u00e9s, malades et n\u00e9glig\u00e9s. Avec un accent sur les soins humanitaires et la r\u00e9habilitation, la clinique offre un refuge s\u00fbr pour les chiens qui, autrement, n'auraient peut-\u00eatre pas de chances de gu\u00e9rison.<\/p><\/div>\n\t\t\t\t\t<div class=\"tb-buttons-part\">\n\t\t\t\t\t\t\t<a href=\"https:\/\/www.dogcare-clinic.com\"  target=\"_blank\" class=\"tb-button\">\n\t\t\tVisitez le site web\t\t<\/a>\n\t\t\t\t\t\t\t\t\t<a href=\"https:\/\/www.dogcare-clinic.com\/en\/how-to-help\/one-off-donations\"  target=\"_blank\" class=\"tb-buttonlink\">\n\t\t\tFaire un don\t\t<\/a>\n\t\t\t\t\t\t<\/div>\n\t\t\t<\/div>\n\t\t<\/div>\n\t<\/div>\n<\/div>\n\n\n\n<div class=\"tb-textimage2 tb-block align-left background-light pattern-none variant-text_first tb-collapsible-margins\" id=\"textimage2\">\n\t<div class=\"inner-block tb-fade-in\">\n\n\t\t\n\t\t<div class=\"tb-columns\">\n\t\t\t<div class=\"tb-column\">\n\t\t\t\t<div class=\"tb-text-part\">\n\t\t\t\t\t<h2>Pourquoi agir ?<\/h2>\n\t\t\t\t\t\t\t<div class=\"translation-block\"><p>La Dog Care Clinic est n\u00e9e de la n\u00e9cessit\u00e9 d'am\u00e9liorer la situation d\u00e9sastreuse des chiens au Sri Lanka. Beaucoup de chiens sont n\u00e9glig\u00e9s, bless\u00e9s ou exploit\u00e9s. La clinique leur offre des soins m\u00e9dicaux et cr\u00e9e un environnement s\u00fbr pour qu'ils puissent se r\u00e9tablir et avoir une seconde chance.<\/p><\/div>\n\t\t\t\t\t\t\t\t\t\t\t<div class=\"tb-buttons-part\">\n\t\t\t\t\t\t\t\t\t\t\t\t\t\t\t\t\t<\/div>\n\t\t\t\t<\/div>\n\t\t\t<\/div>\n\t\t\t<div class=\"tb-column\">\n\t\t\t\t\t\t\t\t\t\t\t\t\t\t\t<div class=\"tb-video-part\">\n\t\t\t\t\t\t\t<iframe loading=\"lazy\" title=\"#DDC - Otara et embarquement \u00e0 la Clinique de soins pour chiens \ud83d\udc3e\" width=\"640\" height=\"360\" src=\"https:\/\/www.youtube.com\/embed\/EDJ3Qnzoz0Q?feature=oembed&#038;preload=false&#038;autoplay=false&#038;muted=false&#038;playsinline=true&#038;controls=true&#038;responsive=true&#038;controlsList=nodownload&#038;oncontextmenu=return false;\" frameborder=\"0\" allow=\"accelerometer; autoplay; clipboard-write; encrypted-media; gyroscope; picture-in-picture; web-share\" referrerpolicy=\"strict-origin-when-cross-origin\" allowfullscreen><\/iframe>\t\t\t\t\t\t<\/div>\n\t\t\t\t\t\t\t\t\t\t\t\t<\/div>\n\t\t<\/div>\n\t<\/div>\n<\/div>\n\n<div class=\"tb-practical tb-block align-none background-light pattern-custom variant-none tb-collapsible-margins\" id=\"practical\" style=\"background-image: url(http:\/\/wa.travelblox.eu\/wp-content\/uploads\/sites\/75\/2024\/01\/Blank.png)\">\n\t<div class=\"inner-block tb-fade-in\">\n\t\t<div class=\"text-part\">\n\t\t\t<h2>Notre impact<\/h2>\n\t\t\t\t\t<div class=\"translation-block\"><\/div>\n\t\t\t<\/div>\n\t<\/div>\n\t<div class=\"inner-block tb-fade-in\">\n\t\t\t\t\t<div class=\"practical-cols\">\n\t\t\t\t<div class=\"practical-nav-container\">\n\t\t\t\t\t<ul class=\"practical-nav tb-style-block\">\n\t\t\t\t\t\t\t\t\t\t\t\t\t<li><a href=\"#practical-block-0\">Mission &amp; objectifs<\/a><\/li>\n\t\t\t\t\t\t\t\t\t\t\t\t\t<li><a href=\"#practical-block-1\">Actions<\/a><\/li>\n\t\t\t\t\t\t\t\t\t\t\t<\/ul>\n\t\t\t\t<\/div>\n\t\t\t\t<div class=\"tb-accordion tb-accordion--animation tb-accordion-mobile-only text-part\">\n\t\t\t\t\t\t\t\t\t\t\t<div class=\"details\" id=\"practical-block-0\">\n\t\t\t\t\t\t\t<div class=\"summary\">\n\t\t\t\t\t\t\t\t\t\t\t\t<i class=\"icon fa-solid fa-location-crosshairs tb-style-block\" aria-hidden=\"true\"><\/i>\n\t\t\t Mission &amp; objectifs\t\t\t\t\t\t\t<\/div>\n\t\t\t\t\t\t\t<div class=\"content\">\n\t\t\t\t\t\t\t\t\t\t<div class=\"translation-block\"><p>La mission de DCC est d'am\u00e9liorer les conditions de vie des chiens au Sri Lanka gr\u00e2ce \u00e0 des soins de sant\u00e9, de l'\u00e9ducation et des programmes d'adoption. Ils se concentrent sur le soin des animaux bless\u00e9s et n\u00e9glig\u00e9s, la r\u00e9alisation de campagnes de st\u00e9rilisation et de vaccination, et la promotion du bien-\u00eatre animal dans la communaut\u00e9.<\/p><\/div>\n\t\t\t\t\t\t\t\t<\/div>\n\t\t\t\t\t\t<\/div>\n\t\t\t\t\t\t\t\t\t\t\t<div class=\"details\" id=\"practical-block-1\">\n\t\t\t\t\t\t\t<div class=\"summary\">\n\t\t\t\t\t\t\t\t\t\t\t\t<i class=\"icon fa-solid fa-hand-back-fist tb-style-block\" aria-hidden=\"true\"><\/i>\n\t\t\t Actions\t\t\t\t\t\t\t<\/div>\n\t\t\t\t\t\t\t<div class=\"content\">\n\t\t\t\t\t\t\t\t\t\t<div class=\"translation-block\"><p>DCC propose une large gamme de services, allant des interventions chirurgicales \u00e0 la r\u00e9habilitation des chiens malades. Ils disposent d'un espace sp\u00e9cialement r\u00e9serv\u00e9 aux chiens handicap\u00e9s et \u00e2g\u00e9s qui ne peuvent plus survivre dans leur environnement pr\u00e9c\u00e9dent. Ils offrent \u00e9galement de l'\u00e9ducation et du soutien \u00e0 la communaut\u00e9 locale, tout en mettant en place des programmes qui placent des chiens dans des refuges ou aident \u00e0 am\u00e9liorer leur sant\u00e9 gr\u00e2ce \u00e0 des vaccinations et \u00e0 la st\u00e9rilisation.<\/p><\/div>\n\t\t\t\t\t\t\t\t<\/div>\n\t\t\t\t\t\t<\/div>\n\t\t\t\t\t\t\t\t\t<\/div>\n\t\t\t<\/div>\n\t\t\t<\/div>\n<\/div>\n\n\n\n<div class=\"tb-quoteparallax tb-block align-center background-dark pattern-none variant-text_on_image\" id=\"quoteparallax\" style=\"background-image: url('https:\/\/bff.travelblox.eu\/wp-content\/uploads\/sites\/99\/2025\/03\/01Field7.jpeg');\">\n\t\t<div class=\"inner-block tb-fade-in tb-fade-in--subtle\">\n\t\t\t\t\t<div class=\"text-part\">\n\t\t\t\t<h2>\u00ab Nous prenons soin des chiens que les autres pourraient ignorer et leur offrons une chance pour une nouvelle vie. \u00bb<\/h2>\n\t\t\t\t\t\t<div class=\"translation-block\"><p><strong>Kim Cooling<\/strong> &#8211; Fondatrice d'Animal SOS Sri Lanka<\/p><\/div>\n\t\t\t\t\t\t\t\t<\/div>\n\t\t\t\t\t<\/div>\n<\/div>\n\n\n\n<div class=\"tb-textimage1 tb-block align-center background-dark pattern-default variant-none tb-collapsible-margins\" id=\"textimage1-1\">\n\t<div class=\"inner-block tb-fade-in tb-fade-in--subtle\">\n\n\t\t\n\t\t<div class=\"text-part\">\n\t\t\t<h2>Comment votre don contribue au projet<\/h2>\n\t\t\t\t\t<div class=\"translation-block\"><p>Votre don soutient les co\u00fbts des traitements m\u00e9dicaux, de la nourriture et des soins pour les chiens au Sri Lanka. Les dons uniques ou les parrainages \u00e0 long terme aident la clinique \u00e0 poursuivre son travail crucial, \u00e0 \u00e9tendre ses programmes de st\u00e9rilisation et \u00e0 am\u00e9liorer la qualit\u00e9 de vie des chiens qui y s\u00e9journent. Votre contribution fait une \u00e9norme diff\u00e9rence pour l'avenir de ces chiens.<\/p><\/div>\n\t\t\t<\/div>\n\t<\/div>\n\t<div class=\"inner-block\">\n\t\t\t\t\t\t\t\t<\/div>\n\t<div class=\"inner-block tb-fade-in tb-fade-in--subtle\">\n\t\t<div class=\"text-part\">\n\t\t\t\t\t<div class=\"translation-block\"><\/div>\n\t\t\t\t<div class=\"tb-buttons-part\">\n\t\t\t\t\t\t\t\t\t\t\t<\/div>\n\t\t<\/div>\n\t<\/div>\n<\/div>\n\n\n<div class=\"tb-numbers tb-block align-center background-light pattern-custom variant-none tb-collapsible-margins\" id=\"donate-now\" style=\"background-image: url(http:\/\/wa.travelblox.eu\/wp-content\/uploads\/sites\/75\/2024\/01\/Blank-white.png)\">\n\t\t\t<div class=\"inner-block tb-fade-in tb-fade-in--subtle\">\n\t\t\t<div class=\"text-part\">\n\t\t\t\t<h2 class=\"title\">L'action collective fait la diff\u00e9rence.<\/h2>\n\t\t\t\t\t\t<div class=\"translation-block\"><p>En faisant un don \u00e0 la Butterfly Foundation, vous investissez dans un avenir o\u00f9 le voyage responsable devient la norme. Votre contribution renforce notre r\u00e9seau et augmente notre impact \u00e0 travers le monde. Vous pouvez choisir le montant que vous souhaitez donner via les liens ci-dessous, ou effectuer une contribution libre.<\/p><\/div>\n\t\t\t\t<\/div>\n\t\t<\/div>\n\t\t<div class=\"inner-block\">\n\t\t<div class=\"tb-transparent tb-grid-container\">\n\t\t\t<div class=\"tb-cards\">\n\t\t\t\t\t\t\t\t\t<div class=\"tb-card\">\n\t\t\t\t\t\t<div class=\"tb-card-content\">\n\t\t\t\t\t\t\t\t\t\t\t<i class=\"icon fa-solid fa-euro-sign\" aria-hidden=\"true\"><\/i>\n\t\t\t\t\t\t\t\t\t\t\t\t\t\t\t\t\t\t<div class=\"number\" data-target=\"20\">20<\/div>\n\t\t\t\t\t\t\t\t\t\t\t\t\t\t<div class=\"content\">\n\t\t\t\t\t\t\t\t\t\t<div class=\"translation-block\"><p><a href=\"https:\/\/paymentlink.mollie.com\/payment\/rmLoPTyH6A59eWYHOF39N\/\" target=\"_blank\">Faire un don de 20 \u20ac maintenant<\/a><\/p><p>&nbsp;<\/p><\/div>\n\t\t\t\t\t\t\t\t<\/div>\n\t\t\t\t\t\t<\/div>\n\t\t\t\t\t<\/div>\n\t\t\t\t\t\t\t\t\t<div class=\"tb-card\">\n\t\t\t\t\t\t<div class=\"tb-card-content\">\n\t\t\t\t\t\t\t\t\t\t\t<i class=\"icon fa-solid fa-euro-sign\" aria-hidden=\"true\"><\/i>\n\t\t\t\t\t\t\t\t\t\t\t\t\t\t\t\t\t\t<div class=\"number\" data-target=\"50\">50<\/div>\n\t\t\t\t\t\t\t\t\t\t\t\t\t\t<div class=\"content\">\n\t\t\t\t\t\t\t\t\t\t<div class=\"translation-block\"><p><a href=\"https:\/\/paymentlink.mollie.com\/payment\/HiLnwrCGSwS63wdFledb2\/\" target=\"_blank\">Faire un don de 50 \u20ac maintenant<\/a><\/p><\/div>\n\t\t\t\t\t\t\t\t<\/div>\n\t\t\t\t\t\t<\/div>\n\t\t\t\t\t<\/div>\n\t\t\t\t\t\t\t\t\t<div class=\"tb-card\">\n\t\t\t\t\t\t<div class=\"tb-card-content\">\n\t\t\t\t\t\t\t\t\t\t\t<i class=\"icon fa-solid fa-euro-sign\" aria-hidden=\"true\"><\/i>\n\t\t\t\t\t\t\t\t\t\t\t\t\t\t\t\t\t\t<div class=\"number\" data-target=\"100\">100<\/div>\n\t\t\t\t\t\t\t\t\t\t\t\t\t\t<div class=\"content\">\n\t\t\t\t\t\t\t\t\t\t<div class=\"translation-block\"><p><a href=\"https:\/\/paymentlink.mollie.com\/payment\/UIqxPYHukfewcRctE5DTf\/\" target=\"_blank\">Faire un don de 100 \u20ac maintenant<\/a><\/p><\/div>\n\t\t\t\t\t\t\t\t<\/div>\n\t\t\t\t\t\t<\/div>\n\t\t\t\t\t<\/div>\n\t\t\t\t\t\t\t\t\t<div class=\"tb-card\">\n\t\t\t\t\t\t<div class=\"tb-card-content\">\n\t\t\t\t\t\t\t\t\t\t\t<i class=\"icon fa-solid fa-euro-sign\" aria-hidden=\"true\"><\/i>\n\t\t\t\t\t\t\t\t\t\t\t\t\t\t\t\t\t\t<div class=\"number\" data-target=\"000\">000<\/div>\n\t\t\t\t\t\t\t\t\t\t\t\t\t\t<div class=\"content\">\n\t\t\t\t\t\t\t\t\t\t<div class=\"translation-block\"><p><a href=\"https:\/\/payment-links.mollie.com\/payment\/x92PREFRAGPDCVQvxY4sp\" target=\"_blank\" rel=\"noopener\">Faites un don libre<\/a><\/p>\n<p>&nbsp;<\/p><\/div>\n\t\t\t\t\t\t\t\t<\/div>\n\t\t\t\t\t\t<\/div>\n\t\t\t\t\t<\/div>\n\t\t\t\t\t\t\t<\/div>\n\t\t<\/div>\n\t<\/div>\n\t\t\t<div class=\"inner-block tb-fade-in tb-fade-in--subtle\">\n\t\t\t<div class=\"text-part\">\n\t\t\t\t\t\t<div class=\"translation-block\"><\/div>\n\t\t\t\t\t<div class=\"tb-buttons-part\">\n\t\t\t\t\t\t\t<a href=\"https:\/\/bff.travelblox.eu\/fr\/action\/#bff\"  target=\"\" class=\"tb-button\">\n\t\t\tFaire un don mensuel ou annuel.\t\t<\/a>\n\t\t\t\t\t\t<\/div>\n\t\t\t<\/div>\n\t\t<\/div>\n\t<\/div>","protected":false},"excerpt":{"rendered":"","protected":false},"author":48,"featured_media":1828,"parent":1507,"menu_order":0,"comment_status":"closed","ping_status":"closed","template":"","meta":{"_acf_changed":false,"inline_featured_image":false,"footnotes":""},"class_list":["post-1826","page","type-page","status-publish","has-post-thumbnail","hentry"],"acf":{"page_package_ids":"","is_main_package_page":false,"additional_linked_packages":[],"feed_page_to_atlas":true},"_links":{"self":[{"href":"https:\/\/bff.travelblox.eu\/fr\/wp-json\/wp\/v2\/pages\/1826","targetHints":{"allow":["GET"]}}],"collection":[{"href":"https:\/\/bff.travelblox.eu\/fr\/wp-json\/wp\/v2\/pages"}],"about":[{"href":"https:\/\/bff.travelblox.eu\/fr\/wp-json\/wp\/v2\/types\/page"}],"author":[{"embeddable":true,"href":"https:\/\/bff.travelblox.eu\/fr\/wp-json\/wp\/v2\/users\/48"}],"replies":[{"embeddable":true,"href":"https:\/\/bff.travelblox.eu\/fr\/wp-json\/wp\/v2\/comments?post=1826"}],"version-history":[{"count":6,"href":"https:\/\/bff.travelblox.eu\/fr\/wp-json\/wp\/v2\/pages\/1826\/revisions"}],"predecessor-version":[{"id":2352,"href":"https:\/\/bff.travelblox.eu\/fr\/wp-json\/wp\/v2\/pages\/1826\/revisions\/2352"}],"up":[{"embeddable":true,"href":"https:\/\/bff.travelblox.eu\/fr\/wp-json\/wp\/v2\/pages\/1507"}],"wp:featuredmedia":[{"embeddable":true,"href":"https:\/\/bff.travelblox.eu\/fr\/wp-json\/wp\/v2\/media\/1828"}],"wp:attachment":[{"href":"https:\/\/bff.travelblox.eu\/fr\/wp-json\/wp\/v2\/media?parent=1826"}],"curies":[{"name":"wp","href":"https:\/\/api.w.org\/{rel}","templated":true}]}}