{"id":94,"date":"2024-03-30T07:11:36","date_gmt":"2024-03-30T07:11:36","guid":{"rendered":"https:\/\/bff.travelblox.eu\/?page_id=94"},"modified":"2026-04-01T19:13:14","modified_gmt":"2026-04-01T19:13:14","slug":"about","status":"publish","type":"page","link":"https:\/\/bff.travelblox.eu\/de\/about\/","title":{"rendered":"\u00dcber uns"},"content":{"rendered":"<div class=\"tb-header tb-block align-center background-dark pattern-none variant-none\" id=\"header\" data-fallback-background=\"https:\/\/bff.travelblox.eu\/wp-content\/uploads\/sites\/99\/2024\/04\/NAN23_Manon_HR-49-1024x683-1.jpg\" style=\"background-image: url('https:\/\/bff.travelblox.eu\/wp-content\/uploads\/sites\/99\/2024\/04\/NAN23_Manon_HR-49-1024x683-1.jpg'); background-position:;\">\n    <div class=\"tb-header-foreground\">\n        <div class=\"inner-block\">\n\n            <div class=\"main-part\">\n                <div class=\"text-part\">\n                                            <p>Unsere Philosophie<\/p>\n                                                                <h1 class=\"tb-title\">Der Schmetterlingseffekt<\/h1>\n                                                                <h2 class=\"tb-subtitle\">\t\t<div class=\"translation-block\"><p>Es sind die kleinen, schrittweisen Ver\u00e4nderungen \u00fcber die Zeit...<\/p><\/div>\n\t<\/h2>\n                                                                                                                                <div class=\"tb-buttons-part\">\n                                                            \t\t<a href=\"#butterfly-effect\"  target=\"\" class=\"tb-button\">\n\t\t\tDie Kraft von 1% \ud83e\udd8b\t\t<\/a>\n\t\t                                                                                        \t\t<a href=\"#values\"  target=\"\" class=\"tb-buttonlink\">\n\t\t\tEntdecke unsere Kernwerte.\t\t<\/a>\n\t\t                                                    <\/div>\n                                                        <\/div>\n            <\/div>\n            \t\t<a href=\"#\" class=\"scroll-down-button\">\n\t\t\t<i class=\"fa fa-arrow-down\"><\/i>\n\t\t<\/a>\n\t\n                    <\/div>\n    <\/div>\n\n    \n    \n<\/div>\n\n\n<div class=\"tb-leadtext tb-block align-center background-light pattern-none variant-none tb-collapsible-margins\" id=\"leadtext\">\n\t<div class=\"inner-block tb-fade-in tb-fade-in--subtle\">\n\t\t<div class=\"text-part\">\n\t\t\t\t\t<div class=\"translation-block\"><p>Unsere Mission ist es, die <strong>positive Wirkung des Reisens<\/strong> zu <strong>maximieren<\/strong>.<br \/>Unsere Vision ist es, <strong>die gesamte Reiseindustrie<\/strong> in unsere Geschichte einzubeziehen.<\/p><\/div>\n\t\t\t<\/div>\n\t<\/div>\n<\/div>\n\n\n\n<div class=\"tb-textimage2 tb-block align-center background-light pattern-custom variant-text_first tb-collapsible-margins\" id=\"butterfly-effect\" style=\"background-image: url(http:\/\/wa.travelblox.eu\/wp-content\/uploads\/sites\/75\/2024\/01\/Coming-Soon-1.png)\">\n\t<div class=\"inner-block tb-fade-in\">\n\n\t\t\n\t\t<div class=\"tb-columns\">\n\t\t\t<div class=\"tb-column\">\n\t\t\t\t<div class=\"tb-text-part\">\n\t\t\t\t\t<h2>Die Kraft von 1%<\/h2>\n\t\t\t\t\t\t\t<div class=\"translation-block\"><p>Einzigartige Reiseerlebnisse und unvergessliche Erinnerungen zu schaffen, geht oft auf Kosten des Planeten oder der lokalen Gemeinschaften.<\/p>\n<p>Die Butterfly Foundation m\u00f6chte zeigen, dass man \u201eReisen\u201c auch als Werkzeug gegen die Klimakrise einsetzen kann, um eine <strong>noch positivere Auswirkung<\/strong> auf <strong>Menschen und Umwelt<\/strong> zu hinterlassen.<\/p>\n<p>Wenn ein Schmetterling mit seinen Fl\u00fcgeln schl\u00e4gt, verursacht er auf der anderen Seite des Erdballs einen Wirbelwind. So sorgen auch kleine \u2013 oft unsichtbare \u2013 positive Ver\u00e4nderungen konstant f\u00fcr einen riesigen positiven Einfluss auf lange Sicht. Das ist die Kraft des <em>The Butterfly Effect<\/em>.<\/p><\/div>\n\t\t\t\t\t\t\t\t\t\t\t<div class=\"tb-buttons-part\">\n\t\t\t\t\t\t\t\t<a href=\"#values\"  target=\"\" class=\"tb-button\">\n\t\t\tUnsere Kernwerte\t\t<\/a>\n\t\t\t\t\t\t\t\t\t\t\t\t\t<\/div>\n\t\t\t\t<\/div>\n\t\t\t<\/div>\n\t\t\t<div class=\"tb-column\">\n\t\t\t\t\t\t\t\t\t\t\t\t\t\t\t<div class=\"tb-image-part\">\n\t\t\t\t\t\t\t<img src='https:\/\/bff.travelblox.eu\/wp-content\/uploads\/sites\/99\/2024\/03\/PRT23_MaxKaandorp_LR-26-scaled-1-e1712409936262-768x615.jpg' width='768' height='615' loading='lazy' image_size='medium_large'>\t\t\t\t\t\t<\/div>\n\t\t\t\t\t\t\t\t\t\t\t\t<\/div>\n\t\t<\/div>\n\t<\/div>\n<\/div>\n\n\n<div class=\"tb-quoteparallax tb-block align-center background-dark pattern-none variant-text_on_image\" id=\"quoteparallax\" style=\"background-image: url('https:\/\/bff.travelblox.eu\/wp-content\/uploads\/sites\/99\/2024\/04\/TKT23_MICHIELANNAERT_HR-47-2048x1152-1.jpg');\">\n\t\t<div class=\"inner-block tb-fade-in tb-fade-in--subtle\">\n\t\t\t\t\t<div class=\"text-part\">\n\t\t\t\t<h2>Du hast die Kraft in dir, die Welt zu ver\u00e4ndern. Alles, was du tust, mag noch so klein sein, hat Bedeutung.<\/h2>\n\t\t\t\t\t\t<div class=\"translation-block\"><p>Der Schmetterlingseffekt<\/p><\/div>\n\t\t\t\t\t\t\t\t<\/div>\n\t\t\t\t\t<\/div>\n<\/div>\n\n\n\n<div class=\"tb-howtogetthere tb-block align-none background-light pattern-custom variant-none tb-collapsible-margins\" id=\"values\" style=\"background-image: url(http:\/\/wa.travelblox.eu\/wp-content\/uploads\/sites\/75\/2024\/01\/Blank-white.png)\">\n\t<div class=\"inner-block tb-fade-in tb-fade-in--subtle\">\n\t\t<div class=\"text-part\">\n\t\t\t<h2>3 Prinzipien, nach denen man leben sollte<\/h2>\n\t\t\t\t\t<div class=\"translation-block\"><p>Planet &#8211; People &#8211; Profit sind untrennbar miteinander verbunden. Eine positive Auswirkung auf die <strong>Lebensumwelt<\/strong> zu schaffen, hat automatisch einen positiven Effekt auf die <strong>Menschen<\/strong> und die <strong>Wirtschaft<\/strong>.<\/p><\/div>\n\t\t\t\t\t\t<\/div>\n\t<\/div>\n\t\t\t<div class=\"inner-block tb-fade-in tb-fade-in--subtle\">\n\t\t\t\t\t\t\t<div class=\"tb-sections\">\n\t\t\t\t\t\t\t\t\t\t\t\t\t\t\t\t\t\t<div class=\"tb-section entries\" id=\"values-section-0\">\n\t\t\t\t\t\t\t\t\t\t\t\t\t\t\t\t\t<div class=\"entry\">\n\t\t\t\t\t\t\t\t\t\t\t\t\t\t<i class=\"icon fa-solid fa-earth-americas\" aria-hidden=\"true\"><\/i>\n\t\t\t\t\t\t\t\t\t\t\t\t\t<div class=\"text-part\">\n\t\t\t\t\t\t\t\t\t\t\t<h4>Planet<\/h4>\n\t\t\t\t\t\t\t\t\t\t\t\t\t<div class=\"translation-block\"><p>Helfen wir mit, lokale \u00d6kosysteme zu sch\u00fctzen und zu verhindern, dass die Klimakrise schlimmer wird? <a href=\"https:\/\/bff.travelblox.eu\/de\/responsibility\/#planet\" rel=\"noopener\">Lies mehr \u00fcber Planet<\/a><\/p><\/div>\n\t\t\t\t\t\t\t\t\t\t\t<\/div>\n\t\t\t\t\t\t\t\t\t<\/div>\n\t\t\t\t\t\t\t\t\t\t\t\t\t\t\t\t\t<div class=\"entry\">\n\t\t\t\t\t\t\t\t\t\t\t\t\t\t<i class=\"icon fa-solid fa-person-hiking\" aria-hidden=\"true\"><\/i>\n\t\t\t\t\t\t\t\t\t\t\t\t\t<div class=\"text-part\">\n\t\t\t\t\t\t\t\t\t\t\t<h4>Menschen<\/h4>\n\t\t\t\t\t\t\t\t\t\t\t\t\t<div class=\"translation-block\"><p>Haben wir an unsere soziale Wirkung gedacht, nicht nur an die Kunden oder Partner, sondern an die Gesellschaft im Allgemeinen? <a href=\"https:\/\/bff.travelblox.eu\/de\/responsibility\/#people\" rel=\"noopener\">Lies mehr \u00fcber People<\/a><\/p><\/div>\n\t\t\t\t\t\t\t\t\t\t\t<\/div>\n\t\t\t\t\t\t\t\t\t<\/div>\n\t\t\t\t\t\t\t\t\t\t\t\t\t\t\t\t\t<div class=\"entry\">\n\t\t\t\t\t\t\t\t\t\t\t\t\t\t<i class=\"icon fa-solid fa-coins\" aria-hidden=\"true\"><\/i>\n\t\t\t\t\t\t\t\t\t\t\t\t\t<div class=\"text-part\">\n\t\t\t\t\t\t\t\t\t\t\t<h4>Profit<\/h4>\n\t\t\t\t\t\t\t\t\t\t\t\t\t<div class=\"translation-block\"><p>Bringt es etwas ein? Ist alles, was wir tun, finanziell vorteilhaft mit der Technologie und den Mitteln, die zur Verf\u00fcgung stehen? <a href=\"https:\/\/bff.travelblox.eu\/de\/#numbers\">Lies mehr \u00fcber Profit<\/a><\/p><\/div>\n\t\t\t\t\t\t\t\t\t\t\t<\/div>\n\t\t\t\t\t\t\t\t\t<\/div>\n\t\t\t\t\t\t\t\t\t\t\t\t\t\t\t<\/div>\n\t\t\t\t\t\t\t\t\t\t\t\t\t\t\t<\/div>\n\t\t\t\t\t<\/div>\n\t<\/div>\n\n\n<div class=\"tb-textimage2 tb-block align-center background-light pattern-custom variant-text_first tb-collapsible-margins\" id=\"elephant\" style=\"background-image: url(http:\/\/wa.travelblox.eu\/wp-content\/uploads\/sites\/75\/2024\/01\/Blank.png)\">\n\t<div class=\"inner-block tb-fade-in\">\n\n\t\t\n\t\t<div class=\"tb-columns\">\n\t\t\t<div class=\"tb-column\">\n\t\t\t\t<div class=\"tb-text-part\">\n\t\t\t\t\t<h2>Das unangenehme Thema, \u00fcber das keiner sprechen m\u00f6chte.<\/h2>\n\t\t\t\t\t\t\t<div class=\"translation-block\"><p>Im Jahr 2023 reisten 1,3 Milliarden Menschen in die entlegensten Ecken der Welt, und die Nachfrage nach immer abgelegeneren, tiefgehenden <em>off-the-beaten-path<\/em> Reisen steigt von Jahr zu Jahr. Reisen ist untrennbar mit hohen CO\u2082-Emissionen und einer gro\u00dfen Auswirkung auf lokale \u00d6kosysteme und soziale Gemeinschaften verbunden.<\/p>\n<p>Mit dem <strong>gigantischen Fu\u00dfabdruck der Reiseindustrie<\/strong> im Hinterkopf steht uns noch ein langer Weg bevor. Diese Industrie 100% verantwortlich zu machen, ist eine Titanenaufgabe, aber der Weg zu positiven Ver\u00e4nderungen ist wichtiger als das Ziel.<\/p>\n<p>Als Gruppe von Menschen, die gerne reisen, m\u00f6chten wir zeigen, dass wir \u2013 trotz all unserer Unvollkommenheiten \u2013 erkennen, wo unsere negative Auswirkung liegt und wo unsere gesellschaftlichen und sozialen Verantwortlichkeiten liegen. Und wenn wir den Mut haben, diese Verantwortlichkeiten zu \u00fcbernehmen, wirst du schnell merken, dass ihre Wirkung \u2013 in welcher Form auch immer \u2013 immer positiv und fortschrittlich ist. <strong>Kleine Aktionen bauen aufeinander auf<\/strong>.<\/p><\/div>\n\t\t\t\t\t\t\t\t\t\t\t<div class=\"tb-buttons-part\">\n\t\t\t\t\t\t\t\t<a href=\"#join\"  target=\"\" class=\"tb-button\">\n\t\t\tWie kann man mithelfen?\t\t<\/a>\n\t\t\t\t\t\t\t\t\t\t<a href=\"https:\/\/travelbase.de\/blog\/nachhaltiges-reisen-wie-machen-wir-unsere-urlaube-oekologischer\/\"  target=\"_blank\" class=\"tb-buttonlink\">\n\t\t\tTips for traveling more sustainably\t\t<\/a>\n\t\t\t\t\t\t\t<\/div>\n\t\t\t\t<\/div>\n\t\t\t<\/div>\n\t\t\t<div class=\"tb-column\">\n\t\t\t\t\t\t\t\t\t\t\t\t\t\t\t<div class=\"tb-image-part\">\n\t\t\t\t\t\t\t<img src='https:\/\/bff.travelblox.eu\/wp-content\/uploads\/sites\/99\/2024\/04\/NAN23_MANON_LR-67-1-1024x684-1-768x513.jpg' width='768' height='513' loading='lazy' image_size='medium_large'>\t\t\t\t\t\t<\/div>\n\t\t\t\t\t\t\t\t\t\t\t\t<\/div>\n\t\t<\/div>\n\t<\/div>\n<\/div>\n\n\n<div class=\"tb-quoteparallax tb-block align-center background-dark pattern-none variant-text_in_box\" id=\"join\" style=\"background-image: url('https:\/\/bff.travelblox.eu\/wp-content\/uploads\/sites\/99\/2024\/04\/TKT23_MICHIELANNAERT_HR-4-768x1024-1.jpg');\">\n\t\t<div class=\"inner-block tb-fade-in tb-fade-in--subtle\">\n\t\t\t\t\t<div class=\"text-part\">\n\t\t\t\t<h2>Wie kannst du uns beitreten?<\/h2>\n\t\t\t\t\t\t<div class=\"translation-block\"><p>Bist du eine Privatperson, Influencer oder Organisation, die alles f\u00fcr eine bessere Zukunft gibt? Schlie\u00dfe einen Pakt mit uns als <strong>BFF<\/strong>&nbsp;<em>(= ButterFly Friend)<\/em>, indem du in das Wohl&nbsp;des Planeten und all seiner Lebewesen <strong>investierst<\/strong> \u2013 sei es durch einen einmaligen, monatlichen oder j\u00e4hrlichen finanziellen Beitrag.<\/p>\n<p><em>Es ist einfach die richtige Wahl<\/em>&#8230;<\/p>\n<p>Oder bist du eine gemeinn\u00fctzige Organisation, die Unterst\u00fctzung f\u00fcr dein Projekt sucht, oder ben\u00f6tigst du als Aktivistengruppe Hilfe, um deine Mission zu erf\u00fcllen? Werde Partner.<\/p><\/div>\n\t\t\t\t\t\t\t\t\t\t<div class=\"tb-buttons-part\">\n\t\t\t\t\t\t\t\t<a href=\"https:\/\/bff.travelblox.eu\/de\/action\/#bff\"  target=\"\" class=\"tb-button\">\n\t\t\tWerde BFF\t\t<\/a>\n\t\t\t\t\t\t\t\t\t\t<a href=\"https:\/\/bff.travelblox.eu\/de\/action\/#partner\"  target=\"\" class=\"tb-buttonlink\">\n\t\t\tTreten Sie als Partner bei\t\t<\/a>\n\t\t\t\t\t\t\t<\/div>\n\t\t\t\t\t\t\t<\/div>\n\t\t\t\t\t<\/div>\n<\/div>\n\n\n\n<div class=\"tb-textimage2 tb-block align-center background-dark pattern-default variant-image_first tb-collapsible-margins\" id=\"history\">\n\t<div class=\"inner-block tb-fade-in\">\n\n\t\t\n\t\t<div class=\"tb-columns\">\n\t\t\t<div class=\"tb-column\">\n\t\t\t\t<div class=\"tb-text-part\">\n\t\t\t\t\t<h2>Geschichte<\/h2>\n\t\t\t\t\t\t\t<div class=\"translation-block\"><p>Die Butterfly Foundation wurde 2024 von <a href=\"https:\/\/travelbase.eu\">Travelbase<\/a> gegr\u00fcndet, einer schnell wachsenden Organisation mit \u00fcber 20 einzigartigen Reisemarken und Communities, die sich auf Natur- und Abenteuerreisen spezialisiert hat. Als Reiseveranstalter erfordert die Reduzierung der \u00f6kologischen Auswirkungen mehr als nur gute Absichten \u2013 es bedarf <strong>konkreter Ma\u00dfnahmen<\/strong>.<\/p>\n<p>Derzeit ist Travelbase f\u00fcr den Gro\u00dfteil der Finanzierung der Butterfly Foundation verantwortlich. Travelbase spendet <strong>1% des Umsatzes<\/strong> ihrer finanziell gesunden Gesch\u00e4ftseinheiten <strong>an die Butterfly Foundation<\/strong>. Wenn du eine Reise bei Travelbase buchst, unterst\u00fctzt du gleichzeitig die Butterfly Foundation, die diese Mittel an gemeinn\u00fctzige Organisationen verteilt, die mit deinem Reiseziel verbunden sind. So tr\u00e4gst du, w\u00e4hrend du die Welt erkundest, auch zu einer nachhaltigeren Reisebranche bei.<\/p>\n<p>Zus\u00e4tzlich zu den Beitr\u00e4gen von Travelbase z\u00e4hlt die Butterfly Foundation auch auf einmalige Spenden und monatliche Unterst\u00fctzer \u2013 unsere BFFs (<em>Butterfly Friends<\/em>) \u2013 die helfen, langfristige und bedeutungsvolle Ver\u00e4nderungen zu bewirken.<\/p><\/div>\n\t\t\t\t\t\t\t\t\t\t\t<div class=\"tb-buttons-part\">\n\t\t\t\t\t\t\t\t<a href=\"https:\/\/travelbase.eu\/duurzaamheid\/\"  target=\"_blank\" class=\"tb-button\">\n\t\t\tNachhaltigkeit bei Travelbase\t\t<\/a>\n\t\t\t\t\t\t\t\t\t\t\t\t\t<\/div>\n\t\t\t\t<\/div>\n\t\t\t<\/div>\n\t\t\t<div class=\"tb-column\">\n\t\t\t\t\t\t\t\t\t\t\t\t\t\t\t<div class=\"tb-image-part\">\n\t\t\t\t\t\t\t<img src='https:\/\/bff.travelblox.eu\/wp-content\/uploads\/sites\/99\/2024\/06\/9035fac9-52e3-4556-8e4e-c67da489ebb6-768x575.jpeg' width='768' height='575' alt='Greentripper' loading='lazy' image_size='medium_large'>\t\t\t\t\t\t<\/div>\n\t\t\t\t\t\t\t\t\t\t\t\t<\/div>\n\t\t<\/div>\n\t<\/div>\n<\/div>\n\n\n<div class=\"tb-team tb-block align-center background-light pattern-custom variant-none tb-collapsible-margins\" id=\"team\" style=\"background-image: url(http:\/\/wa.travelblox.eu\/wp-content\/uploads\/sites\/75\/2024\/01\/Coming-Soon-1.png)\">\n\t<div class=\"inner-block tb-fade-in tb-fade-in--subtle\">\n\t\t<div class=\"text-part\">\n\t\t\t<h2>Das Team<\/h2>\n\t\t\t\t\t<div class=\"translation-block\"><p>Unser Team besteht aus zwei Projektmanagern und Go-Gettern, die leidenschaftlich daran interessiert sind, <em>etwas zur\u00fcckzugeben<\/em>. Gemeinsam setzen sie die Euros, die in die Butterfly Foundation flie\u00dfen, optimal ein, um eine so gro\u00dfe positive Wirkung wie m\u00f6glich zu erzielen.<\/p><\/div>\n\t\t\t<\/div>\n\t<\/div>\n\t\t\t\t\t<div class=\"inner-block-full-width has-tb-carousel\" >\n\t\t\t<div class=\"tb-carousel-container\">\n\t\t\t\t<div class=\"entries tb-cards\" data-slider-first=\"1\">\n\t\t\t\t\t\t\t\t\t<div class=\"tb-card entry\" style=\"background-image: url('https:\/\/bff.travelblox.eu\/wp-content\/uploads\/sites\/99\/2024\/04\/harry-1-e1772790250937-1022x1024.jpg')\">\n\t\t\t\t<label for=\"tb-team-read-more-block_s99__p94__team-0\" class=\"tb-team__card-label\">\n\t\t\t\t\t<div class=\"overlay\"><\/div>\n\t\t\t\t\t<div class=\"overlay overlay--extra\"><\/div>\n\t\t\t\t\t<div class=\"content\">\n\t\t\t\t\t\t<div class=\"tb-team__card-titles\">\n\t\t\t\t\t\t\t<h3>Harry<\/h3>\n\t\t\t\t\t\t\t\t\t\t\t\t\t\t\t<p>Gr\u00fcnder und CEO<\/p>\n\t\t\t\t\t\t\t\t\t\t\t\t\t<\/div>\n\t\t\t\t\t\t\t\t\t\t\t\t\t<div class=\"extra-content\">\n\t\t\t\t\t\t\t\t<p>Lassen Sie uns das Reisen als Werkzeug nutzen, um aktuelle Weltprobleme und Ungerechtigkeiten anzugehen. Mit einer starken moralischen Ambition bin ich gerne bereit, einen Unterschied zu machen, zuerst in meiner eigenen Umgebung und dann auf gr\u00f6\u00dferer Ebene.<\/p>\n\t\t\t\t\t\t\t<\/div>\n\t\t\t\t\t\t\t\t\t\t\t<\/div>\n\t\t\t\t\t<input type=\"checkbox\" class=\"tb-team__card-checkbox\" id=\"tb-team-read-more-block_s99__p94__team-0\">\n\t\t\t\t<\/label>\n\t\t\t<\/div>\n\t\t\t\t\t<div class=\"tb-card entry\" style=\"background-image: url('https:\/\/bff.travelblox.eu\/wp-content\/uploads\/sites\/99\/2024\/04\/Untitled-design-5-576x1024.jpg')\">\n\t\t\t\t<label for=\"tb-team-read-more-block_s99__p94__team-1\" class=\"tb-team__card-label\">\n\t\t\t\t\t<div class=\"overlay\"><\/div>\n\t\t\t\t\t<div class=\"overlay overlay--extra\"><\/div>\n\t\t\t\t\t<div class=\"content\">\n\t\t\t\t\t\t<div class=\"tb-team__card-titles\">\n\t\t\t\t\t\t\t<h3>Pieter<\/h3>\n\t\t\t\t\t\t\t\t\t\t\t\t\t\t\t<p>Chief Financial Officer<\/p>\n\t\t\t\t\t\t\t\t\t\t\t\t\t<\/div>\n\t\t\t\t\t\t\t\t\t\t\t<\/div>\n\t\t\t\t\t<input type=\"checkbox\" class=\"tb-team__card-checkbox\" id=\"tb-team-read-more-block_s99__p94__team-1\">\n\t\t\t\t<\/label>\n\t\t\t<\/div>\n\t\t\t\t\t\t\t\t<\/div>\n\t\t\t\t\t\t<div class=\"tb-carousel-nav\">\n\t\t\t<div class=\"dots\">\n\t\t\t\t<div class=\"dot active\"><\/div>\n\t\t\t\t<div class=\"dot\"><\/div>\n\t\t\t\t<div class=\"dot\"><\/div>\n\t\t\t<\/div>\n\t\t\t<div class=\"arrows\">\n\t\t\t\t<div class=\"prev disabled\">\n\t\t\t\t\t<span><i class=\"fa fa-chevron-left\"><\/i><\/span>\n\t\t\t\t<\/div>\n\t\t\t\t<div class=\"next\">\n\t\t\t\t\t<span><i class=\"fa fa-chevron-right\"><\/i><\/span>\n\t\t\t\t<\/div>\n\t\t\t<\/div>\n\t\t<\/div>\n\t\t\t\t<\/div>\n\t\t<\/div>\n\t\t\t\t\t<div class=\"tb-team__extra inner-block tb-fade-in tb-fade-in--subtle\">\n\t\t\t<div class=\"text-part\">\n\t\t\t\t<h3>Eine Frage zur Butterfly Foundation?<\/h3>\n\t\t\t\t\t\t<div class=\"translation-block\"><p>Schick uns gerne eine E-Mail, wir helfen dir gerne weiter!<\/p><\/div>\n\t\t\t\t\t<div class=\"tb-buttons-part\">\n\t\t\t\t\t\t\t<a href=\"mailto:info@butterfly-foundation.org\"  target=\"_blank\" class=\"tb-button\">\n\t\t\tStelle deine Frage hier.\t\t<\/a>\n\t\t\t\t\t\t<\/div>\n\t\t\t<\/div>\n\t\t<\/div>\n\t<\/div>","protected":false},"excerpt":{"rendered":"","protected":false},"author":48,"featured_media":332,"parent":0,"menu_order":0,"comment_status":"closed","ping_status":"closed","template":"","meta":{"_acf_changed":false,"inline_featured_image":false,"footnotes":""},"class_list":["post-94","page","type-page","status-publish","has-post-thumbnail","hentry"],"acf":{"page_package_ids":"","is_main_package_page":false,"additional_linked_packages":[],"feed_page_to_atlas":true},"_links":{"self":[{"href":"https:\/\/bff.travelblox.eu\/de\/wp-json\/wp\/v2\/pages\/94","targetHints":{"allow":["GET"]}}],"collection":[{"href":"https:\/\/bff.travelblox.eu\/de\/wp-json\/wp\/v2\/pages"}],"about":[{"href":"https:\/\/bff.travelblox.eu\/de\/wp-json\/wp\/v2\/types\/page"}],"author":[{"embeddable":true,"href":"https:\/\/bff.travelblox.eu\/de\/wp-json\/wp\/v2\/users\/48"}],"replies":[{"embeddable":true,"href":"https:\/\/bff.travelblox.eu\/de\/wp-json\/wp\/v2\/comments?post=94"}],"version-history":[{"count":50,"href":"https:\/\/bff.travelblox.eu\/de\/wp-json\/wp\/v2\/pages\/94\/revisions"}],"predecessor-version":[{"id":2569,"href":"https:\/\/bff.travelblox.eu\/de\/wp-json\/wp\/v2\/pages\/94\/revisions\/2569"}],"wp:featuredmedia":[{"embeddable":true,"href":"https:\/\/bff.travelblox.eu\/de\/wp-json\/wp\/v2\/media\/332"}],"wp:attachment":[{"href":"https:\/\/bff.travelblox.eu\/de\/wp-json\/wp\/v2\/media?parent=94"}],"curies":[{"name":"wp","href":"https:\/\/api.w.org\/{rel}","templated":true}]}}