{"id":326,"date":"2024-04-06T14:59:30","date_gmt":"2024-04-06T14:59:30","guid":{"rendered":"https:\/\/bff.travelblox.eu\/?page_id=326"},"modified":"2025-10-08T12:22:47","modified_gmt":"2025-10-08T12:22:47","slug":"action","status":"publish","type":"page","link":"https:\/\/bff.travelblox.eu\/de\/action\/","title":{"rendered":"Ergreife Ma\u00dfnahmen."},"content":{"rendered":"<div class=\"tb-header tb-block align-center background-dark pattern-none variant-none\" id=\"donate\" data-fallback-background=\"https:\/\/bff.travelblox.eu\/wp-content\/uploads\/sites\/99\/2024\/04\/MBT-photos-for-Travelbase-39-1463x2048-1.jpeg\" style=\"background-image: url('https:\/\/bff.travelblox.eu\/wp-content\/uploads\/sites\/99\/2024\/04\/MBT-photos-for-Travelbase-39-1463x2048-1.jpeg'); background-position:;\">\n    <div class=\"tb-header-foreground\">\n        <div class=\"inner-block\">\n\n            <div class=\"main-part\">\n                <div class=\"text-part\">\n                                            <p>Handle heute!<\/p>\n                                                                <h1 class=\"tb-title\">Kleine Handlungen, vervielfacht durch Millionen von Menschen, k\u00f6nnen die Welt ver\u00e4ndern.<\/h1>\n                                                                                                                                                    <div class=\"tb-buttons-part\">\n                                                            \t\t<a href=\"#donate-now\"  target=\"\" class=\"tb-button\">\n\t\t\tJetzt spenden\t\t<\/a>\n\t\t                                                                                        \t\t<a href=\"#bff\"  target=\"\" class=\"tb-buttonlink\">\n\t\t\tMitgliedschaftsprogramm\t\t<\/a>\n\t\t                                                    <\/div>\n                                                        <\/div>\n            <\/div>\n            \t\t<a href=\"#\" class=\"scroll-down-button\">\n\t\t\t<i class=\"fa fa-arrow-down\"><\/i>\n\t\t<\/a>\n\t\n                    <\/div>\n    <\/div>\n\n    \n    \n<\/div>\n\n\n<div class=\"tb-numbers tb-block align-center background-light pattern-none variant-none tb-collapsible-margins\" id=\"donate-now\">\n\t\t\t<div class=\"inner-block tb-fade-in tb-fade-in--subtle\">\n\t\t\t<div class=\"text-part\">\n\t\t\t\t<h2 class=\"title\">Gemeinsames Handeln summiert sich.<\/h2>\n\t\t\t\t\t\t<div class=\"translation-block\"><p>Wenn du an die Butterfly Foundation spendest, investierst du in eine Zukunft, in der verantwortungsvolles Reisen die Norm ist. Deine Spende l\u00e4sst unser Netzwerk wachsen und schafft noch mehr Einfluss weltweit. W\u00e4hle selbst, wie viel du \u00fcber die untenstehenden Links gibst, oder leiste einen freien Beitrag.<\/p><\/div>\n\t\t\t\t<\/div>\n\t\t<\/div>\n\t\t<div class=\"inner-block\">\n\t\t<div class=\"tb-transparent tb-grid-container\">\n\t\t\t<div class=\"tb-cards\">\n\t\t\t\t\t\t\t\t\t<div class=\"tb-card\">\n\t\t\t\t\t\t<div class=\"tb-card-content\">\n\t\t\t\t\t\t\t\t\t\t\t<i class=\"icon fa-solid fa-euro-sign\" aria-hidden=\"true\"><\/i>\n\t\t\t\t\t\t\t\t\t\t\t\t\t\t\t\t\t\t<div class=\"number\" data-target=\"20\">20<\/div>\n\t\t\t\t\t\t\t\t\t\t\t\t\t\t<div class=\"content\">\n\t\t\t\t\t\t\t\t\t\t<div class=\"translation-block\"><p><a href=\"https:\/\/paymentlink.mollie.com\/payment\/rmLoPTyH6A59eWYHOF39N\/\" target=\"_blank\">Spende jetzt \u20ac20<\/a><\/p><p>&nbsp;<\/p><\/div>\n\t\t\t\t\t\t\t\t<\/div>\n\t\t\t\t\t\t<\/div>\n\t\t\t\t\t<\/div>\n\t\t\t\t\t\t\t\t\t<div class=\"tb-card\">\n\t\t\t\t\t\t<div class=\"tb-card-content\">\n\t\t\t\t\t\t\t\t\t\t\t<i class=\"icon fa-solid fa-euro-sign\" aria-hidden=\"true\"><\/i>\n\t\t\t\t\t\t\t\t\t\t\t\t\t\t\t\t\t\t<div class=\"number\" data-target=\"50\">50<\/div>\n\t\t\t\t\t\t\t\t\t\t\t\t\t\t<div class=\"content\">\n\t\t\t\t\t\t\t\t\t\t<div class=\"translation-block\"><p><a href=\"https:\/\/paymentlink.mollie.com\/payment\/HiLnwrCGSwS63wdFledb2\/\" target=\"_blank\">Spende jetzt \u20ac50<\/a><\/p><\/div>\n\t\t\t\t\t\t\t\t<\/div>\n\t\t\t\t\t\t<\/div>\n\t\t\t\t\t<\/div>\n\t\t\t\t\t\t\t\t\t<div class=\"tb-card\">\n\t\t\t\t\t\t<div class=\"tb-card-content\">\n\t\t\t\t\t\t\t\t\t\t\t<i class=\"icon fa-solid fa-euro-sign\" aria-hidden=\"true\"><\/i>\n\t\t\t\t\t\t\t\t\t\t\t\t\t\t\t\t\t\t<div class=\"number\" data-target=\"100\">100<\/div>\n\t\t\t\t\t\t\t\t\t\t\t\t\t\t<div class=\"content\">\n\t\t\t\t\t\t\t\t\t\t<div class=\"translation-block\"><p><a href=\"https:\/\/paymentlink.mollie.com\/payment\/UIqxPYHukfewcRctE5DTf\/\" target=\"_blank\">Spende jetzt \u20ac100<\/a><\/p><\/div>\n\t\t\t\t\t\t\t\t<\/div>\n\t\t\t\t\t\t<\/div>\n\t\t\t\t\t<\/div>\n\t\t\t\t\t\t\t\t\t<div class=\"tb-card\">\n\t\t\t\t\t\t<div class=\"tb-card-content\">\n\t\t\t\t\t\t\t\t\t\t\t<i class=\"icon fa-solid fa-euro-sign\" aria-hidden=\"true\"><\/i>\n\t\t\t\t\t\t\t\t\t\t\t\t\t\t\t\t\t\t<div class=\"number\" data-target=\"000\">000<\/div>\n\t\t\t\t\t\t\t\t\t\t\t\t\t\t<div class=\"content\">\n\t\t\t\t\t\t\t\t\t\t<div class=\"translation-block\"><p><a href=\"https:\/\/payment-links.mollie.com\/payment\/x92PREFRAGPDCVQvxY4sp\" target=\"_blank\" rel=\"noopener\">Mach einen freiwilligen Beitrag<\/a><\/p>\n<p>&nbsp;<\/p><\/div>\n\t\t\t\t\t\t\t\t<\/div>\n\t\t\t\t\t\t<\/div>\n\t\t\t\t\t<\/div>\n\t\t\t\t\t\t\t<\/div>\n\t\t<\/div>\n\t<\/div>\n\t\t\t<div class=\"inner-block tb-fade-in tb-fade-in--subtle\">\n\t\t\t<div class=\"text-part\">\n\t\t\t\t\t\t<div class=\"translation-block\"><\/div>\n\t\t\t\t\t<div class=\"tb-buttons-part\">\n\t\t\t\t\t\t\t<a href=\"#bff\"  target=\"\" class=\"tb-button\">\n\t\t\tZahle monatlich oder j\u00e4hrlich.\t\t<\/a>\n\t\t\t\t\t\t<\/div>\n\t\t\t<\/div>\n\t\t<\/div>\n\t<\/div>\n\n\n<div class=\"tb-textimage2 tb-block align-center background-light pattern-custom variant-text_first tb-collapsible-margins\" id=\"bff\" style=\"background-image: url(http:\/\/wa.travelblox.eu\/wp-content\/uploads\/sites\/75\/2024\/01\/Coming-Soon-1.png)\">\n\t<div class=\"inner-block tb-fade-in\">\n\n\t\t\n\t\t<div class=\"tb-columns\">\n\t\t\t<div class=\"tb-column\">\n\t\t\t\t<div class=\"tb-text-part\">\n\t\t\t\t\t<h2>Word Butterfly Friend<\/h2>\n\t\t\t\t\t\t\t<div class=\"translation-block\"><p>Schlie\u00dfe einen Pakt mit uns als <strong>BFF<\/strong>&nbsp;<em>(= ButterFly Friend)<\/em>&nbsp;indem du&nbsp;<strong>in das Wohlbefinden&nbsp;des Planeten<\/strong> und all seines Lebens investierst. Als Mitarbeiter, Arbeitgeber, Elternteil, Freund oder einfach als Mensch. <em>Es ist einfach die richtige Wahl<\/em>\u2026<\/p>\n<p>Als BFF bist du Teil unserer <strong>Community von monatlichen Spendern.<\/strong> Dank deiner Unterst\u00fctzung und wiederkehrenden Spende erm\u00f6glichst du unsere Arbeit.<\/p>\n<p>Hast du auch Interesse, deine Zeit zu spenden, indem du an River Cleanups und anderem <strong>Freiwilligenarbeit<\/strong> teilnimmst? <a href=\"#events\">Klicke hier<\/a> und mache einen greifbaren Unterschied, indem du <em>im Feld<\/em> mithelfst.<\/p><\/div>\n\t\t\t\t\t\t\t\t\t\t\t<div class=\"tb-buttons-part\">\n\t\t\t\t\t\t\t\t<a href=\"mailto:info@butterfly-foundation.org\"  target=\"_blank\" class=\"tb-button\">\n\t\t\tWerde BFF und spende monatlich.\t\t<\/a>\n\t\t\t\t\t\t\t\t\t\t<a href=\"#partner\"  target=\"\" class=\"tb-buttonlink\">\n\t\t\tTritt als Non-Profit-Partner bei\t\t<\/a>\n\t\t\t\t\t\t\t<\/div>\n\t\t\t\t<\/div>\n\t\t\t<\/div>\n\t\t\t<div class=\"tb-column\">\n\t\t\t\t\t\t\t\t\t\t\t\t\t\t\t<div class=\"tb-image-part\">\n\t\t\t\t\t\t\t<img src='https:\/\/bff.travelblox.eu\/wp-content\/uploads\/sites\/99\/2024\/04\/namibia-locals-768x576.jpeg' width='768' height='576' loading='lazy' image_size='medium_large'>\t\t\t\t\t\t<\/div>\n\t\t\t\t\t\t\t\t\t\t\t\t<\/div>\n\t\t<\/div>\n\t<\/div>\n<\/div>\n\n\n<div class=\"tb-quoteparallax tb-block align-center background-dark pattern-none variant-text_on_image\" id=\"quoteparallax\" style=\"background-image: url('https:\/\/bff.travelblox.eu\/wp-content\/uploads\/sites\/99\/2024\/04\/Copy-of-DJI_0520_converted-1024x682-1.jpg');\">\n\t\t<div class=\"inner-block tb-fade-in tb-fade-in--subtle\">\n\t\t\t\t\t<div class=\"text-part\">\n\t\t\t\t<h2>\"Wir verdienen unseren Lebensunterhalt durch das, was wir bekommen, aber wir gestalten unser Leben durch das, was wir geben.\"<\/h2>\n\t\t\t\t\t\t<div class=\"translation-block\"><p>&#8211; Winston Churchill<\/p><\/div>\n\t\t\t\t\t\t\t\t<\/div>\n\t\t\t\t\t<\/div>\n<\/div>\n\n\n\n<div class=\"tb-textimage2 tb-block align-center background-dark pattern-custom variant-image_first tb-collapsible-margins\" id=\"partner\" style=\"background-image: url()\">\n\t<div class=\"inner-block tb-fade-in\">\n\n\t\t\n\t\t<div class=\"tb-columns\">\n\t\t\t<div class=\"tb-column\">\n\t\t\t\t<div class=\"tb-text-part\">\n\t\t\t\t\t<h2>Trete als Non-Profit-Partner bei uns bei.<\/h2>\n\t\t\t\t\t\t\t<div class=\"translation-block\"><p>Bist du eine Non-Profit-Organisation oder Aktivistengruppe, die noch nach Finanzierung sucht? Melde dich \u00fcber den untenstehenden Button an und sende einen Antrag auf Finanzierung. Wir helfen dir gerne, deine Fl\u00fcgel auszubreiten, um <strong>so viel positive Wirkung<\/strong> wie m\u00f6glich zu erzielen.<\/p>\n<p>Bist du ein Influencer, Journalist, Politiker oder Meinungsf\u00fchrer mit einem Herz f\u00fcr Philanthropie? Wir schauen gerne, wie wir gemeinsam einen Unterschied machen k\u00f6nnen, kontaktiere uns per E-Mail.<\/p><\/div>\n\t\t\t\t\t\t\t\t\t\t\t<div class=\"tb-buttons-part\">\n\t\t\t\t\t\t\t\t<a href=\"mailto:info@butterfly-foundation.org\"  target=\"_blank\" class=\"tb-button\">\n\t\t\tFordere eine Finanzierung an.\t\t<\/a>\n\t\t\t\t\t\t\t\t\t\t<a href=\"#events\"  target=\"\" class=\"tb-buttonlink\">\n\t\t\tNimm an einer Veranstaltung teil.\t\t<\/a>\n\t\t\t\t\t\t\t<\/div>\n\t\t\t\t<\/div>\n\t\t\t<\/div>\n\t\t\t<div class=\"tb-column\">\n\t\t\t\t\t\t\t\t\t\t\t\t\t\t\t<div class=\"tb-image-part\">\n\t\t\t\t\t\t\t<img src='https:\/\/bff.travelblox.eu\/wp-content\/uploads\/sites\/99\/2024\/04\/Screenshot-2024-04-13-at-12.30.38-768x598.png' width='768' height='598' loading='lazy' image_size='medium_large'>\t\t\t\t\t\t<\/div>\n\t\t\t\t\t\t\t\t\t\t\t\t<\/div>\n\t\t<\/div>\n\t<\/div>\n<\/div>\n\n\n<div class=\"tb-destinations tb-block align-center background-light pattern-none variant-none tb-collapsible-margins\" id=\"events\">\n\t<div class=\"inner-block tb-fade-in tb-fade-in--subtle\">\n\t\t<div class=\"text-part\">\n\t\t\t<h2>Gemeinsam die H\u00e4nde aus den \u00c4rmeln krempeln.<\/h2>\n\t\t\t\t\t<div class=\"translation-block\"><p>Auf diesem Kalender erscheinen Veranstaltungen, die von der Butterfly Foundation und Partnerorganisationen organisiert werden. Freiwilligenarbeit von Flussreinigungen bis hin zu Baumpflanzaktionen oder Protestaktionen und Versammlungen, hier kannst du dich f\u00fcr die Events anmelden, um den Butterfly-Effekt&nbsp;<em>im echten Leben<\/em> zu erleben.<\/p>\n<p>Wenn du kein Event verpassen m\u00f6chtest, melde dich f\u00fcr den Newsletter an und bleibe auf dem Laufenden.<\/p><\/div>\n\t\t\t\t\t\t<\/div>\n\t<\/div>\n\n\t<!-- sections -->\n\n\t\n<!-- end section -->\n\n\n\t<div class=\"inner-block tb-fade-in tb-fade-in--subtle\">\n\t\t<div class=\"text-part\">\n\t\t\t\t\t<div class=\"translation-block\"><\/div>\n\t\t\t\t<div class=\"tb-buttons-part\">\n\t\t\t\t\t\t<a href=\"https:\/\/form.typeform.com\/to\/mYnMU5wi\"  target=\"_blank\" data-mode=\"popup\" data-url=\"https:\/\/form.typeform.com\/to\/mYnMU5wi\" class=\"tb-button typeform-share\">\n\t\t\tTrage dich in unseren Newsletter ein.\t\t<\/a>\n\t\t\t\t\t<script>\n\t\t\t\t(function() {\n\t\t\t\t\tvar qs, js, q, s, d = document,\n\t\t\t\t\t\tgi = d.getElementById,\n\t\t\t\t\t\tce = d.createElement,\n\t\t\t\t\t\tgt = d.getElementsByTagName,\n\t\t\t\t\t\tid = \"typef_orm_share\",\n\t\t\t\t\t\tb = \"https:\/\/embed.typeform.com\/\";\n\t\t\t\t\tif (!gi.call(d, id)) {\n\t\t\t\t\t\tjs = ce.call(d, \"script\");\n\t\t\t\t\t\tjs.id = id;\n\t\t\t\t\t\tjs.src = b + \"embed.js\";\n\t\t\t\t\t\tq = gt.call(d, \"script\")[0];\n\t\t\t\t\t\tq.parentNode.insertBefore(js, q);\n\t\t\t\t\t}\n\t\t\t\t})();\n\t\t\t<\/script>\n\t\t\t\t\t<\/div>\n\t\t<\/div>\n\t<\/div>\n<\/div>\n\n\n<div class=\"tb-quoteparallax tb-block align-center background-light pattern-none variant-text_in_box\" id=\"travelbase\" style=\"background-image: url('https:\/\/bff.travelblox.eu\/wp-content\/uploads\/sites\/99\/2024\/03\/9035fac9-52e3-4556-8e4e-c67da489ebb6.jpeg');\">\n\t\t<div class=\"inner-block tb-fade-in tb-fade-in--subtle\">\n\t\t\t\t\t<div class=\"text-part\">\n\t\t\t\t<h2>Reise bewusst.<\/h2>\n\t\t\t\t\t\t<div class=\"translation-block\"><p>Die Butterfly Foundation wurde 2024 von <a href=\"https:\/\/www.travelbase.eu\" target=\"_blank\" rel=\"noopener\">Travelbase<\/a> gegr\u00fcndet, einem schnell wachsenden Reiseunternehmen mit mehr als <strong>20 einzigartigen Reise-Labels und&nbsp;<\/strong><strong><a href=\"https:\/\/travelbase.eu\/nl\/trip\/\" target=\"_blank\" rel=\"noopener\">Communities<\/a><\/strong>. Seit 2010 kreiert Travelbase <em>once-in-a-lifetime<\/em> aktive Reiseerlebnisse, haupts\u00e4chlich in Europa.<\/p>\n<p>Liebst du es, aus deiner Komfortzone auszubrechen, um dich mit der Natur und den Menschen um dich herum zu verbinden? Bei Travelbase liegt der Fokus auf <em>\u201eThe Journey\u201c<\/em> und nicht auf dem Ziel.<\/p>\n<p>Wenn du eine Reise bei Travelbase buchst, gehen&nbsp;<strong>1% deines Gesamtbetrags<\/strong> an die Butterfly Foundation, wodurch du zu einer besseren Welt beitr\u00e4gst. Dieses Geld flie\u00dft in verschiedene gemeinn\u00fctzige Organisationen, die mit deiner Reise verbunden sind.<\/p><\/div>\n\t\t\t\t\t\t\t\t\t\t<div class=\"tb-buttons-part\">\n\t\t\t\t\t\t\t\t<a href=\"http:\/\/travelbase.eu\"  target=\"_blank\" class=\"tb-button\">\n\t\t\tGehe bewusst auf Abenteuerreise.\t\t<\/a>\n\t\t\t\t\t\t\t\t\t\t\t\t\t<\/div>\n\t\t\t\t\t\t\t<\/div>\n\t\t\t\t\t<\/div>\n<\/div>","protected":false},"excerpt":{"rendered":"","protected":false},"author":48,"featured_media":2092,"parent":0,"menu_order":0,"comment_status":"closed","ping_status":"closed","template":"","meta":{"_acf_changed":false,"inline_featured_image":false,"footnotes":""},"class_list":["post-326","page","type-page","status-publish","has-post-thumbnail","hentry"],"acf":{"page_package_ids":"","is_main_package_page":false,"additional_linked_packages":[],"feed_page_to_atlas":true},"_links":{"self":[{"href":"https:\/\/bff.travelblox.eu\/de\/wp-json\/wp\/v2\/pages\/326","targetHints":{"allow":["GET"]}}],"collection":[{"href":"https:\/\/bff.travelblox.eu\/de\/wp-json\/wp\/v2\/pages"}],"about":[{"href":"https:\/\/bff.travelblox.eu\/de\/wp-json\/wp\/v2\/types\/page"}],"author":[{"embeddable":true,"href":"https:\/\/bff.travelblox.eu\/de\/wp-json\/wp\/v2\/users\/48"}],"replies":[{"embeddable":true,"href":"https:\/\/bff.travelblox.eu\/de\/wp-json\/wp\/v2\/comments?post=326"}],"version-history":[{"count":50,"href":"https:\/\/bff.travelblox.eu\/de\/wp-json\/wp\/v2\/pages\/326\/revisions"}],"predecessor-version":[{"id":2254,"href":"https:\/\/bff.travelblox.eu\/de\/wp-json\/wp\/v2\/pages\/326\/revisions\/2254"}],"wp:featuredmedia":[{"embeddable":true,"href":"https:\/\/bff.travelblox.eu\/de\/wp-json\/wp\/v2\/media\/2092"}],"wp:attachment":[{"href":"https:\/\/bff.travelblox.eu\/de\/wp-json\/wp\/v2\/media?parent=326"}],"curies":[{"name":"wp","href":"https:\/\/api.w.org\/{rel}","templated":true}]}}