{"id":2398,"date":"2025-12-22T13:36:41","date_gmt":"2025-12-22T13:36:41","guid":{"rendered":"https:\/\/bff.travelblox.eu\/?page_id=2398"},"modified":"2025-12-22T13:39:00","modified_gmt":"2025-12-22T13:39:00","slug":"sustainability-development-trust","status":"publish","type":"page","link":"https:\/\/bff.travelblox.eu\/de\/partners\/sustainability-development-trust\/","title":{"rendered":"Sustainability Development Trust"},"content":{"rendered":"<div class=\"tb-header tb-block align-center background-dark pattern-none variant-none\" id=\"header\" data-fallback-background=\"https:\/\/bff.travelblox.eu\/wp-content\/uploads\/sites\/99\/2025\/12\/473031678_617902540635270_5741578587357540253_n.jpg\" style=\"background-image: url('https:\/\/bff.travelblox.eu\/wp-content\/uploads\/sites\/99\/2025\/12\/473031678_617902540635270_5741578587357540253_n.jpg'); background-position:;\">\n    <div class=\"tb-header-foreground\">\n        <div class=\"inner-block\">\n\n            <div class=\"main-part\">\n                <div class=\"text-part\">\n                                                                <h1 class=\"tb-title\">Sustainability Developement Trust<\/h1>\n                                                                <h2 class=\"tb-subtitle\">\t\t<div class=\"translation-block\"><p>Selbstversorgung durch Wasser und Nahrung<\/p><\/div>\n\t<\/h2>\n                                                                                            <div class=\"tb-properties\">\n                                                                    <div class=\"tb-property\">\n                                                                                    <div class=\"tb-property__icon\">\n                                                \t\t\t\t<i class=\"icon fa-solid fa-calendar-days\" aria-hidden=\"true\"><\/i>\n\t\t\t                                            <\/div>\n                                                                                <div class=\"tb-property__label\">\n                                            2025                                        <\/div>\n                                    <\/div>\n                                    <div class=\"tb-properties__divider\"><\/div>\n                                                                                                    <div class=\"tb-property\">\n                                                                                    <div class=\"tb-property__icon\">\n                                                \t\t\t\t<i class=\"icon fa-solid fa-check\" aria-hidden=\"true\"><\/i>\n\t\t\t                                            <\/div>\n                                                                                <div class=\"tb-property__label\">\n                                            \u20ac4700                                        <\/div>\n                                    <\/div>\n                                    <div class=\"tb-properties__divider\"><\/div>\n                                                                                                    <div class=\"tb-property\">\n                                                                                    <div class=\"tb-property__icon\">\n                                                \t\t\t\t<i class=\"icon fa-solid fa-family\" aria-hidden=\"true\"><\/i>\n\t\t\t                                            <\/div>\n                                                                                <div class=\"tb-property__label\">\n                                            Menschen                                        <\/div>\n                                    <\/div>\n                                                            <\/div>\n                                                                                        <div class=\"tb-buttons-part\">\n                                                            \t\t<a href=\"#donate-now\"  target=\"\" class=\"tb-button\">\n\t\t\tJetzt spenden\t\t<\/a>\n\t\t                                                                                <\/div>\n                                                        <\/div>\n            <\/div>\n            \t\t<a href=\"#\" class=\"scroll-down-button\">\n\t\t\t<i class=\"fa fa-arrow-down\"><\/i>\n\t\t<\/a>\n\t\n                    <\/div>\n    <\/div>\n\n    \n    \n<\/div>\n\n\n<div class=\"align-center tb-logos tb-block align-none background-light pattern-none variant-partners tb-collapsible-margins\" id=\"logos\">\n\t<div class=\"\">\n\t\t<div class=\"inner-block tb-fade-in tb-fade-in--subtle\">\n\t\t\t\t\t\t\t<h5 class=\"title\">Unterst\u00fctzt von<\/h5>\n\t\t\t\t\t<\/div>\n\t\t\t\t\t\n\t\t\t\t<div class=\"tb-logos__logos tb-logos__logos--carousel\">\n\t\t\t\t\t\t\t\t\t\t\t\t\t<div class=\"inner-block-full-width has-tb-carousel\" >\n\t\t\t<div class=\"tb-carousel-container\">\n\t\t\t\t<div class=\"entries tb-cards\" data-slider-first=\"1\">\n\t\t\t\t\t\t\t\t\t\t\t\t\t\t\t\t\t\t\t\t<div class=\"entry\">\n\t\t\t\t\t\t\t\t<a class=\"tb-logo tb-logo--full-color\" href='https:\/\/namibianomads.com' target='_blank' title='Nambia Nomads' >\n\t\t<img src='https:\/\/bff.travelblox.eu\/wp-content\/uploads\/sites\/99\/2025\/03\/round-orange.svg' width='1024' height='1024' alt='' loading='lazy'>\n\t<\/a>\n\t\t\t\t\t\t<\/div>\n\t\t\t\t\t\t\t\t\t\t\t<div class=\"entry\">\n\t\t\t\t\t\t\t\t<a class=\"tb-logo tb-logo--full-color\" href='https:\/\/weadventures.com\/namibia\/' target='_blank' title='WeAdventures' >\n\t\t<img src='https:\/\/bff.travelblox.eu\/wp-content\/uploads\/sites\/99\/2025\/02\/WA-brown-1024x1024.png' width='1024' height='1024' alt='' loading='lazy'>\n\t<\/a>\n\t\t\t\t\t\t<\/div>\n\t\t\t\t\t\t\t\t\t\t\t\t\t\t\t\t\t\t\t\t<\/div>\n\t\t\t\t\t\t<div class=\"tb-carousel-nav\">\n\t\t\t<div class=\"dots\">\n\t\t\t\t<div class=\"dot active\"><\/div>\n\t\t\t\t<div class=\"dot\"><\/div>\n\t\t\t\t<div class=\"dot\"><\/div>\n\t\t\t<\/div>\n\t\t\t<div class=\"arrows\">\n\t\t\t\t<div class=\"prev disabled\">\n\t\t\t\t\t<span><i class=\"fa fa-chevron-left\"><\/i><\/span>\n\t\t\t\t<\/div>\n\t\t\t\t<div class=\"next\">\n\t\t\t\t\t<span><i class=\"fa fa-chevron-right\"><\/i><\/span>\n\t\t\t\t<\/div>\n\t\t\t<\/div>\n\t\t<\/div>\n\t\t\t\t<\/div>\n\t\t<\/div>\n\t\t\t\t\t\t\t\t\t\t<\/div>\n\t\t\t\t\t\t\t<\/div>\n<\/div>\n\n\n<div class=\"tb-numbers tb-block align-center background-light pattern-none variant-none tb-collapsible-margins\" id=\"numbers\">\n\t\t\t<div class=\"inner-block tb-fade-in tb-fade-in--subtle\">\n\t\t\t<div class=\"text-part\">\n\t\t\t\t<h2 class=\"title\">Aktuelle Investitionen<\/h2>\n\t\t\t\t\t\t<div class=\"translation-block\"><\/div>\n\t\t\t\t<\/div>\n\t\t<\/div>\n\t\t<div class=\"inner-block\">\n\t\t<div class=\"tb-transparent tb-grid-container\">\n\t\t\t<div class=\"tb-cards\">\n\t\t\t\t\t\t\t\t\t<div class=\"tb-card\">\n\t\t\t\t\t\t<div class=\"tb-card-content\">\n\t\t\t\t\t\t\t\t\t\t\t<i class=\"icon fa-solid fa-hand-holding-droplet\" aria-hidden=\"true\"><\/i>\n\t\t\t\t\t\t\t\t\t\t\t\t\t\t\t\t\t\t<div class=\"number\" data-target=\"2\">2<\/div>\n\t\t\t\t\t\t\t\t\t\t\t\t\t\t<div class=\"content\">\n\t\t\t\t\t\t\t\t\t\t<div class=\"translation-block\"><p>Wasserquelle mit Handpumpe installiert<\/p><\/div>\n\t\t\t\t\t\t\t\t<\/div>\n\t\t\t\t\t\t<\/div>\n\t\t\t\t\t<\/div>\n\t\t\t\t\t\t\t\t\t<div class=\"tb-card\">\n\t\t\t\t\t\t<div class=\"tb-card-content\">\n\t\t\t\t\t\t\t\t\t\t\t<i class=\"icon fa-solid fa-family\" aria-hidden=\"true\"><\/i>\n\t\t\t\t\t\t\t\t\t\t\t\t\t\t\t\t\t\t<div class=\"number\" data-target=\"500\">500<\/div>\n\t\t\t\t\t\t\t\t\t\t\t\t\t\t<div class=\"content\">\n\t\t\t\t\t\t\t\t\t\t<div class=\"translation-block\"><p>Menschen mit Trinkwasser versorgen<\/p><\/div>\n\t\t\t\t\t\t\t\t<\/div>\n\t\t\t\t\t\t<\/div>\n\t\t\t\t\t<\/div>\n\t\t\t\t\t\t\t<\/div>\n\t\t<\/div>\n\t<\/div>\n\t<\/div>\n\n<div class=\"tb-magazine tb-block align-none background-light pattern-none variant-none tb-collapsible-margins\" id=\"magazine\">\n\t<div class=\"inner-block tb-image-orientation-portrait tb-fade-in tb-fade-in--subtle\">\n\t\t<div class=\"inner-inner-block tb-image-alignment--center\">\n\t\t\t<div class=\"tb-magazine-image\">\n\t\t\t\t<img src='https:\/\/bff.travelblox.eu\/wp-content\/uploads\/sites\/99\/2025\/12\/Untitled-design-21-2.png' width='700' height='700' loading='lazy'>\t\t\t<\/div>\n\t\t\t<div class=\"text-part\">\n\t\t\t\t<h2>Wasser ver\u00e4ndert alles.<\/h2>\n\t\t\t\t\t\t<div class=\"translation-block\"><p>Der Sustainability Development Trust ist eine Organisation in Namibia, die sich f\u00fcr nachhaltige L\u00f6sungen gegen Armut, Lebensmittelunsicherheit und Wasserknappheit einsetzt. Gegr\u00fcndet von Annerie Mar\u00e9, ehemaliger Miss World Namibia, konzentriert sich der Trust auf Bildung, nachhaltige Landwirtschaft und den Zugang zu sauberem Wasser \u2013 mit einem klaren Glauben: Echte Wirkung entsteht, wenn Gemeinschaften lernen, selbstst\u00e4ndig an ihrer Zukunft zu bauen.<\/p><\/div>\n\t\t\t\t\t<div class=\"tb-buttons-part\">\n\t\t\t\t\t\t\t<a href=\"https:\/\/www.instagram.com\/sustainable_development_trust\"  target=\"_blank\" class=\"tb-button\">\n\t\t\tBesuche die Website\t\t<\/a>\n\t\t\t\t\t\t\t\t\t<a href=\"https:\/\/gogetfunding.com\/ourwatermydevelopment\/\"  target=\"_blank\" class=\"tb-buttonlink\">\n\t\t\tJetzt spenden\t\t<\/a>\n\t\t\t\t\t\t<\/div>\n\t\t\t<\/div>\n\t\t<\/div>\n\t<\/div>\n<\/div>\n\n\n\n<div class=\"tb-textimage2 tb-block align-left background-light pattern-none variant-text_first tb-collapsible-margins\" id=\"textimage2\">\n\t<div class=\"inner-block tb-fade-in\">\n\n\t\t\n\t\t<div class=\"tb-columns\">\n\t\t\t<div class=\"tb-column\">\n\t\t\t\t<div class=\"tb-text-part\">\n\t\t\t\t\t<h2>Warum<\/h2>\n\t\t\t\t\t\t\t<div class=\"translation-block\"><p>Namibia geh\u00f6rt zu den trockensten L\u00e4ndern in Subsahara-Afrika. Viele Gemeinschaften k\u00e4mpfen mit strukturellem Wassermangel, eingeschr\u00e4nkten Landwirtschaftsm\u00f6glichkeiten und hoher Jugendarbeitslosigkeit. Traditionelle Hilfe bietet oft nur vor\u00fcbergehende Erleichterung, ohne dauerhafte Ver\u00e4nderung.<\/p>\n<p>Der Sustainability Development Trust wurde gegr\u00fcndet, um dieses Muster zu durchbrechen: indem er Menschen nicht von Hilfe abh\u00e4ngig macht, sondern ihnen das Wissen, die Ressourcen und die F\u00e4higkeiten gibt, um selbst Lebensmittel zu produzieren, Wasser zu verwalten und lokale Einkommen zu schaffen.<\/p><\/div>\n\t\t\t\t\t\t\t\t\t\t\t<div class=\"tb-buttons-part\">\n\t\t\t\t\t\t\t\t\t\t\t\t\t\t\t\t\t<\/div>\n\t\t\t\t<\/div>\n\t\t\t<\/div>\n\t\t\t<div class=\"tb-column\">\n\t\t\t\t\t\t\t\t\t\t\t\t\t\t\t<div class=\"tb-video-part\">\n\t\t\t\t\t\t\t<iframe loading=\"lazy\" title=\"NAMIBIA - Annerie MARE - Sch\u00f6nheit mit einem Zweck - Miss World 2021\" width=\"640\" height=\"360\" src=\"https:\/\/www.youtube.com\/embed\/kVtv89NkwwU?feature=oembed&#038;preload=false&#038;autoplay=false&#038;muted=false&#038;playsinline=true&#038;controls=true&#038;responsive=true&#038;controlsList=nodownload&#038;oncontextmenu=return false;\" frameborder=\"0\" allow=\"accelerometer; autoplay; clipboard-write; encrypted-media; gyroscope; picture-in-picture; web-share\" referrerpolicy=\"strict-origin-when-cross-origin\" allowfullscreen><\/iframe>\t\t\t\t\t\t<\/div>\n\t\t\t\t\t\t\t\t\t\t\t\t<\/div>\n\t\t<\/div>\n\t<\/div>\n<\/div>\n\n<div class=\"tb-practical tb-block align-none background-light pattern-custom variant-none tb-collapsible-margins\" id=\"practical\" style=\"background-image: url(http:\/\/wa.travelblox.eu\/wp-content\/uploads\/sites\/75\/2024\/01\/Blank.png)\">\n\t<div class=\"inner-block tb-fade-in\">\n\t\t<div class=\"text-part\">\n\t\t\t<h2>Auswirkung<\/h2>\n\t\t\t\t\t<div class=\"translation-block\"><\/div>\n\t\t\t<\/div>\n\t<\/div>\n\t<div class=\"inner-block tb-fade-in\">\n\t\t\t\t\t<div class=\"practical-cols\">\n\t\t\t\t<div class=\"practical-nav-container\">\n\t\t\t\t\t<ul class=\"practical-nav tb-style-block\">\n\t\t\t\t\t\t\t\t\t\t\t\t\t<li><a href=\"#practical-block-0\">Mission &amp; Ziele<\/a><\/li>\n\t\t\t\t\t\t\t\t\t\t\t\t\t<li><a href=\"#practical-block-1\">Aktionen<\/a><\/li>\n\t\t\t\t\t\t\t\t\t\t\t<\/ul>\n\t\t\t\t<\/div>\n\t\t\t\t<div class=\"tb-accordion tb-accordion--animation tb-accordion-mobile-only text-part\">\n\t\t\t\t\t\t\t\t\t\t\t<div class=\"details\" id=\"practical-block-0\">\n\t\t\t\t\t\t\t<div class=\"summary\">\n\t\t\t\t\t\t\t\t\t\t\t\t<i class=\"icon fa-solid fa-location-crosshairs tb-style-block\" aria-hidden=\"true\"><\/i>\n\t\t\t Mission &amp; Ziele\t\t\t\t\t\t\t<\/div>\n\t\t\t\t\t\t\t<div class=\"content\">\n\t\t\t\t\t\t\t\t\t\t<div class=\"translation-block\"><p>Mission: Die St\u00e4rkung namibischer Gemeinschaften durch Selbstst\u00e4ndigkeit im Bereich Wasser, Lebensmittel und Unternehmertum.<\/p>\n<p><b>Ziele:<\/b><\/p>\n<ul>\n<li>Nachhaltigen Zugang zu sauberem Wasser in D\u00f6rfern und Schulen schaffen.<\/li>\n<li>Die Ern\u00e4hrungssicherheit durch innovative Anbaumethoden wie Hydroponik erh\u00f6hen.<\/li>\n<li>Jugendliche und lokale Landwirte zu selbstst\u00e4ndigen Unternehmern ausbilden.<\/li>\n<li>Zur lokalen wirtschaftlichen Entwicklung im Einklang mit den nationalen Entwicklungszielen Namibias beitragen.<\/li>\n<\/ul><\/div>\n\t\t\t\t\t\t\t\t<\/div>\n\t\t\t\t\t\t<\/div>\n\t\t\t\t\t\t\t\t\t\t\t<div class=\"details\" id=\"practical-block-1\">\n\t\t\t\t\t\t\t<div class=\"summary\">\n\t\t\t\t\t\t\t\t\t\t\t\t<i class=\"icon fa-solid fa-hand-back-fist tb-style-block\" aria-hidden=\"true\"><\/i>\n\t\t\t Aktionen\t\t\t\t\t\t\t<\/div>\n\t\t\t\t\t\t\t<div class=\"content\">\n\t\t\t\t\t\t\t\t\t\t<div class=\"translation-block\"><ul>\n<li>Installation von Wasserbrunnen (Bohrl\u00f6chern), die Gemeinden und Schulen Zugang zu zuverl\u00e4ssigem, sauberem Trinkwasser bieten.<\/li>\n<li>Einrichtung von hydroponischen G\u00e4rten, die lokal, effizient und wasserfreundlich Lebensmittel produzieren.<\/li>\n<li>Schulung und Betreuung von Jugendlichen und Landwirten in nachhaltiger Landwirtschaft, Unternehmertum und selbstversorgenden Systemen.<\/li>\n<li>Zusammenarbeit mit technischen und landwirtschaftlichen Partnern, um Wissenstransfer und Qualit\u00e4t zu gew\u00e4hrleisten.<\/li>\n<li>Einsatz starker lokaler Vorbilder und Bildung, um langfristige Verhaltens\u00e4nderungen zu erreichen.<\/li>\n<\/ul><\/div>\n\t\t\t\t\t\t\t\t<\/div>\n\t\t\t\t\t\t<\/div>\n\t\t\t\t\t\t\t\t\t<\/div>\n\t\t\t<\/div>\n\t\t\t<\/div>\n<\/div>\n\n\n\n<div class=\"tb-quoteparallax tb-block align-center background-dark pattern-none variant-text_on_image\" id=\"quoteparallax\" style=\"background-image: url('https:\/\/bff.travelblox.eu\/wp-content\/uploads\/sites\/99\/2025\/12\/470778119_604454901980034_2966187415949805502_n.jpg');\">\n\t\t<div class=\"inner-block tb-fade-in tb-fade-in--subtle\">\n\t\t\t\t\t<div class=\"text-part\">\n\t\t\t\t<h2>\u201eEchte Ver\u00e4nderung geschieht, wenn Menschen die Werkzeuge bekommen, um selbst ihre Zukunft aufzubauen.\u201c<\/h2>\n\t\t\t\t\t\t<div class=\"translation-block\"><p><strong>Annerie Mar\u00e9<\/strong> &#8211; Gr\u00fcnderin des Sustainability Development Trust<\/p><\/div>\n\t\t\t\t\t\t\t\t<\/div>\n\t\t\t\t\t<\/div>\n<\/div>\n\n\n\n<div class=\"tb-textimage1 tb-block align-center background-dark pattern-default variant-none tb-collapsible-margins\" id=\"textimage1-1\">\n\t<div class=\"inner-block tb-fade-in tb-fade-in--subtle\">\n\n\t\t\n\t\t<div class=\"text-part\">\n\t\t\t<h2>Wie deine Spende hilft<\/h2>\n\t\t\t\t\t<div class=\"translation-block\"><p>Deine Spende erm\u00f6glicht nachhaltige Ver\u00e4nderungen. Sie hilft beim Aufbau von Wasserinfrastruktur, beim Starten von Lebensmittelprojekten und bei der Ausbildung von Jugendlichen und Landwirten, die ihre Gemeinschaft weiterbringen. Indem du in Wissen, Systeme und lokale Kapazit\u00e4ten investierst, tr\u00e4gst du mit deiner Unterst\u00fctzung zu dauerhafter Ern\u00e4hrungssicherheit, Zugang zu sauberem Wasser und wirtschaftlicher Unabh\u00e4ngigkeit bei \u2013 heute und f\u00fcr kommende Generationen.<\/p><\/div>\n\t\t\t<\/div>\n\t<\/div>\n\t<div class=\"inner-block\">\n\t\t\t\t\t\t\t\t<\/div>\n\t<div class=\"inner-block tb-fade-in tb-fade-in--subtle\">\n\t\t<div class=\"text-part\">\n\t\t\t\t\t<div class=\"translation-block\"><\/div>\n\t\t\t\t<div class=\"tb-buttons-part\">\n\t\t\t\t\t\t\t\t\t\t\t<\/div>\n\t\t<\/div>\n\t<\/div>\n<\/div>\n\n\n<div class=\"tb-numbers tb-block align-center background-light pattern-custom variant-none tb-collapsible-margins\" id=\"donate-now\" style=\"background-image: url(http:\/\/wa.travelblox.eu\/wp-content\/uploads\/sites\/75\/2024\/01\/Blank-white.png)\">\n\t\t\t<div class=\"inner-block tb-fade-in tb-fade-in--subtle\">\n\t\t\t<div class=\"text-part\">\n\t\t\t\t<h2 class=\"title\">Gemeinsames Handeln summiert sich.<\/h2>\n\t\t\t\t\t\t<div class=\"translation-block\"><p>Wenn du an die Butterfly Foundation spendest, investierst du in eine Zukunft, in der verantwortungsvolles Reisen die Norm ist. Deine Spende l\u00e4sst unser Netzwerk wachsen und schafft noch mehr Einfluss weltweit. W\u00e4hle selbst, wie viel du \u00fcber die untenstehenden Links gibst, oder leiste einen freien Beitrag.<\/p><\/div>\n\t\t\t\t<\/div>\n\t\t<\/div>\n\t\t<div class=\"inner-block\">\n\t\t<div class=\"tb-transparent tb-grid-container\">\n\t\t\t<div class=\"tb-cards\">\n\t\t\t\t\t\t\t\t\t<div class=\"tb-card\">\n\t\t\t\t\t\t<div class=\"tb-card-content\">\n\t\t\t\t\t\t\t\t\t\t\t<i class=\"icon fa-solid fa-euro-sign\" aria-hidden=\"true\"><\/i>\n\t\t\t\t\t\t\t\t\t\t\t\t\t\t\t\t\t\t<div class=\"number\" data-target=\"20\">20<\/div>\n\t\t\t\t\t\t\t\t\t\t\t\t\t\t<div class=\"content\">\n\t\t\t\t\t\t\t\t\t\t<div class=\"translation-block\"><p><a href=\"https:\/\/paymentlink.mollie.com\/payment\/rmLoPTyH6A59eWYHOF39N\/\" target=\"_blank\">Spende jetzt \u20ac20<\/a><\/p><p>&nbsp;<\/p><\/div>\n\t\t\t\t\t\t\t\t<\/div>\n\t\t\t\t\t\t<\/div>\n\t\t\t\t\t<\/div>\n\t\t\t\t\t\t\t\t\t<div class=\"tb-card\">\n\t\t\t\t\t\t<div class=\"tb-card-content\">\n\t\t\t\t\t\t\t\t\t\t\t<i class=\"icon fa-solid fa-euro-sign\" aria-hidden=\"true\"><\/i>\n\t\t\t\t\t\t\t\t\t\t\t\t\t\t\t\t\t\t<div class=\"number\" data-target=\"50\">50<\/div>\n\t\t\t\t\t\t\t\t\t\t\t\t\t\t<div class=\"content\">\n\t\t\t\t\t\t\t\t\t\t<div class=\"translation-block\"><p><a href=\"https:\/\/paymentlink.mollie.com\/payment\/HiLnwrCGSwS63wdFledb2\/\" target=\"_blank\">Spende jetzt \u20ac50<\/a><\/p><\/div>\n\t\t\t\t\t\t\t\t<\/div>\n\t\t\t\t\t\t<\/div>\n\t\t\t\t\t<\/div>\n\t\t\t\t\t\t\t\t\t<div class=\"tb-card\">\n\t\t\t\t\t\t<div class=\"tb-card-content\">\n\t\t\t\t\t\t\t\t\t\t\t<i class=\"icon fa-solid fa-euro-sign\" aria-hidden=\"true\"><\/i>\n\t\t\t\t\t\t\t\t\t\t\t\t\t\t\t\t\t\t<div class=\"number\" data-target=\"100\">100<\/div>\n\t\t\t\t\t\t\t\t\t\t\t\t\t\t<div class=\"content\">\n\t\t\t\t\t\t\t\t\t\t<div class=\"translation-block\"><p><a href=\"https:\/\/paymentlink.mollie.com\/payment\/UIqxPYHukfewcRctE5DTf\/\" target=\"_blank\">Spende jetzt \u20ac100<\/a><\/p><\/div>\n\t\t\t\t\t\t\t\t<\/div>\n\t\t\t\t\t\t<\/div>\n\t\t\t\t\t<\/div>\n\t\t\t\t\t\t\t\t\t<div class=\"tb-card\">\n\t\t\t\t\t\t<div class=\"tb-card-content\">\n\t\t\t\t\t\t\t\t\t\t\t<i class=\"icon fa-solid fa-euro-sign\" aria-hidden=\"true\"><\/i>\n\t\t\t\t\t\t\t\t\t\t\t\t\t\t\t\t\t\t<div class=\"number\" data-target=\"000\">000<\/div>\n\t\t\t\t\t\t\t\t\t\t\t\t\t\t<div class=\"content\">\n\t\t\t\t\t\t\t\t\t\t<div class=\"translation-block\"><p><a href=\"https:\/\/payment-links.mollie.com\/payment\/x92PREFRAGPDCVQvxY4sp\" target=\"_blank\" rel=\"noopener\">Mach einen freiwilligen Beitrag<\/a><\/p>\n<p>&nbsp;<\/p><\/div>\n\t\t\t\t\t\t\t\t<\/div>\n\t\t\t\t\t\t<\/div>\n\t\t\t\t\t<\/div>\n\t\t\t\t\t\t\t<\/div>\n\t\t<\/div>\n\t<\/div>\n\t\t\t<div class=\"inner-block tb-fade-in tb-fade-in--subtle\">\n\t\t\t<div class=\"text-part\">\n\t\t\t\t\t\t<div class=\"translation-block\"><\/div>\n\t\t\t\t\t<div class=\"tb-buttons-part\">\n\t\t\t\t\t\t\t<a href=\"https:\/\/bff.travelblox.eu\/de\/action\/#bff\"  target=\"\" class=\"tb-button\">\n\t\t\tZahle monatlich oder j\u00e4hrlich.\t\t<\/a>\n\t\t\t\t\t\t<\/div>\n\t\t\t<\/div>\n\t\t<\/div>\n\t<\/div>","protected":false},"excerpt":{"rendered":"","protected":false},"author":48,"featured_media":2400,"parent":1507,"menu_order":0,"comment_status":"closed","ping_status":"closed","template":"","meta":{"_acf_changed":false,"inline_featured_image":false,"footnotes":""},"class_list":["post-2398","page","type-page","status-publish","has-post-thumbnail","hentry"],"acf":{"page_package_ids":"","is_main_package_page":false,"additional_linked_packages":[],"feed_page_to_atlas":true},"_links":{"self":[{"href":"https:\/\/bff.travelblox.eu\/de\/wp-json\/wp\/v2\/pages\/2398","targetHints":{"allow":["GET"]}}],"collection":[{"href":"https:\/\/bff.travelblox.eu\/de\/wp-json\/wp\/v2\/pages"}],"about":[{"href":"https:\/\/bff.travelblox.eu\/de\/wp-json\/wp\/v2\/types\/page"}],"author":[{"embeddable":true,"href":"https:\/\/bff.travelblox.eu\/de\/wp-json\/wp\/v2\/users\/48"}],"replies":[{"embeddable":true,"href":"https:\/\/bff.travelblox.eu\/de\/wp-json\/wp\/v2\/comments?post=2398"}],"version-history":[{"count":1,"href":"https:\/\/bff.travelblox.eu\/de\/wp-json\/wp\/v2\/pages\/2398\/revisions"}],"predecessor-version":[{"id":2404,"href":"https:\/\/bff.travelblox.eu\/de\/wp-json\/wp\/v2\/pages\/2398\/revisions\/2404"}],"up":[{"embeddable":true,"href":"https:\/\/bff.travelblox.eu\/de\/wp-json\/wp\/v2\/pages\/1507"}],"wp:featuredmedia":[{"embeddable":true,"href":"https:\/\/bff.travelblox.eu\/de\/wp-json\/wp\/v2\/media\/2400"}],"wp:attachment":[{"href":"https:\/\/bff.travelblox.eu\/de\/wp-json\/wp\/v2\/media?parent=2398"}],"curies":[{"name":"wp","href":"https:\/\/api.w.org\/{rel}","templated":true}]}}