{"id":2016,"date":"2025-06-24T08:41:12","date_gmt":"2025-06-24T08:41:12","guid":{"rendered":"https:\/\/bff.travelblox.eu\/?page_id=2016"},"modified":"2025-12-02T18:08:06","modified_gmt":"2025-12-02T18:08:06","slug":"lignaverda","status":"publish","type":"page","link":"https:\/\/bff.travelblox.eu\/de\/partners\/lignaverda\/","title":{"rendered":"Lignaverda"},"content":{"rendered":"<div class=\"tb-header tb-block align-center background-dark pattern-none variant-none\" id=\"header\" data-fallback-background=\"https:\/\/bff.travelblox.eu\/wp-content\/uploads\/sites\/99\/2025\/06\/230214_EWF_Namibie_Fields_DD-6686-1024x681-1.jpg\" style=\"background-image: url('https:\/\/bff.travelblox.eu\/wp-content\/uploads\/sites\/99\/2025\/06\/230214_EWF_Namibie_Fields_DD-6686-1024x681-1.jpg'); background-position:;\">\n    <div class=\"tb-header-foreground\">\n        <div class=\"inner-block\">\n\n            <div class=\"main-part\">\n                <div class=\"text-part\">\n                                                                <h1 class=\"tb-title\">Lignaverda<\/h1>\n                                                                <h2 class=\"tb-subtitle\">\t\t<div class=\"translation-block\"><p>Lass uns die W\u00fcsten wieder gr\u00fcn machen<\/p><\/div>\n\t<\/h2>\n                                                                                            <div class=\"tb-properties\">\n                                                                    <div class=\"tb-property\">\n                                                                                    <div class=\"tb-property__icon\">\n                                                \t\t\t\t<i class=\"icon fa-solid fa-calendar-days\" aria-hidden=\"true\"><\/i>\n\t\t\t                                            <\/div>\n                                                                                <div class=\"tb-property__label\">\n                                            2025                                        <\/div>\n                                    <\/div>\n                                    <div class=\"tb-properties__divider\"><\/div>\n                                                                                                    <div class=\"tb-property\">\n                                                                                    <div class=\"tb-property__icon\">\n                                                \t\t\t\t<i class=\"icon fa-solid fa-check\" aria-hidden=\"true\"><\/i>\n\t\t\t                                            <\/div>\n                                                                                <div class=\"tb-property__label\">\n                                            \u20ac4850                                        <\/div>\n                                    <\/div>\n                                    <div class=\"tb-properties__divider\"><\/div>\n                                                                                                    <div class=\"tb-property\">\n                                                                                    <div class=\"tb-property__icon\">\n                                                \t\t\t\t<i class=\"icon fa-solid fa-leaf\" aria-hidden=\"true\"><\/i>\n\t\t\t                                            <\/div>\n                                                                                <div class=\"tb-property__label\">\n                                            Planet                                        <\/div>\n                                    <\/div>\n                                                            <\/div>\n                                                                                        <div class=\"tb-buttons-part\">\n                                                            \t\t<a href=\"#travelbos\"  target=\"\" class=\"tb-button\">\n\t\t\tBesuche 'Travelbos'\t\t<\/a>\n\t\t                                                                                        \t\t<a href=\"#donate-now\"  target=\"\" class=\"tb-buttonlink\">\n\t\t\tJetzt spenden\t\t<\/a>\n\t\t                                                    <\/div>\n                                                        <\/div>\n            <\/div>\n            \t\t<a href=\"#\" class=\"scroll-down-button\">\n\t\t\t<i class=\"fa fa-arrow-down\"><\/i>\n\t\t<\/a>\n\t\n                    <\/div>\n    <\/div>\n\n    \n    \n<\/div>\n\n\n<div class=\"align-center tb-logos tb-block align-none background-light pattern-none variant-partners tb-collapsible-margins\" id=\"logos\">\n\t<div class=\"\">\n\t\t<div class=\"inner-block tb-fade-in tb-fade-in--subtle\">\n\t\t\t\t\t\t\t<h5 class=\"title\">Unterst\u00fctzt von<\/h5>\n\t\t\t\t\t<\/div>\n\t\t\t\t\t\n\t\t\t\t<div class=\"tb-logos__logos tb-logos__logos--carousel\">\n\t\t\t\t\t\t\t\t\t\t\t\t\t<div class=\"inner-block-full-width has-tb-carousel\" >\n\t\t\t<div class=\"tb-carousel-container\">\n\t\t\t\t<div class=\"entries tb-cards\" data-slider-first=\"1\">\n\t\t\t\t\t\t\t\t\t\t\t\t\t\t\t\t\t\t\t\t<div class=\"entry\">\n\t\t\t\t\t\t\t\t<a class=\"tb-logo tb-logo--full-color\" href='https:\/\/weadventures.com\/namibie' target='_blank' title='WeAdventures' >\n\t\t<img src='https:\/\/bff.travelblox.eu\/wp-content\/uploads\/sites\/99\/2025\/02\/WA-brown-1024x1024.png' width='1024' height='1024' alt='' loading='lazy'>\n\t<\/a>\n\t\t\t\t\t\t<\/div>\n\t\t\t\t\t\t\t\t\t\t\t<div class=\"entry\">\n\t\t\t\t\t\t\t\t<a class=\"tb-logo tb-logo--full-color\" href='https:\/\/namibianomads.com' target='_blank' title='Namibia Nomads' >\n\t\t<img src='https:\/\/bff.travelblox.eu\/wp-content\/uploads\/sites\/99\/2025\/03\/round-orange.svg' width='1024' height='1024' alt='' loading='lazy'>\n\t<\/a>\n\t\t\t\t\t\t<\/div>\n\t\t\t\t\t\t\t\t\t\t\t<div class=\"entry\">\n\t\t\t\t\t\t\t\t<a class=\"tb-logo tb-logo--full-color\" href='https:\/\/travelbase.eu' target='_blank' title='Travelbase' >\n\t\t<img src='https:\/\/bff.travelblox.eu\/wp-content\/uploads\/sites\/99\/2024\/06\/tb-logo.png' width='500' height='180' alt='' loading='lazy'>\n\t<\/a>\n\t\t\t\t\t\t<\/div>\n\t\t\t\t\t\t\t\t\t\t\t\t\t\t\t\t\t\t\t\t<\/div>\n\t\t\t\t\t\t<div class=\"tb-carousel-nav\">\n\t\t\t<div class=\"dots\">\n\t\t\t\t<div class=\"dot active\"><\/div>\n\t\t\t\t<div class=\"dot\"><\/div>\n\t\t\t\t<div class=\"dot\"><\/div>\n\t\t\t<\/div>\n\t\t\t<div class=\"arrows\">\n\t\t\t\t<div class=\"prev disabled\">\n\t\t\t\t\t<span><i class=\"fa fa-chevron-left\"><\/i><\/span>\n\t\t\t\t<\/div>\n\t\t\t\t<div class=\"next\">\n\t\t\t\t\t<span><i class=\"fa fa-chevron-right\"><\/i><\/span>\n\t\t\t\t<\/div>\n\t\t\t<\/div>\n\t\t<\/div>\n\t\t\t\t<\/div>\n\t\t<\/div>\n\t\t\t\t\t\t\t\t\t\t<\/div>\n\t\t\t\t\t\t\t<\/div>\n<\/div>\n\n\n<div class=\"tb-numbers tb-block align-center background-light pattern-none variant-none tb-collapsible-margins\" id=\"numbers\">\n\t\t\t<div class=\"inner-block tb-fade-in tb-fade-in--subtle\">\n\t\t\t<div class=\"text-part\">\n\t\t\t\t<h2 class=\"title\">Aktuelle Investitionen<\/h2>\n\t\t\t\t\t\t<div class=\"translation-block\"><\/div>\n\t\t\t\t<\/div>\n\t\t<\/div>\n\t\t<div class=\"inner-block\">\n\t\t<div class=\"tb-transparent tb-grid-container\">\n\t\t\t<div class=\"tb-cards\">\n\t\t\t\t\t\t\t\t\t<div class=\"tb-card\">\n\t\t\t\t\t\t<div class=\"tb-card-content\">\n\t\t\t\t\t\t\t\t\t\t\t<i class=\"icon fa-solid fa-map\" aria-hidden=\"true\"><\/i>\n\t\t\t\t\t\t\t\t\t\t\t\t\t\t\t\t\t\t<div class=\"number\" data-target=\"4\">4<\/div>\n\t\t\t\t\t\t\t\t\t\t\t\t\t\t<div class=\"content\">\n\t\t\t\t\t\t\t\t\t\t<div class=\"translation-block\"><p>Hektar Wald<\/p><\/div>\n\t\t\t\t\t\t\t\t<\/div>\n\t\t\t\t\t\t<\/div>\n\t\t\t\t\t<\/div>\n\t\t\t\t\t\t\t\t\t<div class=\"tb-card\">\n\t\t\t\t\t\t<div class=\"tb-card-content\">\n\t\t\t\t\t\t\t\t\t\t\t<i class=\"icon fa-solid fa-tree\" aria-hidden=\"true\"><\/i>\n\t\t\t\t\t\t\t\t\t\t\t\t\t\t\t\t\t\t<div class=\"number\" data-target=\"1200\">1200<\/div>\n\t\t\t\t\t\t\t\t\t\t\t\t\t\t<div class=\"content\">\n\t\t\t\t\t\t\t\t\t\t<div class=\"translation-block\"><p>B\u00e4ume gepflanzt<\/p><\/div>\n\t\t\t\t\t\t\t\t<\/div>\n\t\t\t\t\t\t<\/div>\n\t\t\t\t\t<\/div>\n\t\t\t\t\t\t\t<\/div>\n\t\t<\/div>\n\t<\/div>\n\t<\/div>\n\n<div class=\"tb-magazine tb-block align-none background-light pattern-none variant-none tb-collapsible-margins\" id=\"magazine\">\n\t<div class=\"inner-block tb-image-orientation-landscape tb-fade-in tb-fade-in--subtle\">\n\t\t<div class=\"inner-inner-block tb-image-alignment--center\">\n\t\t\t<div class=\"tb-magazine-image\">\n\t\t\t\t<img src='https:\/\/bff.travelblox.eu\/wp-content\/uploads\/sites\/99\/2025\/06\/Charity-water-logo-2-e1750753632326.png' width='334' height='93' loading='lazy'>\t\t\t<\/div>\n\t\t\t<div class=\"text-part\">\n\t\t\t\t<h2>Gemeinsam gegen Landdegradation<\/h2>\n\t\t\t\t\t\t<div class=\"translation-block\"><p>Lignaverda ist eine belgische Organisation, die gegen Landdegradation und W\u00fcstenbildung in Afrika k\u00e4mpft. Durch <strong>Wiederaufforstung<\/strong>, <strong>soziale Unternehmensgr\u00fcndung<\/strong> und <strong>lokale Zusammenarbeit<\/strong> arbeiten sie an resilienten \u00d6kosystemen und starken Gemeinschaften. Ihr Ansatz ist wissenschaftlich fundiert und zielt auf nachhaltige Auswirkungen f\u00fcr Mensch und Natur ab.<\/p><\/div>\n\t\t\t\t\t<div class=\"tb-buttons-part\">\n\t\t\t\t\t\t\t<a href=\"https:\/\/lignaverda.org\/\"  target=\"_blank\" class=\"tb-button\">\n\t\t\tBesuche die Website\t\t<\/a>\n\t\t\t\t\t\t\t\t\t<a href=\"https:\/\/donate.kbs-frb.be\/FVV_Ondernemerszondergrenzen\/~my-donation?context_form_id=form_4fb3fe51750c101820f84884aedfc2abf99da3eb_642fbb9c84c090.90342805\"  target=\"_blank\" class=\"tb-buttonlink\">\n\t\t\tJetzt spenden\t\t<\/a>\n\t\t\t\t\t\t<\/div>\n\t\t\t<\/div>\n\t\t<\/div>\n\t<\/div>\n<\/div>\n\n\n\n<div class=\"tb-map tb-block align-center background-light pattern-none variant-none tb-collapsible-margins\" id=\"travelbos\">\n\t<div class=\"inner-block tb-fade-in tb-fade-in--subtle\">\n\t\t<div class=\"text-part\">\n\t\t\t<h1>4 Hektar Wald in Namibia<\/h1>\n\t\t\t\t\t\t\t\t\t<div class=\"translation-block\"><p>Klicke auf die Stecknadel auf der Karte f\u00fcr mehr Infos \u00fcber unser Travelbos.<\/p><\/div>\n\t\t\t\t\t\t<\/div>\n\t\t\t<\/div>\n\t\t\t\t\t\t<div class=\"tb-fade-in tb-fade-in--subtle\">\n\t\t\t\t<div class=\"mapbox-container mapbox-container--contained\" id=\"mapbox-container\" data-map-style=\"mapbox:\/\/styles\/routedusoleil\/clxbkte5z00r201qs94g2ark6\" data-map-zoom=\"13.5\" data-map-center-lat=\"-17.87798\" data-map-center-lng=\"19.45562\" data-allow-clustering=\"\" data-plugin-directory=\"https:\/\/bff.travelblox.eu\/wp-content\/plugins\/tbx-plugin\" data-pin-color=\"#CF4D27\" data-cluster-color=\"#CF4D27\" data-cluster-text-color=\"#fbf3f2\">\n\t\t\t\t\t\t\t\t\t\t\t\t\t\t\t\t\t<div class=\"mapbox-pin-data\" data-pins=\"[{&quot;pin_title&quot;:&quot;4ha Travelbos&quot;,&quot;pin_category&quot;:&quot;&quot;,&quot;pin_button&quot;:{&quot;title&quot;:&quot;Bezoek Travelbos&quot;,&quot;url&quot;:&quot;https:\\\/\\\/explorer.land\\\/p\\\/project\\\/forests_in_namibia\\\/site\\\/orPNwq\\\/news&quot;,&quot;target&quot;:&quot;_blank&quot;},&quot;pin_meta&quot;:[{&quot;type&quot;:&quot;links&quot;,&quot;icon&quot;:&quot;{\\&quot;style\\&quot;: \\&quot;solid\\&quot;, \\&quot;id\\&quot;: \\&quot;tree\\&quot;}&quot;,&quot;pin_meta_key&quot;:&quot;Partner&quot;,&quot;pin_meta_value&quot;:&quot;&quot;,&quot;links&quot;:[{&quot;link&quot;:{&quot;title&quot;:&quot;Lignaverda&quot;,&quot;url&quot;:&quot;https:\\\/\\\/lignaverda.org\\\/&quot;,&quot;target&quot;:&quot;_blank&quot;},&quot;rowid&quot;:&quot;685a7c711a2c5&quot;}],&quot;rowid&quot;:&quot;685a7c711a2de&quot;}],&quot;pin_gallery&quot;:[&quot;https:\\\/\\\/bff.travelblox.eu\\\/wp-content\\\/uploads\\\/sites\\\/99\\\/2025\\\/06\\\/5EE119EB-AFA0-4B59-8DC5-D96142D6FA51-1024x575-1.jpeg&quot;],&quot;pin_lat&quot;:&quot;-17.87798&quot;,&quot;pin_lng&quot;:&quot;19.45562&quot;,&quot;rowid&quot;:&quot;685a7c711a32f&quot;}]\"><\/div>\n\t\t\t\t\t\t\t\t\t<\/div>\n\t\t\t<\/div>\n\t\t\t\t\t\t\t<div class=\"inner-block tb-fade-in tb-fade-in--subtle\">\n\t\t\t<div class=\"text-part\">\n\t\t\t\t<div class=\"tb-buttons-part\">\n\t\t\t\t\t\t\t\t\t\t\t\t\t<a href=\"https:\/\/explorer.land\/p\/project\/forests_in_namibia\/site\/orPNwq\/news\"  target=\"_blank\" class=\"tb-button\">\n\t\t\tBesuche 'Travelbos'\t\t<\/a>\n\t\t\t\t\t\t\t\t\t\t\t\t\t\t\t\t<\/div>\n\t\t\t<\/div>\n\t\t<\/div>\n\t<\/div>\n\n\n<div class=\"tb-textimage2 tb-block align-left background-light pattern-none variant-text_first tb-collapsible-margins\" id=\"textimage2\">\n\t<div class=\"inner-block tb-fade-in\">\n\n\t\t\n\t\t<div class=\"tb-columns\">\n\t\t\t<div class=\"tb-column\">\n\t\t\t\t<div class=\"tb-text-part\">\n\t\t\t\t\t<h2>Warum<\/h2>\n\t\t\t\t\t\t\t<div class=\"translation-block\"><p>Lignaverda wurde 2009 (urspr\u00fcnglich als Unternehmer Ohne Grenzen) aus der Notwendigkeit gegr\u00fcndet, <strong>W\u00fcstenbildung<\/strong> in <strong>Afrika zu bek\u00e4mpfen<\/strong>. Der Klimawandel, \u00dcberweidung und Bodendegradation bedrohen die Lebensf\u00e4higkeit gro\u00dfer Gebiete. Die Organisation m\u00f6chte dies umkehren, indem sie B\u00e4ume pflanzt, B\u00f6den wiederherstellt und Gemeinschaften widerstandsf\u00e4hig macht.<\/p><\/div>\n\t\t\t\t\t\t\t\t\t\t\t<div class=\"tb-buttons-part\">\n\t\t\t\t\t\t\t\t\t\t\t\t\t\t\t\t\t<\/div>\n\t\t\t\t<\/div>\n\t\t\t<\/div>\n\t\t\t<div class=\"tb-column\">\n\t\t\t\t\t\t\t\t\t\t\t\t\t\t\t<div class=\"tb-video-part\">\n\t\t\t\t\t\t\t<iframe loading=\"lazy\" title=\"Lignaverda - Wiederherstellung degradierter Fl\u00e4chen (Trailer 2024)\" width=\"640\" height=\"360\" src=\"https:\/\/www.youtube.com\/embed\/Tls3o-SMO9I?feature=oembed&#038;preload=false&#038;autoplay=false&#038;muted=false&#038;playsinline=true&#038;controls=true&#038;responsive=true&#038;controlsList=nodownload&#038;oncontextmenu=return false;\" frameborder=\"0\" allow=\"accelerometer; autoplay; clipboard-write; encrypted-media; gyroscope; picture-in-picture; web-share\" referrerpolicy=\"strict-origin-when-cross-origin\" allowfullscreen><\/iframe>\t\t\t\t\t\t<\/div>\n\t\t\t\t\t\t\t\t\t\t\t\t<\/div>\n\t\t<\/div>\n\t<\/div>\n<\/div>\n\n<div class=\"tb-practical tb-block align-none background-light pattern-custom variant-none tb-collapsible-margins\" id=\"practical\" style=\"background-image: url(http:\/\/wa.travelblox.eu\/wp-content\/uploads\/sites\/75\/2024\/01\/Blank.png)\">\n\t<div class=\"inner-block tb-fade-in\">\n\t\t<div class=\"text-part\">\n\t\t\t<h2>Auswirkung<\/h2>\n\t\t\t\t\t<div class=\"translation-block\"><\/div>\n\t\t\t<\/div>\n\t<\/div>\n\t<div class=\"inner-block tb-fade-in\">\n\t\t\t\t\t<div class=\"practical-cols\">\n\t\t\t\t<div class=\"practical-nav-container\">\n\t\t\t\t\t<ul class=\"practical-nav tb-style-block\">\n\t\t\t\t\t\t\t\t\t\t\t\t\t<li><a href=\"#practical-block-0\">Mission &amp; Ziele<\/a><\/li>\n\t\t\t\t\t\t\t\t\t\t\t\t\t<li><a href=\"#practical-block-1\">Aktionen<\/a><\/li>\n\t\t\t\t\t\t\t\t\t\t\t<\/ul>\n\t\t\t\t<\/div>\n\t\t\t\t<div class=\"tb-accordion tb-accordion--animation tb-accordion-mobile-only text-part\">\n\t\t\t\t\t\t\t\t\t\t\t<div class=\"details\" id=\"practical-block-0\">\n\t\t\t\t\t\t\t<div class=\"summary\">\n\t\t\t\t\t\t\t\t\t\t\t\t<i class=\"icon fa-solid fa-location-crosshairs tb-style-block\" aria-hidden=\"true\"><\/i>\n\t\t\t Mission &amp; Ziele\t\t\t\t\t\t\t<\/div>\n\t\t\t\t\t\t\t<div class=\"content\">\n\t\t\t\t\t\t\t\t\t\t<div class=\"translation-block\"><ul data-start=\"976\" data-end=\"1314\">\n<li>\n<p>Wiederherstellung von gesch\u00e4digten B\u00f6den durch gro\u00dffl\u00e4chige <strong>Wiederaufforstung<\/strong><\/p>\n<\/li>\n<li>\n<p>St\u00e4rkung der <strong>Klimaanpassungsf\u00e4higkeit<\/strong> in verletzlichen Regionen<\/p>\n<\/li>\n<li>\n<p>Schaffung von Arbeitspl\u00e4tzen und <strong>nachhaltigen lokalen Wirtschaften<\/strong><\/p>\n<\/li>\n<li>\n<p>Aktive Beitrag zu den Zielen f\u00fcr nachhaltige Entwicklung (SDGs), mit Fokus auf Biodiversit\u00e4t, Armutsbek\u00e4mpfung und Klimaschutz<\/p>\n<\/li>\n<\/ul><\/div>\n\t\t\t\t\t\t\t\t<\/div>\n\t\t\t\t\t\t<\/div>\n\t\t\t\t\t\t\t\t\t\t\t<div class=\"details\" id=\"practical-block-1\">\n\t\t\t\t\t\t\t<div class=\"summary\">\n\t\t\t\t\t\t\t\t\t\t\t\t<i class=\"icon fa-solid fa-hand-back-fist tb-style-block\" aria-hidden=\"true\"><\/i>\n\t\t\t Aktionen\t\t\t\t\t\t\t<\/div>\n\t\t\t\t\t\t\t<div class=\"content\">\n\t\t\t\t\t\t\t\t\t\t<div class=\"translation-block\"><ul>\n<li>\n<p>Im Jahr 2024: <strong>6.500 Hektar<\/strong><strong>Land wiederhergestellt<\/strong> in Senegal und Namibia<\/p>\n<\/li>\n<li>\n<p>\u00dcber <strong>42 Millionen Samen gepflanzt<\/strong> mit Hilfe innovativer Technologien<\/p>\n<\/li>\n<li>\n<p>Lokale Menschen in Waldmanagement, Samensammlung und nachhaltiger Landwirtschaft ausgebildet<\/p>\n<\/li>\n<li>\n<p>Realisierung von tiefen <strong>Brunnen f\u00fcr die Bew\u00e4sserung<\/strong> junger B\u00e4ume<\/p>\n<\/li>\n<li>\n<p>Zusammenarbeit mit Regierungen, Forschungsinstituten (wie VITO) und anderen NGOs<\/p>\n<\/li>\n<\/ul><\/div>\n\t\t\t\t\t\t\t\t<\/div>\n\t\t\t\t\t\t<\/div>\n\t\t\t\t\t\t\t\t\t<\/div>\n\t\t\t<\/div>\n\t\t\t<\/div>\n<\/div>\n\n\n\n<div class=\"tb-quoteparallax tb-block align-center background-dark pattern-none variant-text_on_image\" id=\"quoteparallax\" style=\"background-image: url('https:\/\/bff.travelblox.eu\/wp-content\/uploads\/sites\/99\/2025\/06\/WhatsApp-Image-2025-04-09-at-15.13.58-1024x575-1.jpeg');\">\n\t\t<div class=\"inner-block tb-fade-in tb-fade-in--subtle\">\n\t\t\t\t\t<div class=\"text-part\">\n\t\t\t\t<h2>\u201eWenn wir jetzt nichts tun, ist es in 40 Jahren zu sp\u00e4t.\u201c<\/h2>\n\t\t\t\t\t\t<div class=\"translation-block\"><p><strong>Werner Sells<\/strong> &#8211; Gr\u00fcnder &amp; CEO von Lignaverda<\/p><\/div>\n\t\t\t\t\t\t\t\t<\/div>\n\t\t\t\t\t<\/div>\n<\/div>\n\n\n\n<div class=\"tb-textimage1 tb-block align-center background-dark pattern-default variant-none tb-collapsible-margins\" id=\"textimage1-1\">\n\t<div class=\"inner-block tb-fade-in tb-fade-in--subtle\">\n\n\t\t\n\t\t<div class=\"text-part\">\n\t\t\t<h2>Wie deine Spende hilft<\/h2>\n\t\t\t\t\t<div class=\"translation-block\"><p>Deine Spende unterst\u00fctzt die Wiederherstellung degradierter B\u00f6den, das Pflanzen neuer W\u00e4lder und den Aufbau resilienter Gemeinschaften. Indem Lignaverda lokale Bewohner einbezieht und schult, sorgt sie daf\u00fcr, dass jeder gepflanzte Baum Teil eines nachhaltigen \u00d6kosystems wird. Du hilfst nicht nur B\u00e4ume wachsen, sondern auch Hoffnung, Arbeitspl\u00e4tze und Klimagerechtigkeit.<\/p><\/div>\n\t\t\t<\/div>\n\t<\/div>\n\t<div class=\"inner-block\">\n\t\t\t\t\t\t\t\t<\/div>\n\t<div class=\"inner-block tb-fade-in tb-fade-in--subtle\">\n\t\t<div class=\"text-part\">\n\t\t\t\t\t<div class=\"translation-block\"><\/div>\n\t\t\t\t<div class=\"tb-buttons-part\">\n\t\t\t\t\t\t\t\t\t\t\t<\/div>\n\t\t<\/div>\n\t<\/div>\n<\/div>\n\n\n<div class=\"tb-numbers tb-block align-center background-light pattern-custom variant-none tb-collapsible-margins\" id=\"donate-now\" style=\"background-image: url(http:\/\/wa.travelblox.eu\/wp-content\/uploads\/sites\/75\/2024\/01\/Blank-white.png)\">\n\t\t\t<div class=\"inner-block tb-fade-in tb-fade-in--subtle\">\n\t\t\t<div class=\"text-part\">\n\t\t\t\t<h2 class=\"title\">Gemeinsames Handeln summiert sich.<\/h2>\n\t\t\t\t\t\t<div class=\"translation-block\"><p>Wenn du an die Butterfly Foundation spendest, investierst du in eine Zukunft, in der verantwortungsvolles Reisen die Norm ist. Deine Spende l\u00e4sst unser Netzwerk wachsen und schafft noch mehr Einfluss weltweit. W\u00e4hle selbst, wie viel du \u00fcber die untenstehenden Links gibst, oder leiste einen freien Beitrag.<\/p><\/div>\n\t\t\t\t<\/div>\n\t\t<\/div>\n\t\t<div class=\"inner-block\">\n\t\t<div class=\"tb-transparent tb-grid-container\">\n\t\t\t<div class=\"tb-cards\">\n\t\t\t\t\t\t\t\t\t<div class=\"tb-card\">\n\t\t\t\t\t\t<div class=\"tb-card-content\">\n\t\t\t\t\t\t\t\t\t\t\t<i class=\"icon fa-solid fa-euro-sign\" aria-hidden=\"true\"><\/i>\n\t\t\t\t\t\t\t\t\t\t\t\t\t\t\t\t\t\t<div class=\"number\" data-target=\"20\">20<\/div>\n\t\t\t\t\t\t\t\t\t\t\t\t\t\t<div class=\"content\">\n\t\t\t\t\t\t\t\t\t\t<div class=\"translation-block\"><p><a href=\"https:\/\/paymentlink.mollie.com\/payment\/rmLoPTyH6A59eWYHOF39N\/\" target=\"_blank\">Spende jetzt \u20ac20<\/a><\/p><p>&nbsp;<\/p><\/div>\n\t\t\t\t\t\t\t\t<\/div>\n\t\t\t\t\t\t<\/div>\n\t\t\t\t\t<\/div>\n\t\t\t\t\t\t\t\t\t<div class=\"tb-card\">\n\t\t\t\t\t\t<div class=\"tb-card-content\">\n\t\t\t\t\t\t\t\t\t\t\t<i class=\"icon fa-solid fa-euro-sign\" aria-hidden=\"true\"><\/i>\n\t\t\t\t\t\t\t\t\t\t\t\t\t\t\t\t\t\t<div class=\"number\" data-target=\"50\">50<\/div>\n\t\t\t\t\t\t\t\t\t\t\t\t\t\t<div class=\"content\">\n\t\t\t\t\t\t\t\t\t\t<div class=\"translation-block\"><p><a href=\"https:\/\/paymentlink.mollie.com\/payment\/HiLnwrCGSwS63wdFledb2\/\" target=\"_blank\">Spende jetzt \u20ac50<\/a><\/p><\/div>\n\t\t\t\t\t\t\t\t<\/div>\n\t\t\t\t\t\t<\/div>\n\t\t\t\t\t<\/div>\n\t\t\t\t\t\t\t\t\t<div class=\"tb-card\">\n\t\t\t\t\t\t<div class=\"tb-card-content\">\n\t\t\t\t\t\t\t\t\t\t\t<i class=\"icon fa-solid fa-euro-sign\" aria-hidden=\"true\"><\/i>\n\t\t\t\t\t\t\t\t\t\t\t\t\t\t\t\t\t\t<div class=\"number\" data-target=\"100\">100<\/div>\n\t\t\t\t\t\t\t\t\t\t\t\t\t\t<div class=\"content\">\n\t\t\t\t\t\t\t\t\t\t<div class=\"translation-block\"><p><a href=\"https:\/\/paymentlink.mollie.com\/payment\/UIqxPYHukfewcRctE5DTf\/\" target=\"_blank\">Spende jetzt \u20ac100<\/a><\/p><\/div>\n\t\t\t\t\t\t\t\t<\/div>\n\t\t\t\t\t\t<\/div>\n\t\t\t\t\t<\/div>\n\t\t\t\t\t\t\t\t\t<div class=\"tb-card\">\n\t\t\t\t\t\t<div class=\"tb-card-content\">\n\t\t\t\t\t\t\t\t\t\t\t<i class=\"icon fa-solid fa-euro-sign\" aria-hidden=\"true\"><\/i>\n\t\t\t\t\t\t\t\t\t\t\t\t\t\t\t\t\t\t<div class=\"number\" data-target=\"000\">000<\/div>\n\t\t\t\t\t\t\t\t\t\t\t\t\t\t<div class=\"content\">\n\t\t\t\t\t\t\t\t\t\t<div class=\"translation-block\"><p><a href=\"https:\/\/payment-links.mollie.com\/payment\/x92PREFRAGPDCVQvxY4sp\" target=\"_blank\" rel=\"noopener\">Mach einen freiwilligen Beitrag<\/a><\/p>\n<p>&nbsp;<\/p><\/div>\n\t\t\t\t\t\t\t\t<\/div>\n\t\t\t\t\t\t<\/div>\n\t\t\t\t\t<\/div>\n\t\t\t\t\t\t\t<\/div>\n\t\t<\/div>\n\t<\/div>\n\t\t\t<div class=\"inner-block tb-fade-in tb-fade-in--subtle\">\n\t\t\t<div class=\"text-part\">\n\t\t\t\t\t\t<div class=\"translation-block\"><\/div>\n\t\t\t\t\t<div class=\"tb-buttons-part\">\n\t\t\t\t\t\t\t<a href=\"https:\/\/bff.travelblox.eu\/de\/action\/#bff\"  target=\"\" class=\"tb-button\">\n\t\t\tZahle monatlich oder j\u00e4hrlich.\t\t<\/a>\n\t\t\t\t\t\t<\/div>\n\t\t\t<\/div>\n\t\t<\/div>\n\t<\/div>","protected":false},"excerpt":{"rendered":"","protected":false},"author":48,"featured_media":2028,"parent":1507,"menu_order":0,"comment_status":"closed","ping_status":"closed","template":"","meta":{"_acf_changed":false,"inline_featured_image":false,"footnotes":""},"class_list":["post-2016","page","type-page","status-publish","has-post-thumbnail","hentry"],"acf":{"page_package_ids":"","is_main_package_page":false,"additional_linked_packages":[],"feed_page_to_atlas":true},"_links":{"self":[{"href":"https:\/\/bff.travelblox.eu\/de\/wp-json\/wp\/v2\/pages\/2016","targetHints":{"allow":["GET"]}}],"collection":[{"href":"https:\/\/bff.travelblox.eu\/de\/wp-json\/wp\/v2\/pages"}],"about":[{"href":"https:\/\/bff.travelblox.eu\/de\/wp-json\/wp\/v2\/types\/page"}],"author":[{"embeddable":true,"href":"https:\/\/bff.travelblox.eu\/de\/wp-json\/wp\/v2\/users\/48"}],"replies":[{"embeddable":true,"href":"https:\/\/bff.travelblox.eu\/de\/wp-json\/wp\/v2\/comments?post=2016"}],"version-history":[{"count":19,"href":"https:\/\/bff.travelblox.eu\/de\/wp-json\/wp\/v2\/pages\/2016\/revisions"}],"predecessor-version":[{"id":2363,"href":"https:\/\/bff.travelblox.eu\/de\/wp-json\/wp\/v2\/pages\/2016\/revisions\/2363"}],"up":[{"embeddable":true,"href":"https:\/\/bff.travelblox.eu\/de\/wp-json\/wp\/v2\/pages\/1507"}],"wp:featuredmedia":[{"embeddable":true,"href":"https:\/\/bff.travelblox.eu\/de\/wp-json\/wp\/v2\/media\/2028"}],"wp:attachment":[{"href":"https:\/\/bff.travelblox.eu\/de\/wp-json\/wp\/v2\/media?parent=2016"}],"curies":[{"name":"wp","href":"https:\/\/api.w.org\/{rel}","templated":true}]}}